{"id":5966,"date":"2026-04-01T12:23:22","date_gmt":"2026-04-01T12:23:22","guid":{"rendered":"https:\/\/educaredigital.online\/loja\/produto\/livro-de-abas-vamos-para-o-parque\/"},"modified":"2026-04-01T14:03:20","modified_gmt":"2026-04-01T14:03:20","slug":"livro-de-abas-vamos-para-o-parque","status":"publish","type":"product","link":"https:\/\/educaredigital.online\/loja\/produto\/livro-de-abas-vamos-para-o-parque\/","title":{"rendered":"Livro de Abas &#8211; Vamos Para o Parque"},"content":{"rendered":"<p data-start=\"0\" data-end=\"266\"><strong><span class=\"hover:entity-accent entity-underline inline cursor-pointer align-baseline\"><span class=\"whitespace-normal\">Livro de Abas &#8211; Vamos Para o Parque<\/span><\/span><\/strong> \u00e9 uma leitura divertida e envolvente que convida as crian\u00e7as a explorarem um passeio cheio de descobertas. Com abas para levantar, os pequenos participam ativamente da hist\u00f3ria, encontrando surpresas escondidas em cada p\u00e1gina.<\/p>\n<p data-start=\"268\" data-end=\"540\" data-is-last-node=\"\" data-is-only-node=\"\">Com linguagem simples e ilustra\u00e7\u00f5es coloridas, o livro estimula a curiosidade, a coordena\u00e7\u00e3o motora e a percep\u00e7\u00e3o visual. Ideal para os primeiros anos, \u00e9 uma excelente op\u00e7\u00e3o para aprender brincando e transformar a leitura em uma experi\u00eancia interativa e cheia de divers\u00e3o.<\/p>\n<div class=\"details-table-wrapper\">\n<table class=\"product-details-table\">\n<tbody>\n<tr>\n<td>Autor<\/td>\n<td>P\u00e9 da Letra<\/td>\n<\/tr>\n<tr>\n<td>ISBN<\/td>\n<td>9786558886631<\/td>\n<\/tr>\n<tr>\n<td>Editora<\/td>\n<td>P\u00e9 da Letra<\/td>\n<\/tr>\n<tr>\n<td>N\u00ba de p\u00e1ginas<\/td>\n<td>18<\/td>\n<\/tr>\n<\/tbody>\n<\/table>\n<\/div>\n","protected":false},"excerpt":{"rendered":"<p>Livro de Abas &#8211; Vamos Para o Parque \u00e9 uma leitura divertida e envolvente que convida as crian\u00e7as a explorarem um passeio cheio de descobertas. Com abas para levantar, os pequenos participam ativamente da hist\u00f3ria, encontrando surpresas escondidas em cada<\/p>\n","protected":false},"featured_media":5965,"comment_status":"open","ping_status":"closed","template":"","meta":[],"product_brand":[],"product_cat":[200],"product_tag":[],"class_list":{"0":"post-5966","1":"product","2":"type-product","3":"status-publish","6":"product_cat-0-a-3-anos","8":"first","9":"instock","10":"shipping-taxable","11":"purchasable","12":"product-type-simple"},"_links":{"self":[{"href":"https:\/\/educaredigital.online\/loja\/wp-json\/wp\/v2\/product\/5966","targetHints":{"allow":["GET"]}}],"collection":[{"href":"https:\/\/educaredigital.online\/loja\/wp-json\/wp\/v2\/product"}],"about":[{"href":"https:\/\/educaredigital.online\/loja\/wp-json\/wp\/v2\/types\/product"}],"replies":[{"embeddable":true,"href":"https:\/\/educaredigital.online\/loja\/wp-json\/wp\/v2\/comments?post=5966"}],"wp:featuredmedia":[{"embeddable":true,"href":"https:\/\/educaredigital.online\/loja\/wp-json\/wp\/v2\/media\/5965"}],"wp:attachment":[{"href":"https:\/\/educaredigital.online\/loja\/wp-json\/wp\/v2\/media?parent=5966"}],"wp:term":[{"taxonomy":"product_brand","embeddable":true,"href":"https:\/\/educaredigital.online\/loja\/wp-json\/wp\/v2\/product_brand?post=5966"},{"taxonomy":"product_cat","embeddable":true,"href":"https:\/\/educaredigital.online\/loja\/wp-json\/wp\/v2\/product_cat?post=5966"},{"taxonomy":"product_tag","embeddable":true,"href":"https:\/\/educaredigital.online\/loja\/wp-json\/wp\/v2\/product_tag?post=5966"}],"curies":[{"name":"wp","href":"https:\/\/api.w.org\/{rel}","templated":true}]}}