{"id":5958,"date":"2026-04-01T12:23:16","date_gmt":"2026-04-01T12:23:16","guid":{"rendered":"https:\/\/educaredigital.online\/loja\/produto\/livro-com-pelucia-a-vaca-vava\/"},"modified":"2026-04-09T17:28:38","modified_gmt":"2026-04-09T17:28:38","slug":"livro-com-pelucia-a-vaca-vava","status":"publish","type":"product","link":"https:\/\/educaredigital.online\/loja\/produto\/livro-com-pelucia-a-vaca-vava\/","title":{"rendered":"Livro com Pel\u00facia &#8211; A Vaca Vav\u00e1"},"content":{"rendered":"<p data-start=\"0\" data-end=\"263\"><strong><span class=\"hover:entity-accent entity-underline inline cursor-pointer align-baseline\"><span class=\"whitespace-normal\">Livro com Pel\u00facia &#8211; A Vaca Vav\u00e1<\/span><\/span> <\/strong>\u00e9 uma op\u00e7\u00e3o encantadora que combina leitura e brincadeira de forma especial. Acompanhado de uma pel\u00facia macia, o livro permite que a crian\u00e7a interaja com a personagem, tornando a experi\u00eancia ainda mais envolvente e afetiva.<\/p>\n<p data-start=\"265\" data-end=\"515\" data-is-last-node=\"\" data-is-only-node=\"\">Com uma hist\u00f3ria simples e divertida, a obra estimula a imagina\u00e7\u00e3o, o v\u00ednculo emocional e o interesse pela leitura. As ilustra\u00e7\u00f5es coloridas e o toque da pel\u00facia criam um momento acolhedor, ideal para crian\u00e7as pequenas e para compartilhar em fam\u00edlia.<\/p>\n<div class=\"details-table-wrapper\">\n<table class=\"product-details-table\">\n<tbody>\n<tr>\n<td>Autor<\/td>\n<td>P\u00e9 da Letra<\/td>\n<\/tr>\n<tr>\n<td>ISBN<\/td>\n<td>9786558888109<\/td>\n<\/tr>\n<tr>\n<td>Editora<\/td>\n<td>P\u00e9 da Letra<\/td>\n<\/tr>\n<tr>\n<td>N\u00ba de p\u00e1ginas<\/td>\n<td>12<\/td>\n<\/tr>\n<\/tbody>\n<\/table>\n<\/div>\n","protected":false},"excerpt":{"rendered":"<p>Livro com Pel\u00facia &#8211; A Vaca Vav\u00e1 \u00e9 uma op\u00e7\u00e3o encantadora que combina leitura e brincadeira de forma especial. Acompanhado de uma pel\u00facia macia, o livro permite que a crian\u00e7a interaja com a personagem, tornando a experi\u00eancia ainda mais envolvente<\/p>\n","protected":false},"featured_media":5957,"comment_status":"open","ping_status":"closed","template":"","meta":[],"product_brand":[],"product_cat":[200],"product_tag":[],"class_list":{"0":"post-5958","1":"product","2":"type-product","3":"status-publish","6":"product_cat-0-a-3-anos","8":"first","9":"instock","10":"shipping-taxable","11":"purchasable","12":"product-type-simple"},"_links":{"self":[{"href":"https:\/\/educaredigital.online\/loja\/wp-json\/wp\/v2\/product\/5958","targetHints":{"allow":["GET"]}}],"collection":[{"href":"https:\/\/educaredigital.online\/loja\/wp-json\/wp\/v2\/product"}],"about":[{"href":"https:\/\/educaredigital.online\/loja\/wp-json\/wp\/v2\/types\/product"}],"replies":[{"embeddable":true,"href":"https:\/\/educaredigital.online\/loja\/wp-json\/wp\/v2\/comments?post=5958"}],"wp:featuredmedia":[{"embeddable":true,"href":"https:\/\/educaredigital.online\/loja\/wp-json\/wp\/v2\/media\/5957"}],"wp:attachment":[{"href":"https:\/\/educaredigital.online\/loja\/wp-json\/wp\/v2\/media?parent=5958"}],"wp:term":[{"taxonomy":"product_brand","embeddable":true,"href":"https:\/\/educaredigital.online\/loja\/wp-json\/wp\/v2\/product_brand?post=5958"},{"taxonomy":"product_cat","embeddable":true,"href":"https:\/\/educaredigital.online\/loja\/wp-json\/wp\/v2\/product_cat?post=5958"},{"taxonomy":"product_tag","embeddable":true,"href":"https:\/\/educaredigital.online\/loja\/wp-json\/wp\/v2\/product_tag?post=5958"}],"curies":[{"name":"wp","href":"https:\/\/api.w.org\/{rel}","templated":true}]}}