{"id":5956,"date":"2026-04-01T12:23:12","date_gmt":"2026-04-01T12:23:12","guid":{"rendered":"https:\/\/educaredigital.online\/loja\/produto\/livro-com-pelucia-a-ovelha-cantora\/"},"modified":"2026-04-09T17:28:38","modified_gmt":"2026-04-09T17:28:38","slug":"livro-com-pelucia-a-ovelha-cantora","status":"publish","type":"product","link":"https:\/\/educaredigital.online\/loja\/produto\/livro-com-pelucia-a-ovelha-cantora\/","title":{"rendered":"Livro com Pel\u00facia &#8211; A Ovelha Cantora"},"content":{"rendered":"<p data-start=\"0\" data-end=\"281\"><strong><span class=\"hover:entity-accent entity-underline inline cursor-pointer align-baseline\"><span class=\"whitespace-normal\">Livro com Pel\u00facia &#8211; A Ovelha Cantora<\/span><\/span><\/strong> \u00e9 uma op\u00e7\u00e3o encantadora que une leitura e brincadeira em uma \u00fanica experi\u00eancia. Acompanhado de uma pel\u00facia macia, o livro torna a hist\u00f3ria ainda mais especial, permitindo que a crian\u00e7a interaja e se conecte com o personagem de forma afetiva.<\/p>\n<p data-start=\"283\" data-end=\"566\" data-is-last-node=\"\" data-is-only-node=\"\">Com uma narrativa simples e envolvente, a obra estimula a imagina\u00e7\u00e3o, o v\u00ednculo emocional e o gosto pela leitura. As ilustra\u00e7\u00f5es coloridas e o toque da pel\u00facia tornam o momento ainda mais acolhedor, sendo ideal para crian\u00e7as pequenas e para momentos de carinho e divers\u00e3o em fam\u00edlia.<\/p>\n<div class=\"details-table-wrapper\">\n<table class=\"product-details-table\">\n<tbody>\n<tr>\n<td>Autor<\/td>\n<td>P\u00e9 da Letra<\/td>\n<\/tr>\n<tr>\n<td>ISBN<\/td>\n<td>9786558888123<\/td>\n<\/tr>\n<tr>\n<td>Editora<\/td>\n<td>P\u00e9 da Letra<\/td>\n<\/tr>\n<tr>\n<td>N\u00ba de p\u00e1ginas<\/td>\n<td>12<\/td>\n<\/tr>\n<\/tbody>\n<\/table>\n<\/div>\n","protected":false},"excerpt":{"rendered":"<p>Livro com Pel\u00facia &#8211; A Ovelha Cantora \u00e9 uma op\u00e7\u00e3o encantadora que une leitura e brincadeira em uma \u00fanica experi\u00eancia. Acompanhado de uma pel\u00facia macia, o livro torna a hist\u00f3ria ainda mais especial, permitindo que a crian\u00e7a interaja e se<\/p>\n","protected":false},"featured_media":5955,"comment_status":"open","ping_status":"closed","template":"","meta":[],"product_brand":[],"product_cat":[200],"product_tag":[],"class_list":{"0":"post-5956","1":"product","2":"type-product","3":"status-publish","6":"product_cat-0-a-3-anos","8":"first","9":"instock","10":"shipping-taxable","11":"purchasable","12":"product-type-simple"},"_links":{"self":[{"href":"https:\/\/educaredigital.online\/loja\/wp-json\/wp\/v2\/product\/5956","targetHints":{"allow":["GET"]}}],"collection":[{"href":"https:\/\/educaredigital.online\/loja\/wp-json\/wp\/v2\/product"}],"about":[{"href":"https:\/\/educaredigital.online\/loja\/wp-json\/wp\/v2\/types\/product"}],"replies":[{"embeddable":true,"href":"https:\/\/educaredigital.online\/loja\/wp-json\/wp\/v2\/comments?post=5956"}],"wp:featuredmedia":[{"embeddable":true,"href":"https:\/\/educaredigital.online\/loja\/wp-json\/wp\/v2\/media\/5955"}],"wp:attachment":[{"href":"https:\/\/educaredigital.online\/loja\/wp-json\/wp\/v2\/media?parent=5956"}],"wp:term":[{"taxonomy":"product_brand","embeddable":true,"href":"https:\/\/educaredigital.online\/loja\/wp-json\/wp\/v2\/product_brand?post=5956"},{"taxonomy":"product_cat","embeddable":true,"href":"https:\/\/educaredigital.online\/loja\/wp-json\/wp\/v2\/product_cat?post=5956"},{"taxonomy":"product_tag","embeddable":true,"href":"https:\/\/educaredigital.online\/loja\/wp-json\/wp\/v2\/product_tag?post=5956"}],"curies":[{"name":"wp","href":"https:\/\/api.w.org\/{rel}","templated":true}]}}