{"id":5938,"date":"2026-04-01T12:22:51","date_gmt":"2026-04-01T12:22:51","guid":{"rendered":"https:\/\/educaredigital.online\/loja\/produto\/livrinhos-cartonados-a-vaca-do-sino-dourado\/"},"modified":"2026-04-01T13:34:30","modified_gmt":"2026-04-01T13:34:30","slug":"livrinhos-cartonados-a-vaca-do-sino-dourado","status":"publish","type":"product","link":"https:\/\/educaredigital.online\/loja\/produto\/livrinhos-cartonados-a-vaca-do-sino-dourado\/","title":{"rendered":"Livrinhos Cartonados &#8211; A Vaca do Sino Dourado"},"content":{"rendered":"<div class=\"details-table-wrapper\">\n<div class=\"flex flex-col text-sm pb-25\">\n<section class=\"text-token-text-primary w-full focus:outline-none [--shadow-height:45px] has-data-writing-block:pointer-events-none has-data-writing-block:-mt-(--shadow-height) has-data-writing-block:pt-(--shadow-height) [&amp;:has([data-writing-block])&gt;*]:pointer-events-auto scroll-mt-[calc(var(--header-height)+min(200px,max(70px,20svh)))]\" dir=\"auto\" data-turn-id=\"request-69c11f60-4a74-83e9-85fc-8fd5a9f98386-27\" data-testid=\"conversation-turn-256\" data-scroll-anchor=\"true\" data-turn=\"assistant\">\n<div class=\"text-base my-auto mx-auto pb-10 [--thread-content-margin:var(--thread-content-margin-xs,calc(var(--spacing)*4))] @w-sm\/main:[--thread-content-margin:var(--thread-content-margin-sm,calc(var(--spacing)*6))] @w-lg\/main:[--thread-content-margin:var(--thread-content-margin-lg,calc(var(--spacing)*16))] px-(--thread-content-margin)\">\n<div class=\"[--thread-content-max-width:40rem] @w-lg\/main:[--thread-content-max-width:48rem] mx-auto max-w-(--thread-content-max-width) flex-1 group\/turn-messages focus-visible:outline-hidden relative flex w-full min-w-0 flex-col agent-turn\">\n<div class=\"flex max-w-full flex-col gap-4 grow\">\n<div class=\"min-h-8 text-message relative flex w-full flex-col items-end gap-2 text-start break-words whitespace-normal outline-none keyboard-focused:focus-ring [.text-message+&amp;]:mt-1\" dir=\"auto\" tabindex=\"0\" data-message-author-role=\"assistant\" data-message-id=\"29a6e903-456f-409e-8956-89db613212c3\" data-message-model-slug=\"gpt-5-3\" data-turn-start-message=\"true\">\n<div class=\"flex w-full flex-col gap-1 empty:hidden\">\n<div class=\"markdown prose dark:prose-invert w-full wrap-break-word dark markdown-new-styling\">\n<p data-start=\"0\" data-end=\"246\"><strong><span class=\"hover:entity-accent entity-underline inline cursor-pointer align-baseline\"><span class=\"whitespace-normal\">Livrinhos Cartonados &#8211; A Vaca do Sino Dourado<\/span><\/span><\/strong> \u00e9 uma hist\u00f3ria encantadora pensada especialmente para os pequenos leitores. Com p\u00e1ginas resistentes em formato cartonado, o livro \u00e9 ideal para o manuseio pelas crian\u00e7as, garantindo durabilidade e seguran\u00e7a.<\/p>\n<p data-start=\"248\" data-end=\"541\" data-is-last-node=\"\" data-is-only-node=\"\">Com uma narrativa simples e envolvente, a obra apresenta a vaquinha e suas aventuras de forma l\u00fadica, estimulando a imagina\u00e7\u00e3o e o interesse pela leitura. Com ilustra\u00e7\u00f5es coloridas e atrativas, \u00e9 uma excelente op\u00e7\u00e3o para introduzir o h\u00e1bito de ler desde cedo de maneira divertida e interativa.<\/p>\n<\/div>\n<\/div>\n<\/div>\n<\/div>\n<\/div>\n<\/div>\n<\/section>\n<\/div>\n<table class=\"product-details-table\">\n<tbody>\n<tr>\n<td>Autor<\/td>\n<td>P\u00e9 da letra<\/td>\n<\/tr>\n<tr>\n<td>ISBN<\/td>\n<td>9786558886099<\/td>\n<\/tr>\n<tr>\n<td>Editora<\/td>\n<td>P\u00e9 da Letra<\/td>\n<\/tr>\n<tr>\n<td>N\u00ba de p\u00e1ginas<\/td>\n<td>20<\/td>\n<\/tr>\n<\/tbody>\n<\/table>\n<\/div>\n","protected":false},"excerpt":{"rendered":"<p>Livrinhos Cartonados &#8211; A Vaca do Sino Dourado \u00e9 uma hist\u00f3ria encantadora pensada especialmente para os pequenos leitores. Com p\u00e1ginas resistentes em formato cartonado, o livro \u00e9 ideal para o manuseio pelas crian\u00e7as, garantindo durabilidade e seguran\u00e7a. Com uma narrativa<\/p>\n","protected":false},"featured_media":5937,"comment_status":"open","ping_status":"closed","template":"","meta":[],"product_brand":[],"product_cat":[200],"product_tag":[],"class_list":{"0":"post-5938","1":"product","2":"type-product","3":"status-publish","6":"product_cat-0-a-3-anos","8":"first","9":"instock","10":"shipping-taxable","11":"purchasable","12":"product-type-simple"},"_links":{"self":[{"href":"https:\/\/educaredigital.online\/loja\/wp-json\/wp\/v2\/product\/5938","targetHints":{"allow":["GET"]}}],"collection":[{"href":"https:\/\/educaredigital.online\/loja\/wp-json\/wp\/v2\/product"}],"about":[{"href":"https:\/\/educaredigital.online\/loja\/wp-json\/wp\/v2\/types\/product"}],"replies":[{"embeddable":true,"href":"https:\/\/educaredigital.online\/loja\/wp-json\/wp\/v2\/comments?post=5938"}],"wp:featuredmedia":[{"embeddable":true,"href":"https:\/\/educaredigital.online\/loja\/wp-json\/wp\/v2\/media\/5937"}],"wp:attachment":[{"href":"https:\/\/educaredigital.online\/loja\/wp-json\/wp\/v2\/media?parent=5938"}],"wp:term":[{"taxonomy":"product_brand","embeddable":true,"href":"https:\/\/educaredigital.online\/loja\/wp-json\/wp\/v2\/product_brand?post=5938"},{"taxonomy":"product_cat","embeddable":true,"href":"https:\/\/educaredigital.online\/loja\/wp-json\/wp\/v2\/product_cat?post=5938"},{"taxonomy":"product_tag","embeddable":true,"href":"https:\/\/educaredigital.online\/loja\/wp-json\/wp\/v2\/product_tag?post=5938"}],"curies":[{"name":"wp","href":"https:\/\/api.w.org\/{rel}","templated":true}]}}