{"id":5936,"date":"2026-04-01T12:22:49","date_gmt":"2026-04-01T12:22:49","guid":{"rendered":"https:\/\/educaredigital.online\/loja\/produto\/lidando-com-situacoes-dificeis\/"},"modified":"2026-04-01T13:22:26","modified_gmt":"2026-04-01T13:22:26","slug":"lidando-com-situacoes-dificeis","status":"publish","type":"product","link":"https:\/\/educaredigital.online\/loja\/produto\/lidando-com-situacoes-dificeis\/","title":{"rendered":"Lidando com Situac\u00f5es Dif\u00edceis"},"content":{"rendered":"<p><strong>Lidando com Situa\u00e7\u00f5es Dif\u00edceis<\/strong> oferece orienta\u00e7\u00f5es pr\u00e1ticas para enfrentar desafios do dia a dia com mais equil\u00edbrio e confian\u00e7a. A obra aborda diferentes tipos de situa\u00e7\u00f5es complicadas, ajudando o leitor a desenvolver estrat\u00e9gias para lidar com problemas de forma mais tranquila e eficaz.<\/p>\n<p>Com linguagem clara e acess\u00edvel, o livro estimula o autocontrole, a resili\u00eancia e a tomada de decis\u00f5es conscientes. Ideal para quem busca crescimento pessoal e emocional, \u00e9 uma excelente ferramenta para enfrentar dificuldades com mais seguran\u00e7a e maturidade.<\/p>\n<div class=\"details-table-wrapper\">\n<table class=\"product-details-table\">\n<tbody>\n<tr>\n<td>Autor<\/td>\n<td>Mike Annesley<\/td>\n<\/tr>\n<tr>\n<td>ISBN<\/td>\n<td>9786558882985<\/td>\n<\/tr>\n<tr>\n<td>Editora<\/td>\n<td>P\u00e9 da letra<\/td>\n<\/tr>\n<tr>\n<td>N\u00ba de p\u00e1ginas<\/td>\n<td>140<\/td>\n<\/tr>\n<\/tbody>\n<\/table>\n<\/div>\n","protected":false},"excerpt":{"rendered":"<p>Lidando com Situa\u00e7\u00f5es Dif\u00edceis oferece orienta\u00e7\u00f5es pr\u00e1ticas para enfrentar desafios do dia a dia com mais equil\u00edbrio e confian\u00e7a. A obra aborda diferentes tipos de situa\u00e7\u00f5es complicadas, ajudando o leitor a desenvolver estrat\u00e9gias para lidar com problemas de forma mais<\/p>\n","protected":false},"featured_media":5935,"comment_status":"open","ping_status":"closed","template":"","meta":[],"product_brand":[],"product_cat":[207],"product_tag":[],"class_list":{"0":"post-5936","1":"product","2":"type-product","3":"status-publish","6":"product_cat-ensino-medio-1o-ao-3o","8":"first","9":"instock","10":"shipping-taxable","11":"purchasable","12":"product-type-simple"},"_links":{"self":[{"href":"https:\/\/educaredigital.online\/loja\/wp-json\/wp\/v2\/product\/5936","targetHints":{"allow":["GET"]}}],"collection":[{"href":"https:\/\/educaredigital.online\/loja\/wp-json\/wp\/v2\/product"}],"about":[{"href":"https:\/\/educaredigital.online\/loja\/wp-json\/wp\/v2\/types\/product"}],"replies":[{"embeddable":true,"href":"https:\/\/educaredigital.online\/loja\/wp-json\/wp\/v2\/comments?post=5936"}],"wp:featuredmedia":[{"embeddable":true,"href":"https:\/\/educaredigital.online\/loja\/wp-json\/wp\/v2\/media\/5935"}],"wp:attachment":[{"href":"https:\/\/educaredigital.online\/loja\/wp-json\/wp\/v2\/media?parent=5936"}],"wp:term":[{"taxonomy":"product_brand","embeddable":true,"href":"https:\/\/educaredigital.online\/loja\/wp-json\/wp\/v2\/product_brand?post=5936"},{"taxonomy":"product_cat","embeddable":true,"href":"https:\/\/educaredigital.online\/loja\/wp-json\/wp\/v2\/product_cat?post=5936"},{"taxonomy":"product_tag","embeddable":true,"href":"https:\/\/educaredigital.online\/loja\/wp-json\/wp\/v2\/product_tag?post=5936"}],"curies":[{"name":"wp","href":"https:\/\/api.w.org\/{rel}","templated":true}]}}