{"id":5928,"date":"2026-04-01T12:22:41","date_gmt":"2026-04-01T12:22:41","guid":{"rendered":"https:\/\/educaredigital.online\/loja\/produto\/imaginar-e-transformar-chave-de-fenda\/"},"modified":"2026-04-01T13:17:08","modified_gmt":"2026-04-01T13:17:08","slug":"imaginar-e-transformar-chave-de-fenda","status":"publish","type":"product","link":"https:\/\/educaredigital.online\/loja\/produto\/imaginar-e-transformar-chave-de-fenda\/","title":{"rendered":"Imaginar e Transformar &#8211; Chave de Fenda"},"content":{"rendered":"<div class=\"details-table-wrapper\">\n<p data-start=\"0\" data-end=\"306\"><strong><span class=\"hover:entity-accent entity-underline inline cursor-pointer align-baseline\"><span class=\"whitespace-normal\">Imaginar e Transformar &#8211; Chave de Fenda<\/span><\/span><\/strong> convida as crian\u00e7as a explorarem a imagina\u00e7\u00e3o ao transformar um objeto comum em ideias surpreendentes. A partir de uma simples chave de fenda, a obra estimula os pequenos a criarem novas possibilidades e hist\u00f3rias, desenvolvendo a criatividade de forma l\u00fadica.<\/p>\n<p data-start=\"308\" data-end=\"566\" data-is-last-node=\"\" data-is-only-node=\"\">Com linguagem acess\u00edvel e ilustra\u00e7\u00f5es inspiradoras, o livro incentiva o pensamento criativo, a curiosidade e a capacidade de enxergar al\u00e9m do \u00f3bvio. Ideal para crian\u00e7as, \u00e9 uma excelente op\u00e7\u00e3o para estimular a imagina\u00e7\u00e3o e tornar o aprendizado mais divertido.<\/p>\n<table class=\"product-details-table\">\n<tbody>\n<tr>\n<td>Autor<\/td>\n<td>P\u00e9 da Letra<\/td>\n<\/tr>\n<tr>\n<td>ISBN<\/td>\n<td>9788595202658<\/td>\n<\/tr>\n<tr>\n<td>Editora<\/td>\n<td>P\u00e9 da Letra<\/td>\n<\/tr>\n<tr>\n<td>N\u00ba de p\u00e1ginas<\/td>\n<td>10<\/td>\n<\/tr>\n<\/tbody>\n<\/table>\n<\/div>\n","protected":false},"excerpt":{"rendered":"<p>Imaginar e Transformar &#8211; Chave de Fenda convida as crian\u00e7as a explorarem a imagina\u00e7\u00e3o ao transformar um objeto comum em ideias surpreendentes. A partir de uma simples chave de fenda, a obra estimula os pequenos a criarem novas possibilidades e<\/p>\n","protected":false},"featured_media":5927,"comment_status":"open","ping_status":"closed","template":"","meta":[],"product_brand":[],"product_cat":[201],"product_tag":[],"class_list":{"0":"post-5928","1":"product","2":"type-product","3":"status-publish","6":"product_cat-livros-4-e-5-anos","8":"first","9":"instock","10":"shipping-taxable","11":"purchasable","12":"product-type-simple"},"_links":{"self":[{"href":"https:\/\/educaredigital.online\/loja\/wp-json\/wp\/v2\/product\/5928","targetHints":{"allow":["GET"]}}],"collection":[{"href":"https:\/\/educaredigital.online\/loja\/wp-json\/wp\/v2\/product"}],"about":[{"href":"https:\/\/educaredigital.online\/loja\/wp-json\/wp\/v2\/types\/product"}],"replies":[{"embeddable":true,"href":"https:\/\/educaredigital.online\/loja\/wp-json\/wp\/v2\/comments?post=5928"}],"wp:featuredmedia":[{"embeddable":true,"href":"https:\/\/educaredigital.online\/loja\/wp-json\/wp\/v2\/media\/5927"}],"wp:attachment":[{"href":"https:\/\/educaredigital.online\/loja\/wp-json\/wp\/v2\/media?parent=5928"}],"wp:term":[{"taxonomy":"product_brand","embeddable":true,"href":"https:\/\/educaredigital.online\/loja\/wp-json\/wp\/v2\/product_brand?post=5928"},{"taxonomy":"product_cat","embeddable":true,"href":"https:\/\/educaredigital.online\/loja\/wp-json\/wp\/v2\/product_cat?post=5928"},{"taxonomy":"product_tag","embeddable":true,"href":"https:\/\/educaredigital.online\/loja\/wp-json\/wp\/v2\/product_tag?post=5928"}],"curies":[{"name":"wp","href":"https:\/\/api.w.org\/{rel}","templated":true}]}}