{"id":5924,"date":"2026-04-01T12:22:38","date_gmt":"2026-04-01T12:22:38","guid":{"rendered":"https:\/\/educaredigital.online\/loja\/produto\/historias-para-dormir-almofadado\/"},"modified":"2026-04-01T13:10:12","modified_gmt":"2026-04-01T13:10:12","slug":"historias-para-dormir-almofadado","status":"publish","type":"product","link":"https:\/\/educaredigital.online\/loja\/produto\/historias-para-dormir-almofadado\/","title":{"rendered":"Hist\u00f3rias para dormir &#8211; Almofadado"},"content":{"rendered":"<p data-start=\"0\" data-end=\"250\"><strong><span class=\"hover:entity-accent entity-underline inline cursor-pointer align-baseline\"><span class=\"whitespace-normal\">Hist\u00f3rias para Dormir &#8211; Almofadado<\/span><\/span><\/strong> \u00e9 perfeito para tornar o momento antes de dormir ainda mais especial e tranquilo. Com contos curtos e envolventes, a obra ajuda a acalmar as crian\u00e7as, criando uma rotina de leitura relaxante e acolhedora.<\/p>\n<p data-start=\"252\" data-end=\"500\" data-is-last-node=\"\" data-is-only-node=\"\">Com capa almofadada e ilustra\u00e7\u00f5es suaves, o livro oferece uma experi\u00eancia confort\u00e1vel e agrad\u00e1vel. Ideal para leitura em fam\u00edlia, \u00e9 uma excelente op\u00e7\u00e3o para estimular o h\u00e1bito da leitura e proporcionar noites mais tranquilas e cheias de imagina\u00e7\u00e3o.<\/p>\n<div class=\"details-table-wrapper\">\n<table class=\"product-details-table\">\n<tbody>\n<tr>\n<td>Autor<\/td>\n<td>P\u00e9 da Letra<\/td>\n<\/tr>\n<tr>\n<td>ISBN<\/td>\n<td>9786558887898<\/td>\n<\/tr>\n<tr>\n<td>Editora<\/td>\n<td>P\u00e9 da letra<\/td>\n<\/tr>\n<tr>\n<td>N\u00ba de p\u00e1ginas<\/td>\n<td>20<\/td>\n<\/tr>\n<\/tbody>\n<\/table>\n<\/div>\n","protected":false},"excerpt":{"rendered":"<p>Hist\u00f3rias para Dormir &#8211; Almofadado \u00e9 perfeito para tornar o momento antes de dormir ainda mais especial e tranquilo. Com contos curtos e envolventes, a obra ajuda a acalmar as crian\u00e7as, criando uma rotina de leitura relaxante e acolhedora. Com<\/p>\n","protected":false},"featured_media":5923,"comment_status":"open","ping_status":"closed","template":"","meta":[],"product_brand":[],"product_cat":[200],"product_tag":[],"class_list":{"0":"post-5924","1":"product","2":"type-product","3":"status-publish","6":"product_cat-0-a-3-anos","8":"first","9":"instock","10":"shipping-taxable","11":"purchasable","12":"product-type-simple"},"_links":{"self":[{"href":"https:\/\/educaredigital.online\/loja\/wp-json\/wp\/v2\/product\/5924","targetHints":{"allow":["GET"]}}],"collection":[{"href":"https:\/\/educaredigital.online\/loja\/wp-json\/wp\/v2\/product"}],"about":[{"href":"https:\/\/educaredigital.online\/loja\/wp-json\/wp\/v2\/types\/product"}],"replies":[{"embeddable":true,"href":"https:\/\/educaredigital.online\/loja\/wp-json\/wp\/v2\/comments?post=5924"}],"wp:featuredmedia":[{"embeddable":true,"href":"https:\/\/educaredigital.online\/loja\/wp-json\/wp\/v2\/media\/5923"}],"wp:attachment":[{"href":"https:\/\/educaredigital.online\/loja\/wp-json\/wp\/v2\/media?parent=5924"}],"wp:term":[{"taxonomy":"product_brand","embeddable":true,"href":"https:\/\/educaredigital.online\/loja\/wp-json\/wp\/v2\/product_brand?post=5924"},{"taxonomy":"product_cat","embeddable":true,"href":"https:\/\/educaredigital.online\/loja\/wp-json\/wp\/v2\/product_cat?post=5924"},{"taxonomy":"product_tag","embeddable":true,"href":"https:\/\/educaredigital.online\/loja\/wp-json\/wp\/v2\/product_tag?post=5924"}],"curies":[{"name":"wp","href":"https:\/\/api.w.org\/{rel}","templated":true}]}}