{"id":5920,"date":"2026-04-01T12:22:35","date_gmt":"2026-04-01T12:22:35","guid":{"rendered":"https:\/\/educaredigital.online\/loja\/produto\/a-guerra-aerea-1939-1945\/"},"modified":"2026-04-01T13:03:52","modified_gmt":"2026-04-01T13:03:52","slug":"a-guerra-aerea-1939-1945","status":"publish","type":"product","link":"https:\/\/educaredigital.online\/loja\/produto\/a-guerra-aerea-1939-1945\/","title":{"rendered":"A Guerra A\u00e9rea: 1939 &#8211; 1945"},"content":{"rendered":"<p><strong><span class=\"hover:entity-accent entity-underline inline cursor-pointer align-baseline\"><span class=\"whitespace-normal\">A Guerra A\u00e9rea: 1939 &#8211; 1945<\/span><\/span> <\/strong>apresenta uma an\u00e1lise detalhada do papel da avia\u00e7\u00e3o durante a <span class=\"hover:entity-accent entity-underline inline cursor-pointer align-baseline\"><span class=\"whitespace-normal\">Segunda Guerra Mundial<\/span><\/span>. A obra explora como o poder a\u00e9reo influenciou estrat\u00e9gias militares, batalhas decisivas e o rumo do conflito.<\/p>\n<p data-start=\"258\" data-end=\"586\" data-is-last-node=\"\" data-is-only-node=\"\">Com uma abordagem informativa e envolvente, o livro aborda desde os avan\u00e7os tecnol\u00f3gicos at\u00e9 as opera\u00e7\u00f5es a\u00e9reas mais marcantes, destacando a import\u00e2ncia dos combates nos c\u00e9us. Ideal para leitores interessados em hist\u00f3ria e temas militares, \u00e9 uma excelente op\u00e7\u00e3o para compreender melhor esse per\u00edodo crucial da hist\u00f3ria mundial<\/p>\n<div class=\"details-table-wrapper\">\n<table class=\"product-details-table\">\n<tbody>\n<tr>\n<td>Autor<\/td>\n<td>David Baker<\/td>\n<\/tr>\n<tr>\n<td>ISBN<\/td>\n<td>9786558880554<\/td>\n<\/tr>\n<tr>\n<td>Editora<\/td>\n<td>P\u00e9 da Letra<\/td>\n<\/tr>\n<tr>\n<td>N\u00ba de p\u00e1ginas<\/td>\n<td>276<\/td>\n<\/tr>\n<\/tbody>\n<\/table>\n<\/div>\n","protected":false},"excerpt":{"rendered":"<p>A Guerra A\u00e9rea: 1939 &#8211; 1945 apresenta uma an\u00e1lise detalhada do papel da avia\u00e7\u00e3o durante a Segunda Guerra Mundial. A obra explora como o poder a\u00e9reo influenciou estrat\u00e9gias militares, batalhas decisivas e o rumo do conflito. Com uma abordagem informativa<\/p>\n","protected":false},"featured_media":5919,"comment_status":"open","ping_status":"closed","template":"","meta":[],"product_brand":[],"product_cat":[206],"product_tag":[],"class_list":{"0":"post-5920","1":"product","2":"type-product","3":"status-publish","6":"product_cat-fundamental-2-6o-ao-9o","8":"first","9":"instock","10":"shipping-taxable","11":"purchasable","12":"product-type-simple"},"_links":{"self":[{"href":"https:\/\/educaredigital.online\/loja\/wp-json\/wp\/v2\/product\/5920","targetHints":{"allow":["GET"]}}],"collection":[{"href":"https:\/\/educaredigital.online\/loja\/wp-json\/wp\/v2\/product"}],"about":[{"href":"https:\/\/educaredigital.online\/loja\/wp-json\/wp\/v2\/types\/product"}],"replies":[{"embeddable":true,"href":"https:\/\/educaredigital.online\/loja\/wp-json\/wp\/v2\/comments?post=5920"}],"wp:featuredmedia":[{"embeddable":true,"href":"https:\/\/educaredigital.online\/loja\/wp-json\/wp\/v2\/media\/5919"}],"wp:attachment":[{"href":"https:\/\/educaredigital.online\/loja\/wp-json\/wp\/v2\/media?parent=5920"}],"wp:term":[{"taxonomy":"product_brand","embeddable":true,"href":"https:\/\/educaredigital.online\/loja\/wp-json\/wp\/v2\/product_brand?post=5920"},{"taxonomy":"product_cat","embeddable":true,"href":"https:\/\/educaredigital.online\/loja\/wp-json\/wp\/v2\/product_cat?post=5920"},{"taxonomy":"product_tag","embeddable":true,"href":"https:\/\/educaredigital.online\/loja\/wp-json\/wp\/v2\/product_tag?post=5920"}],"curies":[{"name":"wp","href":"https:\/\/api.w.org\/{rel}","templated":true}]}}