{"id":5918,"date":"2026-04-01T12:22:31","date_gmt":"2026-04-01T12:22:31","guid":{"rendered":"https:\/\/educaredigital.online\/loja\/produto\/grandes-ideias-que-gosto-tem-a-lua\/"},"modified":"2026-04-01T12:59:17","modified_gmt":"2026-04-01T12:59:17","slug":"grandes-ideias-que-gosto-tem-a-lua","status":"publish","type":"product","link":"https:\/\/educaredigital.online\/loja\/produto\/grandes-ideias-que-gosto-tem-a-lua\/","title":{"rendered":"Grandes Ideias &#8211; Que Gosto Tem a Lua?"},"content":{"rendered":"<div class=\"flex flex-col text-sm pb-25\">\n<section class=\"text-token-text-primary w-full focus:outline-none [--shadow-height:45px] has-data-writing-block:pointer-events-none has-data-writing-block:-mt-(--shadow-height) has-data-writing-block:pt-(--shadow-height) [&amp;:has([data-writing-block])&gt;*]:pointer-events-auto scroll-mt-[calc(var(--header-height)+min(200px,max(70px,20svh)))]\" dir=\"auto\" data-turn-id=\"request-69c11f60-4a74-83e9-85fc-8fd5a9f98386-17\" data-testid=\"conversation-turn-236\" data-scroll-anchor=\"true\" data-turn=\"assistant\">\n<div class=\"text-base my-auto mx-auto pb-10 [--thread-content-margin:var(--thread-content-margin-xs,calc(var(--spacing)*4))] @w-sm\/main:[--thread-content-margin:var(--thread-content-margin-sm,calc(var(--spacing)*6))] @w-lg\/main:[--thread-content-margin:var(--thread-content-margin-lg,calc(var(--spacing)*16))] px-(--thread-content-margin)\">\n<div class=\"[--thread-content-max-width:40rem] @w-lg\/main:[--thread-content-max-width:48rem] mx-auto max-w-(--thread-content-max-width) flex-1 group\/turn-messages focus-visible:outline-hidden relative flex w-full min-w-0 flex-col agent-turn\">\n<div class=\"flex max-w-full flex-col gap-4 grow\">\n<div class=\"min-h-8 text-message relative flex w-full flex-col items-end gap-2 text-start break-words whitespace-normal outline-none keyboard-focused:focus-ring [.text-message+&amp;]:mt-1\" dir=\"auto\" tabindex=\"0\" data-message-author-role=\"assistant\" data-message-id=\"031c79a3-af39-41b5-84db-2b1cd6e57daa\" data-message-model-slug=\"gpt-5-3\" data-turn-start-message=\"true\">\n<div class=\"flex w-full flex-col gap-1 empty:hidden\">\n<div class=\"markdown prose dark:prose-invert w-full wrap-break-word dark markdown-new-styling\">\n<p data-start=\"0\" data-end=\"203\"><strong><span class=\"hover:entity-accent entity-underline inline cursor-pointer align-baseline\"><span class=\"whitespace-normal\">Que Gosto Tem a Lua?<\/span><\/span><\/strong>, da cole\u00e7\u00e3o \u201c<em>Grandes<\/em> <em>Ideias<\/em>\u201d, \u00e9 uma hist\u00f3ria encantadora que desperta a imagina\u00e7\u00e3o das crian\u00e7as ao apresentar uma pergunta curiosa: qual ser\u00e1 o gosto da lua?<\/p>\n<p data-start=\"205\" data-end=\"538\" data-is-last-node=\"\" data-is-only-node=\"\">Com uma narrativa simples e cheia de sensibilidade, a obra mostra diversos animais tentando alcan\u00e7ar a lua, ensinando de forma l\u00fadica valores como coopera\u00e7\u00e3o, amizade e persist\u00eancia. Com ilustra\u00e7\u00f5es delicadas e linguagem acess\u00edvel, \u00e9 ideal para os pequenos, sendo uma excelente op\u00e7\u00e3o para momentos de leitura em fam\u00edlia ou na escola.<\/p>\n<\/div>\n<\/div>\n<\/div>\n<\/div>\n<\/div>\n<\/div>\n<\/section>\n<\/div>\n<div class=\"details-table-wrapper\">\n<table class=\"product-details-table\">\n<tbody>\n<tr>\n<td>Autor<\/td>\n<td>Canavan Thomas<\/td>\n<\/tr>\n<tr>\n<td>ISBN<\/td>\n<td>9786558884484<\/td>\n<\/tr>\n<tr>\n<td>Editora<\/td>\n<td>P\u00e9 da letra<\/td>\n<\/tr>\n<tr>\n<td>N\u00ba de p\u00e1ginas<\/td>\n<td>128<\/td>\n<\/tr>\n<\/tbody>\n<\/table>\n<\/div>\n","protected":false},"excerpt":{"rendered":"<p>Que Gosto Tem a Lua?, da cole\u00e7\u00e3o \u201cGrandes Ideias\u201d, \u00e9 uma hist\u00f3ria encantadora que desperta a imagina\u00e7\u00e3o das crian\u00e7as ao apresentar uma pergunta curiosa: qual ser\u00e1 o gosto da lua? Com uma narrativa simples e cheia de sensibilidade, a obra<\/p>\n","protected":false},"featured_media":5917,"comment_status":"open","ping_status":"closed","template":"","meta":[],"product_brand":[],"product_cat":[201],"product_tag":[],"class_list":{"0":"post-5918","1":"product","2":"type-product","3":"status-publish","6":"product_cat-livros-4-e-5-anos","8":"first","9":"instock","10":"shipping-taxable","11":"purchasable","12":"product-type-simple"},"_links":{"self":[{"href":"https:\/\/educaredigital.online\/loja\/wp-json\/wp\/v2\/product\/5918","targetHints":{"allow":["GET"]}}],"collection":[{"href":"https:\/\/educaredigital.online\/loja\/wp-json\/wp\/v2\/product"}],"about":[{"href":"https:\/\/educaredigital.online\/loja\/wp-json\/wp\/v2\/types\/product"}],"replies":[{"embeddable":true,"href":"https:\/\/educaredigital.online\/loja\/wp-json\/wp\/v2\/comments?post=5918"}],"wp:featuredmedia":[{"embeddable":true,"href":"https:\/\/educaredigital.online\/loja\/wp-json\/wp\/v2\/media\/5917"}],"wp:attachment":[{"href":"https:\/\/educaredigital.online\/loja\/wp-json\/wp\/v2\/media?parent=5918"}],"wp:term":[{"taxonomy":"product_brand","embeddable":true,"href":"https:\/\/educaredigital.online\/loja\/wp-json\/wp\/v2\/product_brand?post=5918"},{"taxonomy":"product_cat","embeddable":true,"href":"https:\/\/educaredigital.online\/loja\/wp-json\/wp\/v2\/product_cat?post=5918"},{"taxonomy":"product_tag","embeddable":true,"href":"https:\/\/educaredigital.online\/loja\/wp-json\/wp\/v2\/product_tag?post=5918"}],"curies":[{"name":"wp","href":"https:\/\/api.w.org\/{rel}","templated":true}]}}