{"id":5916,"date":"2026-04-01T12:22:27","date_gmt":"2026-04-01T12:22:27","guid":{"rendered":"https:\/\/educaredigital.online\/loja\/produto\/george-orwell-um-pouco-de-ar-por-favor\/"},"modified":"2026-04-01T12:56:17","modified_gmt":"2026-04-01T12:56:17","slug":"george-orwell-um-pouco-de-ar-por-favor","status":"publish","type":"product","link":"https:\/\/educaredigital.online\/loja\/produto\/george-orwell-um-pouco-de-ar-por-favor\/","title":{"rendered":"George Orwell &#8211; Um Pouco de Ar, Por Favor"},"content":{"rendered":"<div class=\"details-table-wrapper\">\n<p data-start=\"0\" data-end=\"315\"><strong><span class=\"hover:entity-accent entity-underline inline cursor-pointer align-baseline\"><span class=\"whitespace-normal\">Um Pouco de Ar, Por Favor<\/span><\/span>,<\/strong> de <span class=\"hover:entity-accent entity-underline inline cursor-pointer align-baseline\"><span class=\"whitespace-normal\"><em>George<\/em> <em>Orwell<\/em><\/span><\/span>, \u00e9 uma obra que mistura cr\u00edtica social e reflex\u00e3o sobre a vida moderna. A hist\u00f3ria acompanha um homem que, em meio \u00e0s press\u00f5es do cotidiano e \u00e0s mudan\u00e7as do mundo, busca resgatar mem\u00f3rias e sensa\u00e7\u00f5es de um passado mais simples.<\/p>\n<p data-start=\"317\" data-end=\"574\" data-is-last-node=\"\" data-is-only-node=\"\">Com uma narrativa envolvente e ao mesmo tempo nost\u00e1lgica, o livro aborda temas como tempo, identidade e as transforma\u00e7\u00f5es da sociedade. \u00c9 uma leitura profunda e reflexiva, ideal para quem aprecia obras que provocam pensamento e questionamentos sobre a vida.<\/p>\n<table class=\"product-details-table\">\n<tbody>\n<tr>\n<td>Autor<\/td>\n<td>George Orwell<\/td>\n<\/tr>\n<tr>\n<td>ISBN<\/td>\n<td>9786558881889<\/td>\n<\/tr>\n<tr>\n<td>Editora<\/td>\n<td>P\u00e9 da Letra<\/td>\n<\/tr>\n<tr>\n<td>N\u00ba de p\u00e1ginas<\/td>\n<td>269<\/td>\n<\/tr>\n<\/tbody>\n<\/table>\n<\/div>\n","protected":false},"excerpt":{"rendered":"<p>Um Pouco de Ar, Por Favor, de George Orwell, \u00e9 uma obra que mistura cr\u00edtica social e reflex\u00e3o sobre a vida moderna. A hist\u00f3ria acompanha um homem que, em meio \u00e0s press\u00f5es do cotidiano e \u00e0s mudan\u00e7as do mundo, busca<\/p>\n","protected":false},"featured_media":5915,"comment_status":"open","ping_status":"closed","template":"","meta":[],"product_brand":[],"product_cat":[206],"product_tag":[],"class_list":{"0":"post-5916","1":"product","2":"type-product","3":"status-publish","6":"product_cat-fundamental-2-6o-ao-9o","8":"first","9":"instock","10":"shipping-taxable","11":"purchasable","12":"product-type-simple"},"_links":{"self":[{"href":"https:\/\/educaredigital.online\/loja\/wp-json\/wp\/v2\/product\/5916","targetHints":{"allow":["GET"]}}],"collection":[{"href":"https:\/\/educaredigital.online\/loja\/wp-json\/wp\/v2\/product"}],"about":[{"href":"https:\/\/educaredigital.online\/loja\/wp-json\/wp\/v2\/types\/product"}],"replies":[{"embeddable":true,"href":"https:\/\/educaredigital.online\/loja\/wp-json\/wp\/v2\/comments?post=5916"}],"wp:featuredmedia":[{"embeddable":true,"href":"https:\/\/educaredigital.online\/loja\/wp-json\/wp\/v2\/media\/5915"}],"wp:attachment":[{"href":"https:\/\/educaredigital.online\/loja\/wp-json\/wp\/v2\/media?parent=5916"}],"wp:term":[{"taxonomy":"product_brand","embeddable":true,"href":"https:\/\/educaredigital.online\/loja\/wp-json\/wp\/v2\/product_brand?post=5916"},{"taxonomy":"product_cat","embeddable":true,"href":"https:\/\/educaredigital.online\/loja\/wp-json\/wp\/v2\/product_cat?post=5916"},{"taxonomy":"product_tag","embeddable":true,"href":"https:\/\/educaredigital.online\/loja\/wp-json\/wp\/v2\/product_tag?post=5916"}],"curies":[{"name":"wp","href":"https:\/\/api.w.org\/{rel}","templated":true}]}}