{"id":5914,"date":"2026-04-01T12:22:24","date_gmt":"2026-04-01T12:22:24","guid":{"rendered":"https:\/\/educaredigital.online\/loja\/produto\/escreva-apague-e-repita-primeiras-palavras\/"},"modified":"2026-04-01T12:53:24","modified_gmt":"2026-04-01T12:53:24","slug":"escreva-apague-e-repita-primeiras-palavras","status":"publish","type":"product","link":"https:\/\/educaredigital.online\/loja\/produto\/escreva-apague-e-repita-primeiras-palavras\/","title":{"rendered":"Escreva, Apague e Repita &#8211; Primeiras Palavras"},"content":{"rendered":"<div class=\"details-table-wrapper\">\n<p data-start=\"0\" data-end=\"272\"><strong><span class=\"hover:entity-accent entity-underline inline cursor-pointer align-baseline\"><span class=\"whitespace-normal\">Escreva, Apague e Repita &#8211; Primeiras Palavras<\/span><\/span><\/strong> \u00e9 perfeito para auxiliar as crian\u00e7as nos primeiros passos da leitura e escrita. Com atividades pr\u00e1ticas e interativas, os pequenos podem treinar a forma\u00e7\u00e3o de palavras enquanto desenvolvem o vocabul\u00e1rio e a coordena\u00e7\u00e3o motora.<\/p>\n<p data-start=\"274\" data-end=\"540\" data-is-last-node=\"\" data-is-only-node=\"\">Com p\u00e1ginas reutiliz\u00e1veis, o livro permite escrever, apagar e repetir quantas vezes quiser, incentivando a pr\u00e1tica cont\u00ednua e o aprendizado de forma leve e divertida. Ideal para os primeiros anos, \u00e9 uma excelente ferramenta para estimular a alfabetiza\u00e7\u00e3o desde cedo.<\/p>\n<table class=\"product-details-table\">\n<tbody>\n<tr>\n<td>Autor<\/td>\n<td>P\u00e9 da Letra<\/td>\n<\/tr>\n<tr>\n<td>ISBN<\/td>\n<td>9786558882824<\/td>\n<\/tr>\n<tr>\n<td>Editora<\/td>\n<td>P\u00e9 da Letra<\/td>\n<\/tr>\n<tr>\n<td>N\u00ba de p\u00e1ginas<\/td>\n<td>14<\/td>\n<\/tr>\n<\/tbody>\n<\/table>\n<\/div>\n","protected":false},"excerpt":{"rendered":"<p>Escreva, Apague e Repita &#8211; Primeiras Palavras \u00e9 perfeito para auxiliar as crian\u00e7as nos primeiros passos da leitura e escrita. Com atividades pr\u00e1ticas e interativas, os pequenos podem treinar a forma\u00e7\u00e3o de palavras enquanto desenvolvem o vocabul\u00e1rio e a coordena\u00e7\u00e3o<\/p>\n","protected":false},"featured_media":5913,"comment_status":"open","ping_status":"closed","template":"","meta":[],"product_brand":[],"product_cat":[201],"product_tag":[],"class_list":{"0":"post-5914","1":"product","2":"type-product","3":"status-publish","6":"product_cat-livros-4-e-5-anos","8":"first","9":"instock","10":"shipping-taxable","11":"purchasable","12":"product-type-simple"},"_links":{"self":[{"href":"https:\/\/educaredigital.online\/loja\/wp-json\/wp\/v2\/product\/5914","targetHints":{"allow":["GET"]}}],"collection":[{"href":"https:\/\/educaredigital.online\/loja\/wp-json\/wp\/v2\/product"}],"about":[{"href":"https:\/\/educaredigital.online\/loja\/wp-json\/wp\/v2\/types\/product"}],"replies":[{"embeddable":true,"href":"https:\/\/educaredigital.online\/loja\/wp-json\/wp\/v2\/comments?post=5914"}],"wp:featuredmedia":[{"embeddable":true,"href":"https:\/\/educaredigital.online\/loja\/wp-json\/wp\/v2\/media\/5913"}],"wp:attachment":[{"href":"https:\/\/educaredigital.online\/loja\/wp-json\/wp\/v2\/media?parent=5914"}],"wp:term":[{"taxonomy":"product_brand","embeddable":true,"href":"https:\/\/educaredigital.online\/loja\/wp-json\/wp\/v2\/product_brand?post=5914"},{"taxonomy":"product_cat","embeddable":true,"href":"https:\/\/educaredigital.online\/loja\/wp-json\/wp\/v2\/product_cat?post=5914"},{"taxonomy":"product_tag","embeddable":true,"href":"https:\/\/educaredigital.online\/loja\/wp-json\/wp\/v2\/product_tag?post=5914"}],"curies":[{"name":"wp","href":"https:\/\/api.w.org\/{rel}","templated":true}]}}