{"id":5912,"date":"2026-04-01T12:22:21","date_gmt":"2026-04-01T12:22:21","guid":{"rendered":"https:\/\/educaredigital.online\/loja\/produto\/escreva-apague-e-repita-numeros\/"},"modified":"2026-04-01T12:51:33","modified_gmt":"2026-04-01T12:51:33","slug":"escreva-apague-e-repita-numeros","status":"publish","type":"product","link":"https:\/\/educaredigital.online\/loja\/produto\/escreva-apague-e-repita-numeros\/","title":{"rendered":"Escreva, Apague e Repita &#8211; N\u00fameros"},"content":{"rendered":"<div class=\"details-table-wrapper\">\n<p data-start=\"0\" data-end=\"266\"><strong><span class=\"hover:entity-accent entity-underline inline cursor-pointer align-baseline\"><span class=\"whitespace-normal\">Escreva, Apague e Repita &#8211; N\u00fameros<\/span><\/span> <\/strong>\u00e9 ideal para ajudar as crian\u00e7as a aprenderem os n\u00fameros de forma pr\u00e1tica e divertida. Com exerc\u00edcios interativos, os pequenos podem treinar a escrita e o reconhecimento num\u00e9rico enquanto desenvolvem a coordena\u00e7\u00e3o motora.<\/p>\n<p data-start=\"268\" data-end=\"563\" data-is-last-node=\"\" data-is-only-node=\"\">Com p\u00e1ginas reutiliz\u00e1veis, permite escrever, apagar e repetir quantas vezes quiser, incentivando a pr\u00e1tica cont\u00ednua e o aprendizado progressivo. Com linguagem simples e atividades did\u00e1ticas, \u00e9 uma excelente ferramenta para apoiar o desenvolvimento das habilidades matem\u00e1ticas nos primeiros anos.<\/p>\n<table class=\"product-details-table\">\n<tbody>\n<tr>\n<td>Autor<\/td>\n<td>P\u00e9 da Letra<\/td>\n<\/tr>\n<tr>\n<td>ISBN<\/td>\n<td>9786558882749<\/td>\n<\/tr>\n<tr>\n<td>Editora<\/td>\n<td>P\u00e9 da Letra<\/td>\n<\/tr>\n<tr>\n<td>N\u00ba de p\u00e1ginas<\/td>\n<td>14<\/td>\n<\/tr>\n<\/tbody>\n<\/table>\n<\/div>\n","protected":false},"excerpt":{"rendered":"<p>Escreva, Apague e Repita &#8211; N\u00fameros \u00e9 ideal para ajudar as crian\u00e7as a aprenderem os n\u00fameros de forma pr\u00e1tica e divertida. Com exerc\u00edcios interativos, os pequenos podem treinar a escrita e o reconhecimento num\u00e9rico enquanto desenvolvem a coordena\u00e7\u00e3o motora. Com<\/p>\n","protected":false},"featured_media":5911,"comment_status":"open","ping_status":"closed","template":"","meta":[],"product_brand":[],"product_cat":[201],"product_tag":[],"class_list":{"0":"post-5912","1":"product","2":"type-product","3":"status-publish","6":"product_cat-livros-4-e-5-anos","8":"first","9":"instock","10":"shipping-taxable","11":"purchasable","12":"product-type-simple"},"_links":{"self":[{"href":"https:\/\/educaredigital.online\/loja\/wp-json\/wp\/v2\/product\/5912","targetHints":{"allow":["GET"]}}],"collection":[{"href":"https:\/\/educaredigital.online\/loja\/wp-json\/wp\/v2\/product"}],"about":[{"href":"https:\/\/educaredigital.online\/loja\/wp-json\/wp\/v2\/types\/product"}],"replies":[{"embeddable":true,"href":"https:\/\/educaredigital.online\/loja\/wp-json\/wp\/v2\/comments?post=5912"}],"wp:featuredmedia":[{"embeddable":true,"href":"https:\/\/educaredigital.online\/loja\/wp-json\/wp\/v2\/media\/5911"}],"wp:attachment":[{"href":"https:\/\/educaredigital.online\/loja\/wp-json\/wp\/v2\/media?parent=5912"}],"wp:term":[{"taxonomy":"product_brand","embeddable":true,"href":"https:\/\/educaredigital.online\/loja\/wp-json\/wp\/v2\/product_brand?post=5912"},{"taxonomy":"product_cat","embeddable":true,"href":"https:\/\/educaredigital.online\/loja\/wp-json\/wp\/v2\/product_cat?post=5912"},{"taxonomy":"product_tag","embeddable":true,"href":"https:\/\/educaredigital.online\/loja\/wp-json\/wp\/v2\/product_tag?post=5912"}],"curies":[{"name":"wp","href":"https:\/\/api.w.org\/{rel}","templated":true}]}}