{"id":5908,"date":"2026-04-01T12:22:16","date_gmt":"2026-04-01T12:22:16","guid":{"rendered":"https:\/\/educaredigital.online\/loja\/produto\/dedoche-popo-o-hipopotamo-e-a-baleia\/"},"modified":"2026-04-01T12:43:57","modified_gmt":"2026-04-01T12:43:57","slug":"dedoche-popo-o-hipopotamo-e-a-baleia","status":"publish","type":"product","link":"https:\/\/educaredigital.online\/loja\/produto\/dedoche-popo-o-hipopotamo-e-a-baleia\/","title":{"rendered":"Dedoche &#8211; Popo, o Hipopotamo e a Baleia"},"content":{"rendered":"<div class=\"details-table-wrapper\">\n<p data-start=\"0\" data-end=\"275\"><strong><span class=\"hover:entity-accent entity-underline inline cursor-pointer align-baseline\"><span class=\"whitespace-normal\">Dedoche &#8211; Popo, o Hipop\u00f3tamo e a Baleia<\/span><\/span> <\/strong>\u00e9 uma hist\u00f3ria divertida e envolvente que convida as crian\u00e7as a participarem ativamente da leitura. Com dedoches inclusos, os pequenos podem dar vida ao hipop\u00f3tamo Popo e \u00e0 baleia, tornando a experi\u00eancia ainda mais l\u00fadica e interativa.<\/p>\n<p data-start=\"277\" data-end=\"521\" data-is-last-node=\"\" data-is-only-node=\"\">Com linguagem simples e ilustra\u00e7\u00f5es coloridas, o livro estimula a imagina\u00e7\u00e3o, a coordena\u00e7\u00e3o motora e a express\u00e3o oral. Ideal para leitura em fam\u00edlia ou no ambiente escolar, \u00e9 uma excelente forma de aprender brincando e criar momentos especiais.<\/p>\n<table class=\"product-details-table\">\n<tbody>\n<tr>\n<td>Autor<\/td>\n<td>P\u00e9 da Letra<\/td>\n<\/tr>\n<tr>\n<td>ISBN<\/td>\n<td>9786558880578<\/td>\n<\/tr>\n<tr>\n<td>Editora<\/td>\n<td>P\u00e9 da Letra<\/td>\n<\/tr>\n<tr>\n<td>N\u00ba de p\u00e1ginas<\/td>\n<td>8<\/td>\n<\/tr>\n<\/tbody>\n<\/table>\n<\/div>\n","protected":false},"excerpt":{"rendered":"<p>Dedoche &#8211; Popo, o Hipop\u00f3tamo e a Baleia \u00e9 uma hist\u00f3ria divertida e envolvente que convida as crian\u00e7as a participarem ativamente da leitura. Com dedoches inclusos, os pequenos podem dar vida ao hipop\u00f3tamo Popo e \u00e0 baleia, tornando a experi\u00eancia<\/p>\n","protected":false},"featured_media":5907,"comment_status":"open","ping_status":"closed","template":"","meta":[],"product_brand":[],"product_cat":[200],"product_tag":[],"class_list":{"0":"post-5908","1":"product","2":"type-product","3":"status-publish","6":"product_cat-0-a-3-anos","8":"first","9":"instock","10":"shipping-taxable","11":"purchasable","12":"product-type-simple"},"_links":{"self":[{"href":"https:\/\/educaredigital.online\/loja\/wp-json\/wp\/v2\/product\/5908","targetHints":{"allow":["GET"]}}],"collection":[{"href":"https:\/\/educaredigital.online\/loja\/wp-json\/wp\/v2\/product"}],"about":[{"href":"https:\/\/educaredigital.online\/loja\/wp-json\/wp\/v2\/types\/product"}],"replies":[{"embeddable":true,"href":"https:\/\/educaredigital.online\/loja\/wp-json\/wp\/v2\/comments?post=5908"}],"wp:featuredmedia":[{"embeddable":true,"href":"https:\/\/educaredigital.online\/loja\/wp-json\/wp\/v2\/media\/5907"}],"wp:attachment":[{"href":"https:\/\/educaredigital.online\/loja\/wp-json\/wp\/v2\/media?parent=5908"}],"wp:term":[{"taxonomy":"product_brand","embeddable":true,"href":"https:\/\/educaredigital.online\/loja\/wp-json\/wp\/v2\/product_brand?post=5908"},{"taxonomy":"product_cat","embeddable":true,"href":"https:\/\/educaredigital.online\/loja\/wp-json\/wp\/v2\/product_cat?post=5908"},{"taxonomy":"product_tag","embeddable":true,"href":"https:\/\/educaredigital.online\/loja\/wp-json\/wp\/v2\/product_tag?post=5908"}],"curies":[{"name":"wp","href":"https:\/\/api.w.org\/{rel}","templated":true}]}}