{"id":5906,"date":"2026-04-01T12:22:14","date_gmt":"2026-04-01T12:22:14","guid":{"rendered":"https:\/\/educaredigital.online\/loja\/produto\/contos-almofadados-branca-de-neve-e-os-sete-anoes\/"},"modified":"2026-04-01T12:40:46","modified_gmt":"2026-04-01T12:40:46","slug":"contos-almofadados-branca-de-neve-e-os-sete-anoes","status":"publish","type":"product","link":"https:\/\/educaredigital.online\/loja\/produto\/contos-almofadados-branca-de-neve-e-os-sete-anoes\/","title":{"rendered":"Contos almofadados &#8211; Branca de neve e os sete an\u00f5es"},"content":{"rendered":"<div class=\"details-table-wrapper\">\n<p data-start=\"0\" data-end=\"276\"><strong><span class=\"hover:entity-accent entity-underline inline cursor-pointer align-baseline\"><span class=\"whitespace-normal\">Contos Almofadados &#8211; Branca de Neve e os Sete An\u00f5es<\/span><\/span><\/strong> traz uma vers\u00e3o encantadora do cl\u00e1ssico conto de fadas, adaptada especialmente para o p\u00fablico infantil. A hist\u00f3ria acompanha a jornada de Branca de Neve, com personagens marcantes e uma narrativa cheia de magia, aventura e emo\u00e7\u00e3o.<\/p>\n<p data-start=\"278\" data-end=\"522\" data-is-last-node=\"\" data-is-only-node=\"\">Com capa almofadada e ilustra\u00e7\u00f5es coloridas, o livro oferece uma experi\u00eancia agrad\u00e1vel e atrativa para os pequenos. Ideal para momentos de leitura em fam\u00edlia, \u00e9 uma excelente op\u00e7\u00e3o para apresentar hist\u00f3rias cl\u00e1ssicas de forma leve e envolvente.<\/p>\n<table class=\"product-details-table\">\n<tbody>\n<tr>\n<td>Autor<\/td>\n<td>P\u00e9 da Letra<\/td>\n<\/tr>\n<tr>\n<td>ISBN<\/td>\n<td>9786558887393<\/td>\n<\/tr>\n<tr>\n<td>Editora<\/td>\n<td>P\u00e9 da Letra<\/td>\n<\/tr>\n<tr>\n<td>N\u00ba de p\u00e1ginas<\/td>\n<td>20<\/td>\n<\/tr>\n<\/tbody>\n<\/table>\n<\/div>\n","protected":false},"excerpt":{"rendered":"<p>Contos Almofadados &#8211; Branca de Neve e os Sete An\u00f5es traz uma vers\u00e3o encantadora do cl\u00e1ssico conto de fadas, adaptada especialmente para o p\u00fablico infantil. A hist\u00f3ria acompanha a jornada de Branca de Neve, com personagens marcantes e uma narrativa<\/p>\n","protected":false},"featured_media":5905,"comment_status":"open","ping_status":"closed","template":"","meta":[],"product_brand":[],"product_cat":[200],"product_tag":[],"class_list":{"0":"post-5906","1":"product","2":"type-product","3":"status-publish","6":"product_cat-0-a-3-anos","8":"first","9":"instock","10":"shipping-taxable","11":"purchasable","12":"product-type-simple"},"_links":{"self":[{"href":"https:\/\/educaredigital.online\/loja\/wp-json\/wp\/v2\/product\/5906","targetHints":{"allow":["GET"]}}],"collection":[{"href":"https:\/\/educaredigital.online\/loja\/wp-json\/wp\/v2\/product"}],"about":[{"href":"https:\/\/educaredigital.online\/loja\/wp-json\/wp\/v2\/types\/product"}],"replies":[{"embeddable":true,"href":"https:\/\/educaredigital.online\/loja\/wp-json\/wp\/v2\/comments?post=5906"}],"wp:featuredmedia":[{"embeddable":true,"href":"https:\/\/educaredigital.online\/loja\/wp-json\/wp\/v2\/media\/5905"}],"wp:attachment":[{"href":"https:\/\/educaredigital.online\/loja\/wp-json\/wp\/v2\/media?parent=5906"}],"wp:term":[{"taxonomy":"product_brand","embeddable":true,"href":"https:\/\/educaredigital.online\/loja\/wp-json\/wp\/v2\/product_brand?post=5906"},{"taxonomy":"product_cat","embeddable":true,"href":"https:\/\/educaredigital.online\/loja\/wp-json\/wp\/v2\/product_cat?post=5906"},{"taxonomy":"product_tag","embeddable":true,"href":"https:\/\/educaredigital.online\/loja\/wp-json\/wp\/v2\/product_tag?post=5906"}],"curies":[{"name":"wp","href":"https:\/\/api.w.org\/{rel}","templated":true}]}}