{"id":5902,"date":"2026-04-01T12:22:09","date_gmt":"2026-04-01T12:22:09","guid":{"rendered":"https:\/\/educaredigital.online\/loja\/produto\/contos-acolchoados-a-oracao-do-pai-nosso\/"},"modified":"2026-04-01T12:35:45","modified_gmt":"2026-04-01T12:35:45","slug":"contos-acolchoados-a-oracao-do-pai-nosso","status":"publish","type":"product","link":"https:\/\/educaredigital.online\/loja\/produto\/contos-acolchoados-a-oracao-do-pai-nosso\/","title":{"rendered":"Contos acolchoados &#8211; A Ora\u00e7\u00e3o do Pai Nosso"},"content":{"rendered":"<div class=\"details-table-wrapper\">\n<p data-start=\"0\" data-end=\"270\"><strong><span class=\"hover:entity-accent entity-underline inline cursor-pointer align-baseline\"><span class=\"whitespace-normal\">Contos Acolchoados &#8211; A Ora\u00e7\u00e3o do Pai Nosso<\/span><\/span><\/strong> \u00e9 uma obra delicada e especial que apresenta a ora\u00e7\u00e3o do Pai Nosso de forma acess\u00edvel para as crian\u00e7as. Com uma abordagem simples e acolhedora, o livro ajuda os pequenos a compreenderem o significado dessa importante ora\u00e7\u00e3o.<\/p>\n<p data-start=\"272\" data-end=\"519\" data-is-last-node=\"\" data-is-only-node=\"\">Com capa acolchoada e ilustra\u00e7\u00f5es suaves, proporciona uma experi\u00eancia confort\u00e1vel e agrad\u00e1vel durante a leitura. Ideal para momentos em fam\u00edlia, \u00e9 uma excelente forma de introduzir valores de f\u00e9, amor e espiritualidade de maneira leve e carinhosa.<\/p>\n<table class=\"product-details-table\">\n<tbody>\n<tr>\n<td>Autor<\/td>\n<td>James Misse<\/td>\n<\/tr>\n<tr>\n<td>ISBN<\/td>\n<td>9786558888017<\/td>\n<\/tr>\n<tr>\n<td>Editora<\/td>\n<td>P\u00e9 da Letra<\/td>\n<\/tr>\n<tr>\n<td>N\u00ba de p\u00e1ginas<\/td>\n<td>20<\/td>\n<\/tr>\n<\/tbody>\n<\/table>\n<\/div>\n","protected":false},"excerpt":{"rendered":"<p>Contos Acolchoados &#8211; A Ora\u00e7\u00e3o do Pai Nosso \u00e9 uma obra delicada e especial que apresenta a ora\u00e7\u00e3o do Pai Nosso de forma acess\u00edvel para as crian\u00e7as. Com uma abordagem simples e acolhedora, o livro ajuda os pequenos a compreenderem<\/p>\n","protected":false},"featured_media":5901,"comment_status":"open","ping_status":"closed","template":"","meta":[],"product_brand":[],"product_cat":[200],"product_tag":[],"class_list":{"0":"post-5902","1":"product","2":"type-product","3":"status-publish","6":"product_cat-0-a-3-anos","8":"first","9":"instock","10":"shipping-taxable","11":"purchasable","12":"product-type-simple"},"_links":{"self":[{"href":"https:\/\/educaredigital.online\/loja\/wp-json\/wp\/v2\/product\/5902","targetHints":{"allow":["GET"]}}],"collection":[{"href":"https:\/\/educaredigital.online\/loja\/wp-json\/wp\/v2\/product"}],"about":[{"href":"https:\/\/educaredigital.online\/loja\/wp-json\/wp\/v2\/types\/product"}],"replies":[{"embeddable":true,"href":"https:\/\/educaredigital.online\/loja\/wp-json\/wp\/v2\/comments?post=5902"}],"wp:featuredmedia":[{"embeddable":true,"href":"https:\/\/educaredigital.online\/loja\/wp-json\/wp\/v2\/media\/5901"}],"wp:attachment":[{"href":"https:\/\/educaredigital.online\/loja\/wp-json\/wp\/v2\/media?parent=5902"}],"wp:term":[{"taxonomy":"product_brand","embeddable":true,"href":"https:\/\/educaredigital.online\/loja\/wp-json\/wp\/v2\/product_brand?post=5902"},{"taxonomy":"product_cat","embeddable":true,"href":"https:\/\/educaredigital.online\/loja\/wp-json\/wp\/v2\/product_cat?post=5902"},{"taxonomy":"product_tag","embeddable":true,"href":"https:\/\/educaredigital.online\/loja\/wp-json\/wp\/v2\/product_tag?post=5902"}],"curies":[{"name":"wp","href":"https:\/\/api.w.org\/{rel}","templated":true}]}}