{"id":5893,"date":"2026-03-31T13:54:50","date_gmt":"2026-03-31T13:54:50","guid":{"rendered":"https:\/\/educaredigital.online\/loja\/produto\/brinquedo-minha-fazenda\/"},"modified":"2026-04-24T20:55:09","modified_gmt":"2026-04-24T20:55:09","slug":"brinquedo-minha-fazenda","status":"publish","type":"product","link":"https:\/\/educaredigital.online\/loja\/produto\/brinquedo-minha-fazenda\/","title":{"rendered":"Minha Fazenda"},"content":{"rendered":"<p class=\"ds-markdown-paragraph\">O\u00a0<strong>Brinquedo Minha Fazenda,<\/strong>\u00a0\u00e9 um rico conjunto de faz de conta que estimula a criatividade e o aprendizado sobre o universo rural. O kit vem com\u00a0<strong>41 pe\u00e7as coloridas<\/strong>, incluindo um\u00a0<strong>tabuleiro decorado<\/strong>\u00a0que serve como base para o cen\u00e1rio, um\u00a0<strong>rancho (celeiro) de pl\u00e1stico com tr\u00eas entradas<\/strong>,\u00a0<strong>20 cercas<\/strong>\u00a0para delimitar os espa\u00e7os,\u00a0<strong>12 animais<\/strong>\u00a0(cavalos e vacas), um\u00a0<strong>embarcador de gado<\/strong>\u00a0e\u00a0<strong>6 bebedouros<\/strong>. A variedade de pe\u00e7as convida a crian\u00e7a a montar sua pr\u00f3pria fazendinha e a inventar hist\u00f3rias sobre o dia a dia no campo, desenvolvendo a imagina\u00e7\u00e3o, a linguagem e a coordena\u00e7\u00e3o motora.<\/p>\n<div class=\"details-table-wrapper\">\n<table class=\"product-details-table\">\n<tbody>\n<tr>\n<td>Marca<\/td>\n<td>Nig<\/td>\n<\/tr>\n<tr>\n<td>Material<\/td>\n<td>\u00a0Pl\u00e1stico e Papel\u00e3o<\/td>\n<\/tr>\n<tr>\n<td>Faixa Et\u00e1ria<\/td>\n<td>A partir de 3 Anos<\/td>\n<\/tr>\n<\/tbody>\n<\/table>\n<p>&nbsp;<\/p>\n<\/div>\n","protected":false},"excerpt":{"rendered":"<p>O\u00a0Brinquedo Minha Fazenda,\u00a0\u00e9 um rico conjunto de faz de conta que estimula a criatividade e o aprendizado sobre o universo rural. O kit vem com\u00a041 pe\u00e7as coloridas, incluindo um\u00a0tabuleiro decorado\u00a0que serve como base para o cen\u00e1rio, um\u00a0rancho (celeiro) de pl\u00e1stico<\/p>\n","protected":false},"featured_media":5892,"comment_status":"open","ping_status":"closed","template":"","meta":[],"product_brand":[234],"product_cat":[212],"product_tag":[],"class_list":{"0":"post-5893","1":"product","2":"type-product","3":"status-publish","6":"product_brand-nig","7":"product_cat-tabuleiros-jogos-e-brinquedos","9":"first","10":"instock","11":"shipping-taxable","12":"purchasable","13":"product-type-simple"},"_links":{"self":[{"href":"https:\/\/educaredigital.online\/loja\/wp-json\/wp\/v2\/product\/5893","targetHints":{"allow":["GET"]}}],"collection":[{"href":"https:\/\/educaredigital.online\/loja\/wp-json\/wp\/v2\/product"}],"about":[{"href":"https:\/\/educaredigital.online\/loja\/wp-json\/wp\/v2\/types\/product"}],"replies":[{"embeddable":true,"href":"https:\/\/educaredigital.online\/loja\/wp-json\/wp\/v2\/comments?post=5893"}],"wp:featuredmedia":[{"embeddable":true,"href":"https:\/\/educaredigital.online\/loja\/wp-json\/wp\/v2\/media\/5892"}],"wp:attachment":[{"href":"https:\/\/educaredigital.online\/loja\/wp-json\/wp\/v2\/media?parent=5893"}],"wp:term":[{"taxonomy":"product_brand","embeddable":true,"href":"https:\/\/educaredigital.online\/loja\/wp-json\/wp\/v2\/product_brand?post=5893"},{"taxonomy":"product_cat","embeddable":true,"href":"https:\/\/educaredigital.online\/loja\/wp-json\/wp\/v2\/product_cat?post=5893"},{"taxonomy":"product_tag","embeddable":true,"href":"https:\/\/educaredigital.online\/loja\/wp-json\/wp\/v2\/product_tag?post=5893"}],"curies":[{"name":"wp","href":"https:\/\/api.w.org\/{rel}","templated":true}]}}