{"id":5891,"date":"2026-03-31T13:54:48","date_gmt":"2026-03-31T13:54:48","guid":{"rendered":"https:\/\/educaredigital.online\/loja\/produto\/18-jogos-reunidos\/"},"modified":"2026-04-24T21:09:05","modified_gmt":"2026-04-24T21:09:05","slug":"18-jogos-reunidos","status":"publish","type":"product","link":"https:\/\/educaredigital.online\/loja\/produto\/18-jogos-reunidos\/","title":{"rendered":"18 Jogos Reunidos"},"content":{"rendered":"<p class=\"ds-markdown-paragraph\">O\u00a0<strong>Jogo 18 Jogos Reunidos, da Nig Brinquedos<\/strong>, \u00e9 uma verdadeira colet\u00e2nea de cl\u00e1ssicos dos tabuleiros. A caixa re\u00fane tudo o que voc\u00ea precisa para jogar 18 op\u00e7\u00f5es diferentes em um s\u00f3 lugar, com uma variedade que vai desde os estrat\u00e9gicos Xadrez, Damas, Gam\u00e3o e Batalha Naval, passando pelos divertidos Ludo, Trilha, Jogo da Oca e Escadas e Serpentes, at\u00e9 chegar aos jogos de cartas e racioc\u00ednio como Baralho, Domin\u00f3, Loto, Palavras Cruzadas e o desafiador Sobra 1.<\/p>\n<div class=\"details-table-wrapper\">\n<table class=\"product-details-table\">\n<tbody>\n<tr>\n<td>Marca<\/td>\n<td>Nig<\/td>\n<\/tr>\n<tr>\n<td>Material<\/td>\n<td>\u00a0Cart\u00e3o e Pl\u00e1stico<\/td>\n<\/tr>\n<tr>\n<td>Faixa Et\u00e1ria<\/td>\n<td>A partir de 6 Anos<\/td>\n<\/tr>\n<tr>\n<td>Quantidade De Jogadores<\/td>\n<td>2 a 4 Jogadores<\/td>\n<\/tr>\n<\/tbody>\n<\/table>\n<\/div>\n","protected":false},"excerpt":{"rendered":"<p>O\u00a0Jogo 18 Jogos Reunidos, da Nig Brinquedos, \u00e9 uma verdadeira colet\u00e2nea de cl\u00e1ssicos dos tabuleiros. A caixa re\u00fane tudo o que voc\u00ea precisa para jogar 18 op\u00e7\u00f5es diferentes em um s\u00f3 lugar, com uma variedade que vai desde os estrat\u00e9gicos<\/p>\n","protected":false},"featured_media":5890,"comment_status":"open","ping_status":"closed","template":"","meta":[],"product_brand":[234],"product_cat":[212],"product_tag":[],"class_list":{"0":"post-5891","1":"product","2":"type-product","3":"status-publish","6":"product_brand-nig","7":"product_cat-tabuleiros-jogos-e-brinquedos","9":"first","10":"instock","11":"shipping-taxable","12":"purchasable","13":"product-type-simple"},"_links":{"self":[{"href":"https:\/\/educaredigital.online\/loja\/wp-json\/wp\/v2\/product\/5891","targetHints":{"allow":["GET"]}}],"collection":[{"href":"https:\/\/educaredigital.online\/loja\/wp-json\/wp\/v2\/product"}],"about":[{"href":"https:\/\/educaredigital.online\/loja\/wp-json\/wp\/v2\/types\/product"}],"replies":[{"embeddable":true,"href":"https:\/\/educaredigital.online\/loja\/wp-json\/wp\/v2\/comments?post=5891"}],"wp:featuredmedia":[{"embeddable":true,"href":"https:\/\/educaredigital.online\/loja\/wp-json\/wp\/v2\/media\/5890"}],"wp:attachment":[{"href":"https:\/\/educaredigital.online\/loja\/wp-json\/wp\/v2\/media?parent=5891"}],"wp:term":[{"taxonomy":"product_brand","embeddable":true,"href":"https:\/\/educaredigital.online\/loja\/wp-json\/wp\/v2\/product_brand?post=5891"},{"taxonomy":"product_cat","embeddable":true,"href":"https:\/\/educaredigital.online\/loja\/wp-json\/wp\/v2\/product_cat?post=5891"},{"taxonomy":"product_tag","embeddable":true,"href":"https:\/\/educaredigital.online\/loja\/wp-json\/wp\/v2\/product_tag?post=5891"}],"curies":[{"name":"wp","href":"https:\/\/api.w.org\/{rel}","templated":true}]}}