{"id":5889,"date":"2026-03-31T13:54:46","date_gmt":"2026-03-31T13:54:46","guid":{"rendered":"https:\/\/educaredigital.online\/loja\/produto\/jogo-batalha-no-corpo\/"},"modified":"2026-04-24T21:09:10","modified_gmt":"2026-04-24T21:09:10","slug":"jogo-batalha-no-corpo","status":"publish","type":"product","link":"https:\/\/educaredigital.online\/loja\/produto\/jogo-batalha-no-corpo\/","title":{"rendered":"Jogo Batalha No Corpo"},"content":{"rendered":"<p class=\"ds-markdown-paragraph\">O\u00a0<strong>Jogo Batalha no Corpo, da Nig Brinquedos<\/strong>, \u00e9 um jogo de percurso educativo que leva os participantes a uma jornada pelo interior do corpo humano. O objetivo \u00e9 simples: cada jogador avan\u00e7a pelo tabuleiro, enfrentando e combatendo diferentes &#8220;doen\u00e7as&#8221; ao longo do caminho. Para vencer, \u00e9 necess\u00e1rio chegar ao final do percurso com as cartas m\u00e9dicas que garantem a cura de cada doen\u00e7a, restaurando a sa\u00fade do corpo e tornando-se o primeiro colocado novamente saud\u00e1vel.<\/p>\n<p class=\"ds-markdown-paragraph\">\u00a0Estimula o aprendizado sobre o funcionamento do corpo humano, \u00f3rg\u00e3os e sistemas, ao mesmo tempo que desenvolve habilidades de tomada de decis\u00e3o e estrat\u00e9gia. O conjunto inclui <strong>1 tabuleiro, 4 pinos, 1 cartela com seta, 1 dado, 56 cartas m\u00e9dicas, 6 cartas &#8220;cura geral&#8221; e 1 manual de instru\u00e7\u00f5es.<\/strong><\/p>\n<div class=\"details-table-wrapper\">\n<table class=\"product-details-table\">\n<tbody>\n<tr>\n<td>Marca<\/td>\n<td>Nig<\/td>\n<\/tr>\n<tr>\n<td>Material<\/td>\n<td>\u00a0Papel Cart\u00e3o e Pl\u00e1stico<\/td>\n<\/tr>\n<tr>\n<td>Faixa Et\u00e1ria<\/td>\n<td>A partir de 7 Anos<\/td>\n<\/tr>\n<tr>\n<td>Quantidade De Jogadores<\/td>\n<td>2 a 4 Jogadores<\/td>\n<\/tr>\n<\/tbody>\n<\/table>\n<\/div>\n","protected":false},"excerpt":{"rendered":"<p>O\u00a0Jogo Batalha no Corpo, da Nig Brinquedos, \u00e9 um jogo de percurso educativo que leva os participantes a uma jornada pelo interior do corpo humano. O objetivo \u00e9 simples: cada jogador avan\u00e7a pelo tabuleiro, enfrentando e combatendo diferentes &#8220;doen\u00e7as&#8221; ao<\/p>\n","protected":false},"featured_media":5888,"comment_status":"open","ping_status":"closed","template":"","meta":[],"product_brand":[234],"product_cat":[212],"product_tag":[],"class_list":{"0":"post-5889","1":"product","2":"type-product","3":"status-publish","6":"product_brand-nig","7":"product_cat-tabuleiros-jogos-e-brinquedos","9":"first","10":"instock","11":"shipping-taxable","12":"purchasable","13":"product-type-simple"},"_links":{"self":[{"href":"https:\/\/educaredigital.online\/loja\/wp-json\/wp\/v2\/product\/5889","targetHints":{"allow":["GET"]}}],"collection":[{"href":"https:\/\/educaredigital.online\/loja\/wp-json\/wp\/v2\/product"}],"about":[{"href":"https:\/\/educaredigital.online\/loja\/wp-json\/wp\/v2\/types\/product"}],"replies":[{"embeddable":true,"href":"https:\/\/educaredigital.online\/loja\/wp-json\/wp\/v2\/comments?post=5889"}],"wp:featuredmedia":[{"embeddable":true,"href":"https:\/\/educaredigital.online\/loja\/wp-json\/wp\/v2\/media\/5888"}],"wp:attachment":[{"href":"https:\/\/educaredigital.online\/loja\/wp-json\/wp\/v2\/media?parent=5889"}],"wp:term":[{"taxonomy":"product_brand","embeddable":true,"href":"https:\/\/educaredigital.online\/loja\/wp-json\/wp\/v2\/product_brand?post=5889"},{"taxonomy":"product_cat","embeddable":true,"href":"https:\/\/educaredigital.online\/loja\/wp-json\/wp\/v2\/product_cat?post=5889"},{"taxonomy":"product_tag","embeddable":true,"href":"https:\/\/educaredigital.online\/loja\/wp-json\/wp\/v2\/product_tag?post=5889"}],"curies":[{"name":"wp","href":"https:\/\/api.w.org\/{rel}","templated":true}]}}