{"id":5887,"date":"2026-03-31T13:54:44","date_gmt":"2026-03-31T13:54:44","guid":{"rendered":"https:\/\/educaredigital.online\/loja\/produto\/jogo-nota-10\/"},"modified":"2026-04-24T21:09:17","modified_gmt":"2026-04-24T21:09:17","slug":"jogo-nota-10","status":"publish","type":"product","link":"https:\/\/educaredigital.online\/loja\/produto\/jogo-nota-10\/","title":{"rendered":"Jogo Nota 10"},"content":{"rendered":"<div class=\"ds-message _63c77b1\">\n<div class=\"ds-markdown\">\n<p class=\"ds-markdown-paragraph\">O <strong>Jogo Nota 10<\/strong>,\u00a0 \u00e9 um jogo de tabuleiro no estilo quiz, ideal para testar conhecimentos gerais de forma divertida. O jogo cont\u00e9m um tabuleiro colorido, 180 cartas com perguntas sobre temas como Esportes, Ci\u00eancias, Conhecimentos Gerais e Racioc\u00ednio, al\u00e9m de charadas e provas de gincana. Os jogadores devem avan\u00e7ar no tabuleiro respondendo corretamente \u00e0s quest\u00f5es, e quem sabe mais e acerta mais, avan\u00e7a mais casas e prova ser um &#8220;aluno nota 10&#8221;.<\/p>\n<\/div>\n<\/div>\n<div class=\"details-table-wrapper\">\n<table class=\"product-details-table\">\n<tbody>\n<tr>\n<td>Marca<\/td>\n<td>Nig<\/td>\n<\/tr>\n<tr>\n<td>Material<\/td>\n<td>\u00a0Cartonado<\/td>\n<\/tr>\n<tr>\n<td>Faixa Et\u00e1ria<\/td>\n<td>A partir de 9 Anos<\/td>\n<\/tr>\n<tr>\n<td>Quantidade De Jogadores<\/td>\n<td>2 a 4 Jogadores<\/td>\n<\/tr>\n<\/tbody>\n<\/table>\n<\/div>\n","protected":false},"excerpt":{"rendered":"<p>O Jogo Nota 10,\u00a0 \u00e9 um jogo de tabuleiro no estilo quiz, ideal para testar conhecimentos gerais de forma divertida. O jogo cont\u00e9m um tabuleiro colorido, 180 cartas com perguntas sobre temas como Esportes, Ci\u00eancias, Conhecimentos Gerais e Racioc\u00ednio, al\u00e9m<\/p>\n","protected":false},"featured_media":5886,"comment_status":"open","ping_status":"closed","template":"","meta":[],"product_brand":[234],"product_cat":[212],"product_tag":[],"class_list":{"0":"post-5887","1":"product","2":"type-product","3":"status-publish","6":"product_brand-nig","7":"product_cat-tabuleiros-jogos-e-brinquedos","9":"first","10":"instock","11":"shipping-taxable","12":"purchasable","13":"product-type-simple"},"_links":{"self":[{"href":"https:\/\/educaredigital.online\/loja\/wp-json\/wp\/v2\/product\/5887","targetHints":{"allow":["GET"]}}],"collection":[{"href":"https:\/\/educaredigital.online\/loja\/wp-json\/wp\/v2\/product"}],"about":[{"href":"https:\/\/educaredigital.online\/loja\/wp-json\/wp\/v2\/types\/product"}],"replies":[{"embeddable":true,"href":"https:\/\/educaredigital.online\/loja\/wp-json\/wp\/v2\/comments?post=5887"}],"wp:featuredmedia":[{"embeddable":true,"href":"https:\/\/educaredigital.online\/loja\/wp-json\/wp\/v2\/media\/5886"}],"wp:attachment":[{"href":"https:\/\/educaredigital.online\/loja\/wp-json\/wp\/v2\/media?parent=5887"}],"wp:term":[{"taxonomy":"product_brand","embeddable":true,"href":"https:\/\/educaredigital.online\/loja\/wp-json\/wp\/v2\/product_brand?post=5887"},{"taxonomy":"product_cat","embeddable":true,"href":"https:\/\/educaredigital.online\/loja\/wp-json\/wp\/v2\/product_cat?post=5887"},{"taxonomy":"product_tag","embeddable":true,"href":"https:\/\/educaredigital.online\/loja\/wp-json\/wp\/v2\/product_tag?post=5887"}],"curies":[{"name":"wp","href":"https:\/\/api.w.org\/{rel}","templated":true}]}}