{"id":5883,"date":"2026-03-31T13:54:37","date_gmt":"2026-03-31T13:54:37","guid":{"rendered":"https:\/\/educaredigital.online\/loja\/produto\/jogo-fato-ou-fake\/"},"modified":"2026-04-24T21:09:41","modified_gmt":"2026-04-24T21:09:41","slug":"jogo-fato-ou-fake","status":"publish","type":"product","link":"https:\/\/educaredigital.online\/loja\/produto\/jogo-fato-ou-fake\/","title":{"rendered":"Jogo Fato ou Fake?"},"content":{"rendered":"<div class=\"ds-message _63c77b1\">\n<div class=\"ds-markdown\">\n<p class=\"ds-markdown-paragraph\">O\u00a0<strong>Jogo Fato ou Fake? <\/strong>\u00a0\u00e9 um jogo de tabuleiro sobre conhecimentos gerais que desafia os participantes a dizer se uma afirma\u00e7\u00e3o \u00e9 verdadeira (Fato) ou falsa (Fake). O objetivo \u00e9 discutir e decidir sobre as mais variadas quest\u00f5es de\u00a0<strong>Hist\u00f3ria, Esportes, Tecnologia, Geografia, Atualidades, Redes Sociais e muito mais<\/strong>. Cada acerto permite que o jogador avance pelo tabuleiro, e quem completar o percurso primeiro vence a partida.<\/p>\n<p class=\"ds-markdown-paragraph\">O jogo \u00e9 indicado para\u00a0<strong>2 a 6 jogadores a partir de 9 anos<\/strong>, e o conjunto acompanha\u00a0<strong>um tabuleiro, uma ampulheta, 120 cartas, 6 pe\u00f5es e um manual de regras<\/strong>. Fabricado em\u00a0<strong>papel cartonado e pl\u00e1stico<\/strong>, o produto possui certifica\u00e7\u00e3o de seguran\u00e7a do\u00a0<strong>INMETRO<\/strong>. \u00c9 uma excelente op\u00e7\u00e3o para estimular a\u00a0<strong>socializa\u00e7\u00e3o, a mem\u00f3ria e o racioc\u00ednio<\/strong>, garantindo divers\u00e3o em fam\u00edlia e entre amigos.<\/p>\n<div class=\"details-table-wrapper\">\n<table class=\"product-details-table\">\n<tbody>\n<tr>\n<td>Marca<\/td>\n<td>Nig<\/td>\n<\/tr>\n<tr>\n<td>Material<\/td>\n<td>\u00a0Papel Cartonado e Pl\u00e1stico<\/td>\n<\/tr>\n<tr>\n<td>Faixa Et\u00e1ria<\/td>\n<td>A partir de 9 Anos<\/td>\n<\/tr>\n<tr>\n<td>Quantidade De Jogadores<\/td>\n<td>2 a 6 Jogadores<\/td>\n<\/tr>\n<\/tbody>\n<\/table>\n<\/div>\n<\/div>\n<\/div>\n","protected":false},"excerpt":{"rendered":"<p>O\u00a0Jogo Fato ou Fake? \u00a0\u00e9 um jogo de tabuleiro sobre conhecimentos gerais que desafia os participantes a dizer se uma afirma\u00e7\u00e3o \u00e9 verdadeira (Fato) ou falsa (Fake). O objetivo \u00e9 discutir e decidir sobre as mais variadas quest\u00f5es de\u00a0Hist\u00f3ria, Esportes,<\/p>\n","protected":false},"featured_media":5882,"comment_status":"open","ping_status":"closed","template":"","meta":[],"product_brand":[234],"product_cat":[212],"product_tag":[],"class_list":{"0":"post-5883","1":"product","2":"type-product","3":"status-publish","6":"product_brand-nig","7":"product_cat-tabuleiros-jogos-e-brinquedos","9":"first","10":"instock","11":"shipping-taxable","12":"purchasable","13":"product-type-simple"},"_links":{"self":[{"href":"https:\/\/educaredigital.online\/loja\/wp-json\/wp\/v2\/product\/5883","targetHints":{"allow":["GET"]}}],"collection":[{"href":"https:\/\/educaredigital.online\/loja\/wp-json\/wp\/v2\/product"}],"about":[{"href":"https:\/\/educaredigital.online\/loja\/wp-json\/wp\/v2\/types\/product"}],"replies":[{"embeddable":true,"href":"https:\/\/educaredigital.online\/loja\/wp-json\/wp\/v2\/comments?post=5883"}],"wp:featuredmedia":[{"embeddable":true,"href":"https:\/\/educaredigital.online\/loja\/wp-json\/wp\/v2\/media\/5882"}],"wp:attachment":[{"href":"https:\/\/educaredigital.online\/loja\/wp-json\/wp\/v2\/media?parent=5883"}],"wp:term":[{"taxonomy":"product_brand","embeddable":true,"href":"https:\/\/educaredigital.online\/loja\/wp-json\/wp\/v2\/product_brand?post=5883"},{"taxonomy":"product_cat","embeddable":true,"href":"https:\/\/educaredigital.online\/loja\/wp-json\/wp\/v2\/product_cat?post=5883"},{"taxonomy":"product_tag","embeddable":true,"href":"https:\/\/educaredigital.online\/loja\/wp-json\/wp\/v2\/product_tag?post=5883"}],"curies":[{"name":"wp","href":"https:\/\/api.w.org\/{rel}","templated":true}]}}