{"id":5879,"date":"2026-03-31T13:54:32","date_gmt":"2026-03-31T13:54:32","guid":{"rendered":"https:\/\/educaredigital.online\/loja\/produto\/jogo-identidade\/"},"modified":"2026-04-24T21:09:50","modified_gmt":"2026-04-24T21:09:50","slug":"jogo-identidade","status":"publish","type":"product","link":"https:\/\/educaredigital.online\/loja\/produto\/jogo-identidade\/","title":{"rendered":"Jogo &#8211; #IDENTIDADE"},"content":{"rendered":"<p class=\"ds-markdown-paragraph\">O\u00a0<strong>Jogo Identidade <\/strong>\u00e9 um divertido jogo de tabuleiro no qual os participantes precisam adivinhar a personalidade misteriosa de cada carta com base em dicas, o jogo vem com <strong>250 cartas<\/strong>\u00a0repletas de artistas, atletas, figuras hist\u00f3ricas e personagens da fic\u00e7\u00e3o,\u00a0<strong>1 tabuleiro<\/strong>\u00a0e\u00a0<strong>4 pe\u00f5es coloridos<\/strong>. Cada personagem oferece\u00a0<strong>6 dicas<\/strong>\u00a0que s\u00e3o lidas em ordem decrescente, e quem acertar a identidade com o menor n\u00famero de dicas avan\u00e7a mais casas no tabuleiro (quem acertar com a dica 6 anda 6 casas, e assim por diante), vencendo quem chegar primeiro ao final.<\/p>\n<p class=\"ds-markdown-paragraph\">Al\u00e9m de garantir horas de entretenimento, o jogo \u00e9 uma excelente ferramenta para\u00a0<strong>estimular o racioc\u00ednio l\u00f3gico, a mem\u00f3ria e a agilidade mental<\/strong> das crian\u00e7as.<\/p>\n<div class=\"details-table-wrapper\">\n<table class=\"product-details-table\">\n<tbody>\n<tr>\n<td>Marca<\/td>\n<td>Nig<\/td>\n<\/tr>\n<tr>\n<td>Material<\/td>\n<td>Polipropileno e Papel cart\u00e3o<\/td>\n<\/tr>\n<tr>\n<td>Faixa Et\u00e1ria<\/td>\n<td>A partir de 9 Anos<\/td>\n<\/tr>\n<tr>\n<td>Quantidade De Jogadores<\/td>\n<td>2 a 4 Jogadores<\/td>\n<\/tr>\n<\/tbody>\n<\/table>\n<\/div>\n","protected":false},"excerpt":{"rendered":"<p>O\u00a0Jogo Identidade \u00e9 um divertido jogo de tabuleiro no qual os participantes precisam adivinhar a personalidade misteriosa de cada carta com base em dicas, o jogo vem com 250 cartas\u00a0repletas de artistas, atletas, figuras hist\u00f3ricas e personagens da fic\u00e7\u00e3o,\u00a01 tabuleiro\u00a0e\u00a04<\/p>\n","protected":false},"featured_media":5878,"comment_status":"open","ping_status":"closed","template":"","meta":[],"product_brand":[234],"product_cat":[212],"product_tag":[],"class_list":{"0":"post-5879","1":"product","2":"type-product","3":"status-publish","6":"product_brand-nig","7":"product_cat-tabuleiros-jogos-e-brinquedos","9":"first","10":"instock","11":"shipping-taxable","12":"purchasable","13":"product-type-simple"},"_links":{"self":[{"href":"https:\/\/educaredigital.online\/loja\/wp-json\/wp\/v2\/product\/5879","targetHints":{"allow":["GET"]}}],"collection":[{"href":"https:\/\/educaredigital.online\/loja\/wp-json\/wp\/v2\/product"}],"about":[{"href":"https:\/\/educaredigital.online\/loja\/wp-json\/wp\/v2\/types\/product"}],"replies":[{"embeddable":true,"href":"https:\/\/educaredigital.online\/loja\/wp-json\/wp\/v2\/comments?post=5879"}],"wp:featuredmedia":[{"embeddable":true,"href":"https:\/\/educaredigital.online\/loja\/wp-json\/wp\/v2\/media\/5878"}],"wp:attachment":[{"href":"https:\/\/educaredigital.online\/loja\/wp-json\/wp\/v2\/media?parent=5879"}],"wp:term":[{"taxonomy":"product_brand","embeddable":true,"href":"https:\/\/educaredigital.online\/loja\/wp-json\/wp\/v2\/product_brand?post=5879"},{"taxonomy":"product_cat","embeddable":true,"href":"https:\/\/educaredigital.online\/loja\/wp-json\/wp\/v2\/product_cat?post=5879"},{"taxonomy":"product_tag","embeddable":true,"href":"https:\/\/educaredigital.online\/loja\/wp-json\/wp\/v2\/product_tag?post=5879"}],"curies":[{"name":"wp","href":"https:\/\/api.w.org\/{rel}","templated":true}]}}