{"id":5877,"date":"2026-03-31T13:54:30","date_gmt":"2026-03-31T13:54:30","guid":{"rendered":"https:\/\/educaredigital.online\/loja\/produto\/jogo-batalha-naval\/"},"modified":"2026-04-24T21:09:59","modified_gmt":"2026-04-24T21:09:59","slug":"jogo-batalha-naval","status":"publish","type":"product","link":"https:\/\/educaredigital.online\/loja\/produto\/jogo-batalha-naval\/","title":{"rendered":"Jogo Batalha Naval"},"content":{"rendered":"<p>O\u00a0<strong>Jogo Batalha Naval<\/strong> \u00e9 uma vers\u00e3o pr\u00e1tica e port\u00e1til do cl\u00e1ssico jogo de estrat\u00e9gia, projetado para dois participantes. O jogo vem em duas maletas de pl\u00e1stico que se transformam em plataformas de combate, e cada jogador assume o papel de um almirante. A brincadeira come\u00e7a posicionando estrategicamente uma frota com dez navios de guerra, que incluem porta-avi\u00f5es, cruzadores, destroyers, submarinos e fragatas. Com a ajuda de 200 pinos para marcar os tiros, o objetivo \u00e9 deduzir a localiza\u00e7\u00e3o da frota inimiga no tabuleiro advers\u00e1rio para afundar todas as suas embarca\u00e7\u00f5es.<\/p>\n<div class=\"details-table-wrapper\">\n<table class=\"product-details-table\">\n<tbody>\n<tr>\n<td>Marca<\/td>\n<td>Nig<\/td>\n<\/tr>\n<tr>\n<td>Material<\/td>\n<td>\u00a0Pl\u00e1stico<\/td>\n<\/tr>\n<tr>\n<td>Faixa Et\u00e1ria<\/td>\n<td>A partir de 5 Anos<\/td>\n<\/tr>\n<tr>\n<td>Quantidade De Jogadores<\/td>\n<td>2\u00a0 Jogadores<\/td>\n<\/tr>\n<\/tbody>\n<\/table>\n<\/div>\n","protected":false},"excerpt":{"rendered":"<p>O\u00a0Jogo Batalha Naval \u00e9 uma vers\u00e3o pr\u00e1tica e port\u00e1til do cl\u00e1ssico jogo de estrat\u00e9gia, projetado para dois participantes. O jogo vem em duas maletas de pl\u00e1stico que se transformam em plataformas de combate, e cada jogador assume o papel de<\/p>\n","protected":false},"featured_media":5876,"comment_status":"open","ping_status":"closed","template":"","meta":[],"product_brand":[234],"product_cat":[212],"product_tag":[],"class_list":{"0":"post-5877","1":"product","2":"type-product","3":"status-publish","6":"product_brand-nig","7":"product_cat-tabuleiros-jogos-e-brinquedos","9":"first","10":"instock","11":"shipping-taxable","12":"purchasable","13":"product-type-simple"},"_links":{"self":[{"href":"https:\/\/educaredigital.online\/loja\/wp-json\/wp\/v2\/product\/5877","targetHints":{"allow":["GET"]}}],"collection":[{"href":"https:\/\/educaredigital.online\/loja\/wp-json\/wp\/v2\/product"}],"about":[{"href":"https:\/\/educaredigital.online\/loja\/wp-json\/wp\/v2\/types\/product"}],"replies":[{"embeddable":true,"href":"https:\/\/educaredigital.online\/loja\/wp-json\/wp\/v2\/comments?post=5877"}],"wp:featuredmedia":[{"embeddable":true,"href":"https:\/\/educaredigital.online\/loja\/wp-json\/wp\/v2\/media\/5876"}],"wp:attachment":[{"href":"https:\/\/educaredigital.online\/loja\/wp-json\/wp\/v2\/media?parent=5877"}],"wp:term":[{"taxonomy":"product_brand","embeddable":true,"href":"https:\/\/educaredigital.online\/loja\/wp-json\/wp\/v2\/product_brand?post=5877"},{"taxonomy":"product_cat","embeddable":true,"href":"https:\/\/educaredigital.online\/loja\/wp-json\/wp\/v2\/product_cat?post=5877"},{"taxonomy":"product_tag","embeddable":true,"href":"https:\/\/educaredigital.online\/loja\/wp-json\/wp\/v2\/product_tag?post=5877"}],"curies":[{"name":"wp","href":"https:\/\/api.w.org\/{rel}","templated":true}]}}