{"id":5873,"date":"2026-03-31T13:54:26","date_gmt":"2026-03-31T13:54:26","guid":{"rendered":"https:\/\/educaredigital.online\/loja\/produto\/jogo-das-emocoes-mundo-bita\/"},"modified":"2026-04-24T21:10:12","modified_gmt":"2026-04-24T21:10:12","slug":"jogo-das-emocoes-mundo-bita","status":"publish","type":"product","link":"https:\/\/educaredigital.online\/loja\/produto\/jogo-das-emocoes-mundo-bita\/","title":{"rendered":"Jogo Das Emo\u00e7\u00f5es &#8211; MUNDO BITA"},"content":{"rendered":"<p class=\"ds-markdown-paragraph\">O\u00a0<strong>Jogo das Emo\u00e7\u00f5es \u2013 Bita e os Sentimentos<\/strong>, foi desenvolvido para ajudar as crian\u00e7as a explorar o universo dos sentimentos de forma l\u00fadica. Inspirado na s\u00e9rie de clipes do Mundo Bita, o jogo \u00e9 uma ferramenta vers\u00e1til que oferece <strong>tr\u00eas maneiras diferentes de brincar<\/strong>: com cartinhas, com cartinhas e dado, ou com um tabuleiro. O kit acompanha\u00a0<strong>69 pe\u00e7as.<\/strong><\/p>\n<p class=\"ds-markdown-paragraph\">Ao nomear e associar emo\u00e7\u00f5es a situa\u00e7\u00f5es do dia a dia, o jogo estimula a\u00a0<strong>empatia, o autoconhecimento e a comunica\u00e7\u00e3o<\/strong>, sendo ideal para uso em fam\u00edlia, na escola ou em contextos terap\u00eauticos. Com uma abordagem que transforma conversas sobre sentimentos em uma atividade interativa e divertida, ele contribui para o desenvolvimento da intelig\u00eancia emocional dos pequenos.<\/p>\n<div class=\"details-table-wrapper\">\n<table class=\"product-details-table\">\n<tbody>\n<tr>\n<td>Marca<\/td>\n<td>Nig<\/td>\n<\/tr>\n<tr>\n<td>Material<\/td>\n<td>\u00a0Papel Cartonado e \u00a0Polipropileno<\/td>\n<\/tr>\n<tr>\n<td>Faixa Et\u00e1ria<\/td>\n<td>A partir de 3 Anos<\/td>\n<\/tr>\n<\/tbody>\n<\/table>\n<\/div>\n","protected":false},"excerpt":{"rendered":"<p>O\u00a0Jogo das Emo\u00e7\u00f5es \u2013 Bita e os Sentimentos, foi desenvolvido para ajudar as crian\u00e7as a explorar o universo dos sentimentos de forma l\u00fadica. Inspirado na s\u00e9rie de clipes do Mundo Bita, o jogo \u00e9 uma ferramenta vers\u00e1til que oferece tr\u00eas<\/p>\n","protected":false},"featured_media":5872,"comment_status":"open","ping_status":"closed","template":"","meta":[],"product_brand":[234],"product_cat":[211],"product_tag":[],"class_list":{"0":"post-5873","1":"product","2":"type-product","3":"status-publish","6":"product_brand-nig","7":"product_cat-psicomotricidade-jogos-e-brinquedos","9":"first","10":"instock","11":"shipping-taxable","12":"purchasable","13":"product-type-simple"},"_links":{"self":[{"href":"https:\/\/educaredigital.online\/loja\/wp-json\/wp\/v2\/product\/5873","targetHints":{"allow":["GET"]}}],"collection":[{"href":"https:\/\/educaredigital.online\/loja\/wp-json\/wp\/v2\/product"}],"about":[{"href":"https:\/\/educaredigital.online\/loja\/wp-json\/wp\/v2\/types\/product"}],"replies":[{"embeddable":true,"href":"https:\/\/educaredigital.online\/loja\/wp-json\/wp\/v2\/comments?post=5873"}],"wp:featuredmedia":[{"embeddable":true,"href":"https:\/\/educaredigital.online\/loja\/wp-json\/wp\/v2\/media\/5872"}],"wp:attachment":[{"href":"https:\/\/educaredigital.online\/loja\/wp-json\/wp\/v2\/media?parent=5873"}],"wp:term":[{"taxonomy":"product_brand","embeddable":true,"href":"https:\/\/educaredigital.online\/loja\/wp-json\/wp\/v2\/product_brand?post=5873"},{"taxonomy":"product_cat","embeddable":true,"href":"https:\/\/educaredigital.online\/loja\/wp-json\/wp\/v2\/product_cat?post=5873"},{"taxonomy":"product_tag","embeddable":true,"href":"https:\/\/educaredigital.online\/loja\/wp-json\/wp\/v2\/product_tag?post=5873"}],"curies":[{"name":"wp","href":"https:\/\/api.w.org\/{rel}","templated":true}]}}