{"id":5871,"date":"2026-03-31T13:54:25","date_gmt":"2026-03-31T13:54:25","guid":{"rendered":"https:\/\/educaredigital.online\/loja\/produto\/brinquedo-laboratorio-manual-do-mundo-85-experiencias\/"},"modified":"2026-04-24T21:10:18","modified_gmt":"2026-04-24T21:10:18","slug":"brinquedo-laboratorio-manual-do-mundo-85-experiencias","status":"publish","type":"product","link":"https:\/\/educaredigital.online\/loja\/produto\/brinquedo-laboratorio-manual-do-mundo-85-experiencias\/","title":{"rendered":"Laborat\u00f3rio Manual Do Mundo &#8211; 85 EXPERI\u00caNCIAS"},"content":{"rendered":"<div class=\"ds-message _63c77b1\">\n<div class=\"ds-markdown\">\n<p class=\"ds-markdown-paragraph\">O\u00a0<strong>Laborat\u00f3rio Manual do Mundo<\/strong>, \u00e9 um kit de ci\u00eancias desenvolvido em parceria com o canal do YouTube <strong>Manual do Mundo<\/strong>, refer\u00eancia nacional em entretenimento educativo. O\u00a0conjunto traz\u00a0<strong>85 experimentos<\/strong>, cada um detalhado em um cart\u00e3o explicativo com a lista de materiais, o passo a passo e a explica\u00e7\u00e3o cient\u00edfica. Um diferencial \u00e9 que cerca de\u00a0<strong>25% das atividades possuem um QR Code<\/strong>\u00a0que direciona para o v\u00eddeo do experimento no canal, facilitando o aprendizado.<\/p>\n<p class=\"ds-markdown-paragraph\">O kit vem com\u00a0<strong>11 frascos de reagentes qu\u00edmicos, 85 fichas, 4 tubos de ensaio, 1 estante, 1 pipeta, 1 funil, 1 \u00f3culos de prote\u00e7\u00e3o, 3 corantes, 2 frascos vazios, 2 canudos, 2 bexigas, 1 copinho e 1 potinho pl\u00e1stico com tampa<\/strong>. Al\u00e9m de estimular o m\u00e9todo cient\u00edfico e a curiosidade, o laborat\u00f3rio ensina sobre\u00a0<strong>qu\u00edmica e seguran\u00e7a em experimentos<\/strong> de forma l\u00fadica.<\/p>\n<div class=\"details-table-wrapper\">\n<table class=\"product-details-table\">\n<tbody>\n<tr>\n<td>Marca<\/td>\n<td>Nig<\/td>\n<\/tr>\n<tr>\n<td>Material<\/td>\n<td>\u00a0Pl\u00e1stico<\/td>\n<\/tr>\n<tr>\n<td>Faixa Et\u00e1ria<\/td>\n<td>A partir de 8 Anos<\/td>\n<\/tr>\n<tr>\n<td>Quantidade De Jogadores<\/td>\n<td>1 ou mais Jogadores<\/td>\n<\/tr>\n<\/tbody>\n<\/table>\n<\/div>\n<\/div>\n<\/div>\n","protected":false},"excerpt":{"rendered":"<p>O\u00a0Laborat\u00f3rio Manual do Mundo, \u00e9 um kit de ci\u00eancias desenvolvido em parceria com o canal do YouTube Manual do Mundo, refer\u00eancia nacional em entretenimento educativo. O\u00a0conjunto traz\u00a085 experimentos, cada um detalhado em um cart\u00e3o explicativo com a lista de materiais,<\/p>\n","protected":false},"featured_media":5870,"comment_status":"open","ping_status":"closed","template":"","meta":[],"product_brand":[234],"product_cat":[212],"product_tag":[],"class_list":{"0":"post-5871","1":"product","2":"type-product","3":"status-publish","6":"product_brand-nig","7":"product_cat-tabuleiros-jogos-e-brinquedos","9":"first","10":"instock","11":"shipping-taxable","12":"purchasable","13":"product-type-simple"},"_links":{"self":[{"href":"https:\/\/educaredigital.online\/loja\/wp-json\/wp\/v2\/product\/5871","targetHints":{"allow":["GET"]}}],"collection":[{"href":"https:\/\/educaredigital.online\/loja\/wp-json\/wp\/v2\/product"}],"about":[{"href":"https:\/\/educaredigital.online\/loja\/wp-json\/wp\/v2\/types\/product"}],"replies":[{"embeddable":true,"href":"https:\/\/educaredigital.online\/loja\/wp-json\/wp\/v2\/comments?post=5871"}],"wp:featuredmedia":[{"embeddable":true,"href":"https:\/\/educaredigital.online\/loja\/wp-json\/wp\/v2\/media\/5870"}],"wp:attachment":[{"href":"https:\/\/educaredigital.online\/loja\/wp-json\/wp\/v2\/media?parent=5871"}],"wp:term":[{"taxonomy":"product_brand","embeddable":true,"href":"https:\/\/educaredigital.online\/loja\/wp-json\/wp\/v2\/product_brand?post=5871"},{"taxonomy":"product_cat","embeddable":true,"href":"https:\/\/educaredigital.online\/loja\/wp-json\/wp\/v2\/product_cat?post=5871"},{"taxonomy":"product_tag","embeddable":true,"href":"https:\/\/educaredigital.online\/loja\/wp-json\/wp\/v2\/product_tag?post=5871"}],"curies":[{"name":"wp","href":"https:\/\/api.w.org\/{rel}","templated":true}]}}