{"id":5863,"date":"2026-03-31T13:54:15","date_gmt":"2026-03-31T13:54:15","guid":{"rendered":"https:\/\/educaredigital.online\/loja\/produto\/minha-rotina-mad\/"},"modified":"2026-04-24T21:10:49","modified_gmt":"2026-04-24T21:10:49","slug":"minha-rotina-mad","status":"publish","type":"product","link":"https:\/\/educaredigital.online\/loja\/produto\/minha-rotina-mad\/","title":{"rendered":"Minha Rotina"},"content":{"rendered":"<div class=\"ds-message _63c77b1\">\n<div class=\"ds-markdown\">\n<p class=\"ds-markdown-paragraph\">O\u00a0<strong>Jogo Magn\u00e9tico Minha Rotina, <\/strong>foi criado para ajudar as crian\u00e7as a entender e organizar as atividades do dia a dia de uma forma l\u00fadica e visual. O jogo vem com um painel de metal, uma base de madeira e\u00a0<strong>40 pe\u00e7as magn\u00e9ticas<\/strong>\u00a0que representam diferentes tarefas, como acordar, escovar os dentes e tomar caf\u00e9. A brincadeira consiste em usar\u00a0<strong>10 cartinhas de atividades<\/strong>\u00a0para criar uma linha do tempo no painel, posicionando os \u00edm\u00e3s na ordem correta para montar uma rotina completa.<\/p>\n<p class=\"ds-markdown-paragraph\">Este brinquedo \u00e9 uma excelente ferramenta para desenvolver a <strong>autonomia, a organiza\u00e7\u00e3o e a no\u00e7\u00e3o de sequ\u00eancia temporal<\/strong>. Ao visualizar a ordem de suas a\u00e7\u00f5es, a crian\u00e7a ganha mais confian\u00e7a e compreende melhor o fluxo do seu dia, o que \u00e9 especialmente \u00fatil para reduzir a ansiedade e a resist\u00eancia a transi\u00e7\u00f5es, como a hora do banho ou de dormir.<\/p>\n<div class=\"details-table-wrapper\">\n<table class=\"product-details-table\">\n<tbody>\n<tr>\n<td>Marca<\/td>\n<td>Nig<\/td>\n<\/tr>\n<tr>\n<td>Material<\/td>\n<td>\u00a0MDF<\/td>\n<\/tr>\n<tr>\n<td>Faixa Et\u00e1ria<\/td>\n<td>A partir de 3 Anos<\/td>\n<\/tr>\n<\/tbody>\n<\/table>\n<\/div>\n<\/div>\n<\/div>\n","protected":false},"excerpt":{"rendered":"<p>O\u00a0Jogo Magn\u00e9tico Minha Rotina, foi criado para ajudar as crian\u00e7as a entender e organizar as atividades do dia a dia de uma forma l\u00fadica e visual. O jogo vem com um painel de metal, uma base de madeira e\u00a040 pe\u00e7as<\/p>\n","protected":false},"featured_media":5862,"comment_status":"open","ping_status":"closed","template":"","meta":[],"product_brand":[234],"product_cat":[211],"product_tag":[],"class_list":{"0":"post-5863","1":"product","2":"type-product","3":"status-publish","6":"product_brand-nig","7":"product_cat-psicomotricidade-jogos-e-brinquedos","9":"first","10":"instock","11":"shipping-taxable","12":"purchasable","13":"product-type-simple"},"_links":{"self":[{"href":"https:\/\/educaredigital.online\/loja\/wp-json\/wp\/v2\/product\/5863","targetHints":{"allow":["GET"]}}],"collection":[{"href":"https:\/\/educaredigital.online\/loja\/wp-json\/wp\/v2\/product"}],"about":[{"href":"https:\/\/educaredigital.online\/loja\/wp-json\/wp\/v2\/types\/product"}],"replies":[{"embeddable":true,"href":"https:\/\/educaredigital.online\/loja\/wp-json\/wp\/v2\/comments?post=5863"}],"wp:featuredmedia":[{"embeddable":true,"href":"https:\/\/educaredigital.online\/loja\/wp-json\/wp\/v2\/media\/5862"}],"wp:attachment":[{"href":"https:\/\/educaredigital.online\/loja\/wp-json\/wp\/v2\/media?parent=5863"}],"wp:term":[{"taxonomy":"product_brand","embeddable":true,"href":"https:\/\/educaredigital.online\/loja\/wp-json\/wp\/v2\/product_brand?post=5863"},{"taxonomy":"product_cat","embeddable":true,"href":"https:\/\/educaredigital.online\/loja\/wp-json\/wp\/v2\/product_cat?post=5863"},{"taxonomy":"product_tag","embeddable":true,"href":"https:\/\/educaredigital.online\/loja\/wp-json\/wp\/v2\/product_tag?post=5863"}],"curies":[{"name":"wp","href":"https:\/\/api.w.org\/{rel}","templated":true}]}}