{"id":5861,"date":"2026-03-31T13:54:13","date_gmt":"2026-03-31T13:54:13","guid":{"rendered":"https:\/\/educaredigital.online\/loja\/produto\/meus-5-sentidos-mad\/"},"modified":"2026-04-24T21:11:16","modified_gmt":"2026-04-24T21:11:16","slug":"meus-5-sentidos-mad","status":"publish","type":"product","link":"https:\/\/educaredigital.online\/loja\/produto\/meus-5-sentidos-mad\/","title":{"rendered":"Meus 5 Sentidos"},"content":{"rendered":"<p class=\"ds-markdown-paragraph\">O jogo\u00a0<strong>&#8220;Meus 5 Sentidos&#8221;<\/strong>\u00a0 convida as crian\u00e7as a uma jornada interativa pelo pr\u00f3prio corpo. Ele vem com 6 cartelas grandes e 36 pe\u00e7as de madeira ilustradas, que representam situa\u00e7\u00f5es do dia a dia associadas \u00e0 vis\u00e3o, audi\u00e7\u00e3o, tato, olfato e paladar. A brincadeira funciona de forma simples: o participante sorteia uma pe\u00e7a e, em seguida, precisa identificar a qual dos cinco sentidos a imagem se relaciona, posicionando-a no espa\u00e7o correto de sua cartela. Ganha quem completar todos os sentidos primeiro.<\/p>\n<p class=\"ds-markdown-paragraph\">Ajudando-as a nomear e a distinguir os sentidos de forma l\u00fadica. A atividade estimula a <strong>percep\u00e7\u00e3o sensorial<\/strong>, o\u00a0<strong>racioc\u00ednio l\u00f3gico<\/strong>\u00a0e a\u00a0<strong>mem\u00f3ria<\/strong>\u00a0ao associar conceitos abstratos a figuras concretas. Com pe\u00e7as grandes e resistentes, confeccionadas em madeira reflorestada e MDF, o produto \u00e9 seguro, sustent\u00e1vel e indicado para uso em casa ou na escola, sendo tamb\u00e9m uma ferramenta de inclus\u00e3o para crian\u00e7as com TEA e TDAH.<\/p>\n<div class=\"details-table-wrapper\">\n<table class=\"product-details-table\">\n<tbody>\n<tr>\n<td>Marca<\/td>\n<td>Nig<\/td>\n<\/tr>\n<tr>\n<td>Material<\/td>\n<td>\u00a0MDF<\/td>\n<\/tr>\n<tr>\n<td>Faixa Et\u00e1ria<\/td>\n<td>A partir de 3 Anos<\/td>\n<\/tr>\n<\/tbody>\n<\/table>\n<\/div>\n","protected":false},"excerpt":{"rendered":"<p>O jogo\u00a0&#8220;Meus 5 Sentidos&#8221;\u00a0 convida as crian\u00e7as a uma jornada interativa pelo pr\u00f3prio corpo. Ele vem com 6 cartelas grandes e 36 pe\u00e7as de madeira ilustradas, que representam situa\u00e7\u00f5es do dia a dia associadas \u00e0 vis\u00e3o, audi\u00e7\u00e3o, tato, olfato e<\/p>\n","protected":false},"featured_media":5860,"comment_status":"open","ping_status":"closed","template":"","meta":[],"product_brand":[234],"product_cat":[211],"product_tag":[],"class_list":{"0":"post-5861","1":"product","2":"type-product","3":"status-publish","6":"product_brand-nig","7":"product_cat-psicomotricidade-jogos-e-brinquedos","9":"first","10":"instock","11":"shipping-taxable","12":"purchasable","13":"product-type-simple"},"_links":{"self":[{"href":"https:\/\/educaredigital.online\/loja\/wp-json\/wp\/v2\/product\/5861","targetHints":{"allow":["GET"]}}],"collection":[{"href":"https:\/\/educaredigital.online\/loja\/wp-json\/wp\/v2\/product"}],"about":[{"href":"https:\/\/educaredigital.online\/loja\/wp-json\/wp\/v2\/types\/product"}],"replies":[{"embeddable":true,"href":"https:\/\/educaredigital.online\/loja\/wp-json\/wp\/v2\/comments?post=5861"}],"wp:featuredmedia":[{"embeddable":true,"href":"https:\/\/educaredigital.online\/loja\/wp-json\/wp\/v2\/media\/5860"}],"wp:attachment":[{"href":"https:\/\/educaredigital.online\/loja\/wp-json\/wp\/v2\/media?parent=5861"}],"wp:term":[{"taxonomy":"product_brand","embeddable":true,"href":"https:\/\/educaredigital.online\/loja\/wp-json\/wp\/v2\/product_brand?post=5861"},{"taxonomy":"product_cat","embeddable":true,"href":"https:\/\/educaredigital.online\/loja\/wp-json\/wp\/v2\/product_cat?post=5861"},{"taxonomy":"product_tag","embeddable":true,"href":"https:\/\/educaredigital.online\/loja\/wp-json\/wp\/v2\/product_tag?post=5861"}],"curies":[{"name":"wp","href":"https:\/\/api.w.org\/{rel}","templated":true}]}}