{"id":5859,"date":"2026-03-31T13:54:11","date_gmt":"2026-03-31T13:54:11","guid":{"rendered":"https:\/\/educaredigital.online\/loja\/produto\/cade-o-seu-pe-mad\/"},"modified":"2026-04-24T21:11:24","modified_gmt":"2026-04-24T21:11:24","slug":"cade-o-seu-pe-mad","status":"publish","type":"product","link":"https:\/\/educaredigital.online\/loja\/produto\/cade-o-seu-pe-mad\/","title":{"rendered":"Cad\u00ea Seu P\u00e9?"},"content":{"rendered":"<p class=\"ds-markdown-paragraph\">O\u00a0<strong>Jogo Pedag\u00f3gico &#8220;Cad\u00ea o Seu P\u00e9?&#8221;<\/strong>\u00a0 foi desenvolvido para ensinar as crian\u00e7as a reconhecer e nomear as principais partes do corpo de uma forma l\u00fadica e interativa. A din\u00e2mica \u00e9 simples e envolvente: a crian\u00e7a sorteia uma pe\u00e7a de madeira do saquinho de tecido e deve identificar a parte do corpo correspondente em si mesma para, em seguida, posicionar a pe\u00e7a no lugar correto sobre um boneco de madeira que acompanha o jogo.<\/p>\n<p class=\"ds-markdown-paragraph\">\u00a0\u00c9 uma excelente ferramenta para o desenvolvimento da <strong>consci\u00eancia corporal, coordena\u00e7\u00e3o motora fina, aten\u00e7\u00e3o e percep\u00e7\u00e3o visual<\/strong>. O conjunto geralmente inclui\u00a0<strong>21 pe\u00e7as grandes de madeira<\/strong>,\u00a0<strong>20 cartas com curiosidades<\/strong> sobre o corpo humano e um saquinho de tecido.<\/p>\n<div class=\"details-table-wrapper\">\n<table class=\"product-details-table\">\n<tbody>\n<tr>\n<td>Marca<\/td>\n<td>Nig<\/td>\n<\/tr>\n<tr>\n<td>Material<\/td>\n<td>\u00a0Madeira<\/td>\n<\/tr>\n<tr>\n<td>Faixa Et\u00e1ria<\/td>\n<td>A partir de 3 Anos<\/td>\n<\/tr>\n<tr>\n<td>Quantidade De Jogadores<\/td>\n<td>1 ou mais Jogadores<\/td>\n<\/tr>\n<\/tbody>\n<\/table>\n<\/div>\n","protected":false},"excerpt":{"rendered":"<p>O\u00a0Jogo Pedag\u00f3gico &#8220;Cad\u00ea o Seu P\u00e9?&#8221;\u00a0 foi desenvolvido para ensinar as crian\u00e7as a reconhecer e nomear as principais partes do corpo de uma forma l\u00fadica e interativa. A din\u00e2mica \u00e9 simples e envolvente: a crian\u00e7a sorteia uma pe\u00e7a de madeira<\/p>\n","protected":false},"featured_media":5858,"comment_status":"open","ping_status":"closed","template":"","meta":[],"product_brand":[234],"product_cat":[211],"product_tag":[],"class_list":{"0":"post-5859","1":"product","2":"type-product","3":"status-publish","6":"product_brand-nig","7":"product_cat-psicomotricidade-jogos-e-brinquedos","9":"first","10":"instock","11":"shipping-taxable","12":"purchasable","13":"product-type-simple"},"_links":{"self":[{"href":"https:\/\/educaredigital.online\/loja\/wp-json\/wp\/v2\/product\/5859","targetHints":{"allow":["GET"]}}],"collection":[{"href":"https:\/\/educaredigital.online\/loja\/wp-json\/wp\/v2\/product"}],"about":[{"href":"https:\/\/educaredigital.online\/loja\/wp-json\/wp\/v2\/types\/product"}],"replies":[{"embeddable":true,"href":"https:\/\/educaredigital.online\/loja\/wp-json\/wp\/v2\/comments?post=5859"}],"wp:featuredmedia":[{"embeddable":true,"href":"https:\/\/educaredigital.online\/loja\/wp-json\/wp\/v2\/media\/5858"}],"wp:attachment":[{"href":"https:\/\/educaredigital.online\/loja\/wp-json\/wp\/v2\/media?parent=5859"}],"wp:term":[{"taxonomy":"product_brand","embeddable":true,"href":"https:\/\/educaredigital.online\/loja\/wp-json\/wp\/v2\/product_brand?post=5859"},{"taxonomy":"product_cat","embeddable":true,"href":"https:\/\/educaredigital.online\/loja\/wp-json\/wp\/v2\/product_cat?post=5859"},{"taxonomy":"product_tag","embeddable":true,"href":"https:\/\/educaredigital.online\/loja\/wp-json\/wp\/v2\/product_tag?post=5859"}],"curies":[{"name":"wp","href":"https:\/\/api.w.org\/{rel}","templated":true}]}}