{"id":5857,"date":"2026-03-31T13:54:09","date_gmt":"2026-03-31T13:54:09","guid":{"rendered":"https:\/\/educaredigital.online\/loja\/produto\/crescer-silabas-mad\/"},"modified":"2026-04-24T21:12:20","modified_gmt":"2026-04-24T21:12:20","slug":"crescer-silabas-mad","status":"publish","type":"product","link":"https:\/\/educaredigital.online\/loja\/produto\/crescer-silabas-mad\/","title":{"rendered":"Crescer &#8211; S\u00edlabas &#8211; MDF"},"content":{"rendered":"<p>O\u00a0<strong>CRESCER &#8211; S\u00cdLABAS<\/strong>, da Nig Brinquedos, \u00e9 um jogo educativo de madeira que ensina a forma\u00e7\u00e3o de palavras de duas s\u00edlabas de forma l\u00fadica. Ele vem com 40 pe\u00e7as grandes e resistentes em MDF. A ideia \u00e9 simples: a crian\u00e7a encaixa as s\u00edlabas, seguindo as ilustra\u00e7\u00f5es coloridas como guia, para montar palavras e formar figuras.<\/p>\n<p>Ele ajuda no desenvolvimento da consci\u00eancia fonol\u00f3gica, da percep\u00e7\u00e3o visual e da coordena\u00e7\u00e3o motora. Perfeito para casa ou escola, o jogo pode ser usado por uma crian\u00e7a sozinha ou em grupos de at\u00e9 10 pessoas, tornando o aprendizado da leitura e escrita mais interativo.<\/p>\n<div class=\"details-table-wrapper\">\n<table class=\"product-details-table\">\n<tbody>\n<tr>\n<td>Marca<\/td>\n<td>Nig<\/td>\n<\/tr>\n<tr>\n<td>Material<\/td>\n<td>\u00a0MDF<\/td>\n<\/tr>\n<tr>\n<td>Faixa Et\u00e1ria<\/td>\n<td>A partir de 4 Anos<\/td>\n<\/tr>\n<tr>\n<td>Quantidade De Jogadores<\/td>\n<td>1 a 10 Jogadores<\/td>\n<\/tr>\n<\/tbody>\n<\/table>\n<\/div>\n","protected":false},"excerpt":{"rendered":"<p>O\u00a0CRESCER &#8211; S\u00cdLABAS, da Nig Brinquedos, \u00e9 um jogo educativo de madeira que ensina a forma\u00e7\u00e3o de palavras de duas s\u00edlabas de forma l\u00fadica. Ele vem com 40 pe\u00e7as grandes e resistentes em MDF. A ideia \u00e9 simples: a crian\u00e7a<\/p>\n","protected":false},"featured_media":5856,"comment_status":"open","ping_status":"closed","template":"","meta":[],"product_brand":[234],"product_cat":[209],"product_tag":[],"class_list":{"0":"post-5857","1":"product","2":"type-product","3":"status-publish","6":"product_brand-nig","7":"product_cat-letramento-jogos-e-brinquedos","9":"first","10":"instock","11":"shipping-taxable","12":"purchasable","13":"product-type-simple"},"_links":{"self":[{"href":"https:\/\/educaredigital.online\/loja\/wp-json\/wp\/v2\/product\/5857","targetHints":{"allow":["GET"]}}],"collection":[{"href":"https:\/\/educaredigital.online\/loja\/wp-json\/wp\/v2\/product"}],"about":[{"href":"https:\/\/educaredigital.online\/loja\/wp-json\/wp\/v2\/types\/product"}],"replies":[{"embeddable":true,"href":"https:\/\/educaredigital.online\/loja\/wp-json\/wp\/v2\/comments?post=5857"}],"wp:featuredmedia":[{"embeddable":true,"href":"https:\/\/educaredigital.online\/loja\/wp-json\/wp\/v2\/media\/5856"}],"wp:attachment":[{"href":"https:\/\/educaredigital.online\/loja\/wp-json\/wp\/v2\/media?parent=5857"}],"wp:term":[{"taxonomy":"product_brand","embeddable":true,"href":"https:\/\/educaredigital.online\/loja\/wp-json\/wp\/v2\/product_brand?post=5857"},{"taxonomy":"product_cat","embeddable":true,"href":"https:\/\/educaredigital.online\/loja\/wp-json\/wp\/v2\/product_cat?post=5857"},{"taxonomy":"product_tag","embeddable":true,"href":"https:\/\/educaredigital.online\/loja\/wp-json\/wp\/v2\/product_tag?post=5857"}],"curies":[{"name":"wp","href":"https:\/\/api.w.org\/{rel}","templated":true}]}}