{"id":5855,"date":"2026-03-31T13:54:07","date_gmt":"2026-03-31T13:54:07","guid":{"rendered":"https:\/\/educaredigital.online\/loja\/produto\/crescer-cade-o-bicho-mad\/"},"modified":"2026-04-24T21:12:29","modified_gmt":"2026-04-24T21:12:29","slug":"crescer-cade-o-bicho-mad","status":"publish","type":"product","link":"https:\/\/educaredigital.online\/loja\/produto\/crescer-cade-o-bicho-mad\/","title":{"rendered":"Crescer &#8211; Cad\u00ea o Bicho &#8211; MDF"},"content":{"rendered":"<p>O\u00a0<strong>CRESCER &#8211; CAD\u00ca O BICHO?<\/strong>, \u00e9 um jogo de madeira da linha <strong>Crescer<\/strong>\u00a0que transforma o aprendizado em uma animada ca\u00e7a ao tesouro sensorial. O jogo vem com\u00a0<strong>27 pe\u00e7as grandes<\/strong>\u00a0(6,8 x 6,8 cm) em madeira reciclada, cada uma ilustrando um bichinho espec\u00edfico, e\u00a0<strong>3 dados pl\u00e1sticos estampados<\/strong>\u00a0(um de bicho, um de cor e um de textura). O objetivo \u00e9 encontrar a pe\u00e7a que corresponda \u00e0 combina\u00e7\u00e3o tirada nos dados, como &#8220;panda vermelho de bolinhas&#8221;, e quem encontrar primeiro, ganha a pe\u00e7a.<\/p>\n<div class=\"details-table-wrapper\">\n<table class=\"product-details-table\">\n<tbody>\n<tr>\n<td>Marca<\/td>\n<td>Nig<\/td>\n<\/tr>\n<tr>\n<td>Material<\/td>\n<td>\u00a0MDF<\/td>\n<\/tr>\n<tr>\n<td>Faixa Et\u00e1ria<\/td>\n<td>A partir de 3 Anos<\/td>\n<\/tr>\n<tr>\n<td>Quantidade De Jogadores<\/td>\n<td>1 ou mais Jogadores<\/td>\n<\/tr>\n<\/tbody>\n<\/table>\n<\/div>\n","protected":false},"excerpt":{"rendered":"<p>O\u00a0CRESCER &#8211; CAD\u00ca O BICHO?, \u00e9 um jogo de madeira da linha Crescer\u00a0que transforma o aprendizado em uma animada ca\u00e7a ao tesouro sensorial. O jogo vem com\u00a027 pe\u00e7as grandes\u00a0(6,8 x 6,8 cm) em madeira reciclada, cada uma ilustrando um bichinho<\/p>\n","protected":false},"featured_media":5854,"comment_status":"open","ping_status":"closed","template":"","meta":[],"product_brand":[234],"product_cat":[211],"product_tag":[],"class_list":{"0":"post-5855","1":"product","2":"type-product","3":"status-publish","6":"product_brand-nig","7":"product_cat-psicomotricidade-jogos-e-brinquedos","9":"first","10":"instock","11":"shipping-taxable","12":"purchasable","13":"product-type-simple"},"_links":{"self":[{"href":"https:\/\/educaredigital.online\/loja\/wp-json\/wp\/v2\/product\/5855","targetHints":{"allow":["GET"]}}],"collection":[{"href":"https:\/\/educaredigital.online\/loja\/wp-json\/wp\/v2\/product"}],"about":[{"href":"https:\/\/educaredigital.online\/loja\/wp-json\/wp\/v2\/types\/product"}],"replies":[{"embeddable":true,"href":"https:\/\/educaredigital.online\/loja\/wp-json\/wp\/v2\/comments?post=5855"}],"wp:featuredmedia":[{"embeddable":true,"href":"https:\/\/educaredigital.online\/loja\/wp-json\/wp\/v2\/media\/5854"}],"wp:attachment":[{"href":"https:\/\/educaredigital.online\/loja\/wp-json\/wp\/v2\/media?parent=5855"}],"wp:term":[{"taxonomy":"product_brand","embeddable":true,"href":"https:\/\/educaredigital.online\/loja\/wp-json\/wp\/v2\/product_brand?post=5855"},{"taxonomy":"product_cat","embeddable":true,"href":"https:\/\/educaredigital.online\/loja\/wp-json\/wp\/v2\/product_cat?post=5855"},{"taxonomy":"product_tag","embeddable":true,"href":"https:\/\/educaredigital.online\/loja\/wp-json\/wp\/v2\/product_tag?post=5855"}],"curies":[{"name":"wp","href":"https:\/\/api.w.org\/{rel}","templated":true}]}}