{"id":5853,"date":"2026-03-31T13:54:05","date_gmt":"2026-03-31T13:54:05","guid":{"rendered":"https:\/\/educaredigital.online\/loja\/produto\/crescer-gato-de-sapato-mad\/"},"modified":"2026-04-24T21:12:39","modified_gmt":"2026-04-24T21:12:39","slug":"crescer-gato-de-sapato-mad","status":"publish","type":"product","link":"https:\/\/educaredigital.online\/loja\/produto\/crescer-gato-de-sapato-mad\/","title":{"rendered":"Crescer- Gato de Sapato &#8211; MDF"},"content":{"rendered":"<p><strong>CRESCER &#8211; GATO DE SAPATO<\/strong>\u00a0\u00e9 um jogo de madeira que desafia a mem\u00f3ria e a observa\u00e7\u00e3o de forma divertida. O jogo cont\u00e9m\u00a0<strong>30 cartas com cenas ilustradas<\/strong>, uma\u00a0<strong>ampulheta<\/strong>\u00a0e um\u00a0<strong>dado de madeira<\/strong>. A din\u00e2mica \u00e9 simples: a crian\u00e7a observa uma cena por alguns minutos e, depois, joga o dado para sortear uma das 6 perguntas relacionadas \u00e0quela ilustra\u00e7\u00e3o. O grande diferencial do jogo \u00e9 o foco no desenvolvimento da linguagem, j\u00e1 que a crian\u00e7a \u00e9 incentivada a\u00a0<strong>nomear figuras e descrever o que viu<\/strong>, o que ajuda a\u00a0<strong>trabalhar a fala, melhorar o vocabul\u00e1rio e estimular a mem\u00f3ria<\/strong>.<\/p>\n<div class=\"details-table-wrapper\">\n<table class=\"product-details-table\">\n<tbody>\n<tr>\n<td>Marca<\/td>\n<td>Nig<\/td>\n<\/tr>\n<tr>\n<td>Material<\/td>\n<td>\u00a0MDF<\/td>\n<\/tr>\n<tr>\n<td>Faixa Et\u00e1ria<\/td>\n<td>A partir de 4 Anos<\/td>\n<\/tr>\n<tr>\n<td>Quantidade De Jogadores<\/td>\n<td>1 ou mais Jogadores<\/td>\n<\/tr>\n<\/tbody>\n<\/table>\n<\/div>\n","protected":false},"excerpt":{"rendered":"<p>CRESCER &#8211; GATO DE SAPATO\u00a0\u00e9 um jogo de madeira que desafia a mem\u00f3ria e a observa\u00e7\u00e3o de forma divertida. O jogo cont\u00e9m\u00a030 cartas com cenas ilustradas, uma\u00a0ampulheta\u00a0e um\u00a0dado de madeira. A din\u00e2mica \u00e9 simples: a crian\u00e7a observa uma cena por<\/p>\n","protected":false},"featured_media":5852,"comment_status":"open","ping_status":"closed","template":"","meta":[],"product_brand":[234],"product_cat":[211],"product_tag":[],"class_list":{"0":"post-5853","1":"product","2":"type-product","3":"status-publish","6":"product_brand-nig","7":"product_cat-psicomotricidade-jogos-e-brinquedos","9":"first","10":"instock","11":"shipping-taxable","12":"purchasable","13":"product-type-simple"},"_links":{"self":[{"href":"https:\/\/educaredigital.online\/loja\/wp-json\/wp\/v2\/product\/5853","targetHints":{"allow":["GET"]}}],"collection":[{"href":"https:\/\/educaredigital.online\/loja\/wp-json\/wp\/v2\/product"}],"about":[{"href":"https:\/\/educaredigital.online\/loja\/wp-json\/wp\/v2\/types\/product"}],"replies":[{"embeddable":true,"href":"https:\/\/educaredigital.online\/loja\/wp-json\/wp\/v2\/comments?post=5853"}],"wp:featuredmedia":[{"embeddable":true,"href":"https:\/\/educaredigital.online\/loja\/wp-json\/wp\/v2\/media\/5852"}],"wp:attachment":[{"href":"https:\/\/educaredigital.online\/loja\/wp-json\/wp\/v2\/media?parent=5853"}],"wp:term":[{"taxonomy":"product_brand","embeddable":true,"href":"https:\/\/educaredigital.online\/loja\/wp-json\/wp\/v2\/product_brand?post=5853"},{"taxonomy":"product_cat","embeddable":true,"href":"https:\/\/educaredigital.online\/loja\/wp-json\/wp\/v2\/product_cat?post=5853"},{"taxonomy":"product_tag","embeddable":true,"href":"https:\/\/educaredigital.online\/loja\/wp-json\/wp\/v2\/product_tag?post=5853"}],"curies":[{"name":"wp","href":"https:\/\/api.w.org\/{rel}","templated":true}]}}