{"id":5849,"date":"2026-03-31T13:54:02","date_gmt":"2026-03-31T13:54:02","guid":{"rendered":"https:\/\/educaredigital.online\/loja\/produto\/quebra-cabeca-progressivo-pequeno-principe-30-pcs-mad\/"},"modified":"2026-04-24T21:12:54","modified_gmt":"2026-04-24T21:12:54","slug":"quebra-cabeca-progressivo-pequeno-principe-30-pcs-mad","status":"publish","type":"product","link":"https:\/\/educaredigital.online\/loja\/produto\/quebra-cabeca-progressivo-pequeno-principe-30-pcs-mad\/","title":{"rendered":"Quebra Cabe\u00e7a Progressivo  Pequeno Pr\u00edncipe &#8211; 30 P\u00c7S"},"content":{"rendered":"<div class=\"ds-message _63c77b1\">\n<div class=\"ds-markdown\">\n<div class=\"ds-message _63c77b1\">\n<div class=\"ds-markdown\">\n<p class=\"ds-markdown-paragraph\">O\u00a0<strong>Quebra-Cabe\u00e7a Progressivo do Pequeno Pr\u00edncipe<\/strong>, \u00e9 uma vers\u00e3o encantadora que une a magia do cl\u00e1ssico infantil ao conceito pedag\u00f3gico de dificuldade progressiva. Composto por 30 pe\u00e7as grandes e resistentes de madeira reflorestada, o jogo cont\u00e9m, na verdade, 4 quebra-cabe\u00e7as distintos em um \u00fanico produto, cada um representando uma cena ador\u00e1vel da hist\u00f3ria. A grande inova\u00e7\u00e3o est\u00e1 nos n\u00edveis de dificuldade: as crian\u00e7as come\u00e7am montando uma figura com apenas 6 pe\u00e7as e, gradualmente, progridem para puzzles de 7, 8 e, por fim, 9 pe\u00e7as, totalizando os 30 elementos do conjunto. Esse sistema permite que o brinquedo acompanhe o desenvolvimento da crian\u00e7a, oferecendo desafios adequados a cada etapa do seu aprendizado.<\/p>\n<p class=\"ds-markdown-paragraph\">Ao montar as cenas do Pequeno Pr\u00edncipe, do aviador, da ovelhinha e da raposa, a crian\u00e7a exercita a <strong>coordena\u00e7\u00e3o motora fina, a percep\u00e7\u00e3o visual e o racioc\u00ednio l\u00f3gico<\/strong>\u00a0de forma l\u00fadica. O formato progressivo tamb\u00e9m ajuda a\u00a0<strong>testar a concentra\u00e7\u00e3o e a mem\u00f3ria<\/strong>, preparando o terreno para desafios mais complexos no futuro. Perfeito para uso em casa ou na escola.<\/p>\n<\/div>\n<\/div>\n<div class=\"details-table-wrapper\">\n<table class=\"product-details-table\">\n<tbody>\n<tr>\n<td>Marca<\/td>\n<td>Nig<\/td>\n<\/tr>\n<tr>\n<td>Material<\/td>\n<td>\u00a0MDF<\/td>\n<\/tr>\n<tr>\n<td>Faixa Et\u00e1ria<\/td>\n<td>A partir de 3 Anos<\/td>\n<\/tr>\n<tr>\n<td>Quantidade De Jogadores<\/td>\n<td>1 ou mais Jogadores<\/td>\n<\/tr>\n<\/tbody>\n<\/table>\n<\/div>\n<\/div>\n<\/div>\n","protected":false},"excerpt":{"rendered":"<p>O\u00a0Quebra-Cabe\u00e7a Progressivo do Pequeno Pr\u00edncipe, \u00e9 uma vers\u00e3o encantadora que une a magia do cl\u00e1ssico infantil ao conceito pedag\u00f3gico de dificuldade progressiva. Composto por 30 pe\u00e7as grandes e resistentes de madeira reflorestada, o jogo cont\u00e9m, na verdade, 4 quebra-cabe\u00e7as distintos<\/p>\n","protected":false},"featured_media":5848,"comment_status":"open","ping_status":"closed","template":"","meta":[],"product_brand":[234],"product_cat":[211],"product_tag":[],"class_list":{"0":"post-5849","1":"product","2":"type-product","3":"status-publish","6":"product_brand-nig","7":"product_cat-psicomotricidade-jogos-e-brinquedos","9":"first","10":"instock","11":"shipping-taxable","12":"purchasable","13":"product-type-simple"},"_links":{"self":[{"href":"https:\/\/educaredigital.online\/loja\/wp-json\/wp\/v2\/product\/5849","targetHints":{"allow":["GET"]}}],"collection":[{"href":"https:\/\/educaredigital.online\/loja\/wp-json\/wp\/v2\/product"}],"about":[{"href":"https:\/\/educaredigital.online\/loja\/wp-json\/wp\/v2\/types\/product"}],"replies":[{"embeddable":true,"href":"https:\/\/educaredigital.online\/loja\/wp-json\/wp\/v2\/comments?post=5849"}],"wp:featuredmedia":[{"embeddable":true,"href":"https:\/\/educaredigital.online\/loja\/wp-json\/wp\/v2\/media\/5848"}],"wp:attachment":[{"href":"https:\/\/educaredigital.online\/loja\/wp-json\/wp\/v2\/media?parent=5849"}],"wp:term":[{"taxonomy":"product_brand","embeddable":true,"href":"https:\/\/educaredigital.online\/loja\/wp-json\/wp\/v2\/product_brand?post=5849"},{"taxonomy":"product_cat","embeddable":true,"href":"https:\/\/educaredigital.online\/loja\/wp-json\/wp\/v2\/product_cat?post=5849"},{"taxonomy":"product_tag","embeddable":true,"href":"https:\/\/educaredigital.online\/loja\/wp-json\/wp\/v2\/product_tag?post=5849"}],"curies":[{"name":"wp","href":"https:\/\/api.w.org\/{rel}","templated":true}]}}