{"id":5847,"date":"2026-03-31T13:54:00","date_gmt":"2026-03-31T13:54:00","guid":{"rendered":"https:\/\/educaredigital.online\/loja\/produto\/quebra-cabeca-arca-de-noe-60-pcs-mad\/"},"modified":"2026-04-24T21:13:00","modified_gmt":"2026-04-24T21:13:00","slug":"quebra-cabeca-arca-de-noe-60-pcs-mad","status":"publish","type":"product","link":"https:\/\/educaredigital.online\/loja\/produto\/quebra-cabeca-arca-de-noe-60-pcs-mad\/","title":{"rendered":"Quebra-Cabe\u00e7a Arca De No\u00e9 &#8211; 60 P\u00c7S"},"content":{"rendered":"<p class=\"ds-markdown-paragraph\">O <strong>Quebra-Cabe\u00e7a Arca de No\u00e9<\/strong>, dispon\u00edvel com 60 pe\u00e7as, \u00e9 um cl\u00e1ssico brinquedo educativo que desafia a crian\u00e7a a montar uma cena b\u00edblica muito querida: os animais entrando na arca aos pares. Fabricado em madeira reciclada de alta qualidade\u00a0ou MDF, este quebra-cabe\u00e7a de 60 pe\u00e7as coloridas e resistentes\u00a0\u00e9 projetado para ser f\u00e1cil de montar, sendo uma excelente op\u00e7\u00e3o para o primeiro contato da crian\u00e7a com este tipo de desafio. Quando montado, o quebra-cabe\u00e7a revela uma imagem vibrante e detalhada com dimens\u00f5es aproximadas de 45 x 30 cm, transportando o pequeno para o mundo da arca e seus habitantes.<\/p>\n<p class=\"ds-markdown-paragraph\">Este jogo \u00e9 uma ferramenta valiosa para o desenvolvimento cognitivo. A atividade de encaixar as pe\u00e7as exige e estimula a <strong>capacidade de concentra\u00e7\u00e3o, a mem\u00f3ria visual e o racioc\u00ednio l\u00f3gico<\/strong> da crian\u00e7a, ajudando-a a reconhecer formas e a compreender a rela\u00e7\u00e3o entre as partes e o todo. Ao unir os pares de animais e completar o cen\u00e1rio, a crian\u00e7a desenvolve a percep\u00e7\u00e3o visual e a coordena\u00e7\u00e3o motora fina de forma l\u00fadica.<\/p>\n<div class=\"details-table-wrapper\">\n<table class=\"product-details-table\">\n<tbody>\n<tr>\n<td>Marca<\/td>\n<td>Nig<\/td>\n<\/tr>\n<tr>\n<td>Material<\/td>\n<td>\u00a0MDF<\/td>\n<\/tr>\n<tr>\n<td>Faixa Et\u00e1ria<\/td>\n<td>A partir de 4 Anos<\/td>\n<\/tr>\n<tr>\n<td>Quantidade De Jogadores<\/td>\n<td>1 ou mais Jogadores<\/td>\n<\/tr>\n<\/tbody>\n<\/table>\n<\/div>\n","protected":false},"excerpt":{"rendered":"<p>O Quebra-Cabe\u00e7a Arca de No\u00e9, dispon\u00edvel com 60 pe\u00e7as, \u00e9 um cl\u00e1ssico brinquedo educativo que desafia a crian\u00e7a a montar uma cena b\u00edblica muito querida: os animais entrando na arca aos pares. Fabricado em madeira reciclada de alta qualidade\u00a0ou MDF,<\/p>\n","protected":false},"featured_media":5846,"comment_status":"open","ping_status":"closed","template":"","meta":[],"product_brand":[234],"product_cat":[211],"product_tag":[],"class_list":{"0":"post-5847","1":"product","2":"type-product","3":"status-publish","6":"product_brand-nig","7":"product_cat-psicomotricidade-jogos-e-brinquedos","9":"first","10":"instock","11":"shipping-taxable","12":"purchasable","13":"product-type-simple"},"_links":{"self":[{"href":"https:\/\/educaredigital.online\/loja\/wp-json\/wp\/v2\/product\/5847","targetHints":{"allow":["GET"]}}],"collection":[{"href":"https:\/\/educaredigital.online\/loja\/wp-json\/wp\/v2\/product"}],"about":[{"href":"https:\/\/educaredigital.online\/loja\/wp-json\/wp\/v2\/types\/product"}],"replies":[{"embeddable":true,"href":"https:\/\/educaredigital.online\/loja\/wp-json\/wp\/v2\/comments?post=5847"}],"wp:featuredmedia":[{"embeddable":true,"href":"https:\/\/educaredigital.online\/loja\/wp-json\/wp\/v2\/media\/5846"}],"wp:attachment":[{"href":"https:\/\/educaredigital.online\/loja\/wp-json\/wp\/v2\/media?parent=5847"}],"wp:term":[{"taxonomy":"product_brand","embeddable":true,"href":"https:\/\/educaredigital.online\/loja\/wp-json\/wp\/v2\/product_brand?post=5847"},{"taxonomy":"product_cat","embeddable":true,"href":"https:\/\/educaredigital.online\/loja\/wp-json\/wp\/v2\/product_cat?post=5847"},{"taxonomy":"product_tag","embeddable":true,"href":"https:\/\/educaredigital.online\/loja\/wp-json\/wp\/v2\/product_tag?post=5847"}],"curies":[{"name":"wp","href":"https:\/\/api.w.org\/{rel}","templated":true}]}}