{"id":5845,"date":"2026-03-31T13:53:58","date_gmt":"2026-03-31T13:53:58","guid":{"rendered":"https:\/\/educaredigital.online\/loja\/produto\/conte-historias-mad\/"},"modified":"2026-04-24T21:13:07","modified_gmt":"2026-04-24T21:13:07","slug":"conte-historias-mad","status":"publish","type":"product","link":"https:\/\/educaredigital.online\/loja\/produto\/conte-historias-mad\/","title":{"rendered":"Conte Hist\u00f3rias"},"content":{"rendered":"<div class=\"ds-message _63c77b1\">\n<div class=\"ds-markdown\">\n<p class=\"ds-markdown-paragraph\">O\u00a0<strong>Conte Hist\u00f3rias da Nig Brinquedos<\/strong>\u00a0\u00e9 uma ferramenta educativa em madeira que convida as crian\u00e7as a explorarem o universo da imagina\u00e7\u00e3o e da linguagem. O conjunto acompanha uma base com trilhos e diversas pe\u00e7as avulsas \u2014 como carros, pr\u00e9dios, casas, \u00e1rvores, animais de estima\u00e7\u00e3o e crian\u00e7as \u2014 que podem ser encaixadas e deslizadas pela crian\u00e7a. A din\u00e2mica \u00e9 simples e poderosa: ao montar seus pr\u00f3prios cen\u00e1rios e combinar os elementos, o pequeno \u00e9 incentivado a criar e narrar suas pr\u00f3prias hist\u00f3rias, desenvolvendo a flu\u00eancia verbal, a criatividade e o faz de conta de forma totalmente livre e espont\u00e2nea.<\/p>\n<p class=\"ds-markdown-paragraph\">Este brinquedo, que faz parte da linha pedag\u00f3gica Montessori da Nig, \u00e9 um excelente recurso para o desenvolvimento integral na primeira inf\u00e2ncia. Ao construir suas narrativas, a crian\u00e7a exercita a organiza\u00e7\u00e3o do pensamento, a resolu\u00e7\u00e3o de situa\u00e7\u00f5es imagin\u00e1rias e a express\u00e3o de ideias, enquanto se diverte com um material robusto e seguro. Perfeito para ser usado tanto em casa quanto em escolas, o &#8220;Conte Hist\u00f3rias&#8221; transforma a brincadeira em uma rica experi\u00eancia de aprendizado, onde cada sess\u00e3o \u00e9 uma nova aventura a ser descoberta e compartilhada.<\/p>\n<\/div>\n<\/div>\n<div class=\"details-table-wrapper\">\n<table class=\"product-details-table\">\n<tbody>\n<tr>\n<td>Marca<\/td>\n<td>Nig<\/td>\n<\/tr>\n<tr>\n<td>Material<\/td>\n<td>\u00a0MDF<\/td>\n<\/tr>\n<tr>\n<td>Faixa Et\u00e1ria<\/td>\n<td>A partir de 3 Anos<\/td>\n<\/tr>\n<tr>\n<td>Quantidade De Jogadores<\/td>\n<td>1 ou mais Jogadores<\/td>\n<\/tr>\n<\/tbody>\n<\/table>\n<\/div>\n","protected":false},"excerpt":{"rendered":"<p>O\u00a0Conte Hist\u00f3rias da Nig Brinquedos\u00a0\u00e9 uma ferramenta educativa em madeira que convida as crian\u00e7as a explorarem o universo da imagina\u00e7\u00e3o e da linguagem. O conjunto acompanha uma base com trilhos e diversas pe\u00e7as avulsas \u2014 como carros, pr\u00e9dios, casas, \u00e1rvores,<\/p>\n","protected":false},"featured_media":5844,"comment_status":"open","ping_status":"closed","template":"","meta":[],"product_brand":[234],"product_cat":[211],"product_tag":[],"class_list":{"0":"post-5845","1":"product","2":"type-product","3":"status-publish","6":"product_brand-nig","7":"product_cat-psicomotricidade-jogos-e-brinquedos","9":"first","10":"instock","11":"shipping-taxable","12":"purchasable","13":"product-type-simple"},"_links":{"self":[{"href":"https:\/\/educaredigital.online\/loja\/wp-json\/wp\/v2\/product\/5845","targetHints":{"allow":["GET"]}}],"collection":[{"href":"https:\/\/educaredigital.online\/loja\/wp-json\/wp\/v2\/product"}],"about":[{"href":"https:\/\/educaredigital.online\/loja\/wp-json\/wp\/v2\/types\/product"}],"replies":[{"embeddable":true,"href":"https:\/\/educaredigital.online\/loja\/wp-json\/wp\/v2\/comments?post=5845"}],"wp:featuredmedia":[{"embeddable":true,"href":"https:\/\/educaredigital.online\/loja\/wp-json\/wp\/v2\/media\/5844"}],"wp:attachment":[{"href":"https:\/\/educaredigital.online\/loja\/wp-json\/wp\/v2\/media?parent=5845"}],"wp:term":[{"taxonomy":"product_brand","embeddable":true,"href":"https:\/\/educaredigital.online\/loja\/wp-json\/wp\/v2\/product_brand?post=5845"},{"taxonomy":"product_cat","embeddable":true,"href":"https:\/\/educaredigital.online\/loja\/wp-json\/wp\/v2\/product_cat?post=5845"},{"taxonomy":"product_tag","embeddable":true,"href":"https:\/\/educaredigital.online\/loja\/wp-json\/wp\/v2\/product_tag?post=5845"}],"curies":[{"name":"wp","href":"https:\/\/api.w.org\/{rel}","templated":true}]}}