{"id":5839,"date":"2026-03-31T13:23:20","date_gmt":"2026-03-31T13:23:20","guid":{"rendered":"https:\/\/educaredigital.online\/loja\/produto\/jogo-quem-e-quem\/"},"modified":"2026-04-24T21:13:19","modified_gmt":"2026-04-24T21:13:19","slug":"jogo-quem-e-quem","status":"publish","type":"product","link":"https:\/\/educaredigital.online\/loja\/produto\/jogo-quem-e-quem\/","title":{"rendered":"Jogo Quem \u00e9 Quem ?"},"content":{"rendered":"<div class=\"ds-message _63c77b1\">\n<div class=\"ds-markdown\">\n<p class=\"ds-markdown-paragraph\">\u00a0<strong>Jogo Quem \u00c9 Quem? <\/strong>\u00a0\u00e9 uma vers\u00e3o do cl\u00e1ssico jogo de adivinha\u00e7\u00e3o que desafia o racioc\u00ednio l\u00f3gico e a observa\u00e7\u00e3o, o\u00a0objetivo \u00e9 descobrir qual a carta de profiss\u00e3o do advers\u00e1rio. O jogo cont\u00e9m <strong>4 tabuleiros, 48 cartas com 24 ilustra\u00e7\u00f5es diferentes<\/strong>\u00a0(como dentista, DJ, fot\u00f3grafo), al\u00e9m de\u00a0<strong>92 fichas brancas e 5 fichas pretas<\/strong>. Cada jogador faz perguntas que eliminam possibilidades com base em caracter\u00edsticas visuais (&#8220;a pessoa \u00e9 loira?&#8221;, &#8220;usa \u00f3culos?&#8221;), e vence quem, ap\u00f3s 5 rodadas, tiver ganho o maior n\u00famero de partidas.<\/p>\n<p class=\"ds-markdown-paragraph\">O jogo estimula o desenvolvimento do\u00a0<strong>racioc\u00ednio l\u00f3gico, da concentra\u00e7\u00e3o e da intera\u00e7\u00e3o social<\/strong>, sendo uma excelente op\u00e7\u00e3o para divers\u00e3o em fam\u00edlia ou na escola.<\/p>\n<\/div>\n<\/div>\n<div class=\"ds-flex _0a3d93b\">\n<div class=\"ds-flex _965abe9 _54866f7\">\n<div class=\"details-table-wrapper\">\n<table class=\"product-details-table\">\n<tbody>\n<tr>\n<td>Marca<\/td>\n<td>Nig<\/td>\n<\/tr>\n<tr>\n<td>Material<\/td>\n<td>\u00a0Cart\u00e3o e Pl\u00e1stico<\/td>\n<\/tr>\n<tr>\n<td>Faixa Et\u00e1ria<\/td>\n<td>A partir de 6 Anos<\/td>\n<\/tr>\n<tr>\n<td>Quantidade De Jogadores<\/td>\n<td>2 a 4 Jogadores<\/td>\n<\/tr>\n<\/tbody>\n<\/table>\n<\/div>\n<\/div>\n<\/div>\n","protected":false},"excerpt":{"rendered":"<p>\u00a0Jogo Quem \u00c9 Quem? \u00a0\u00e9 uma vers\u00e3o do cl\u00e1ssico jogo de adivinha\u00e7\u00e3o que desafia o racioc\u00ednio l\u00f3gico e a observa\u00e7\u00e3o, o\u00a0objetivo \u00e9 descobrir qual a carta de profiss\u00e3o do advers\u00e1rio. O jogo cont\u00e9m 4 tabuleiros, 48 cartas com 24 ilustra\u00e7\u00f5es<\/p>\n","protected":false},"featured_media":5838,"comment_status":"open","ping_status":"closed","template":"","meta":[],"product_brand":[234],"product_cat":[212],"product_tag":[],"class_list":{"0":"post-5839","1":"product","2":"type-product","3":"status-publish","6":"product_brand-nig","7":"product_cat-tabuleiros-jogos-e-brinquedos","9":"first","10":"instock","11":"shipping-taxable","12":"purchasable","13":"product-type-simple"},"_links":{"self":[{"href":"https:\/\/educaredigital.online\/loja\/wp-json\/wp\/v2\/product\/5839","targetHints":{"allow":["GET"]}}],"collection":[{"href":"https:\/\/educaredigital.online\/loja\/wp-json\/wp\/v2\/product"}],"about":[{"href":"https:\/\/educaredigital.online\/loja\/wp-json\/wp\/v2\/types\/product"}],"replies":[{"embeddable":true,"href":"https:\/\/educaredigital.online\/loja\/wp-json\/wp\/v2\/comments?post=5839"}],"wp:featuredmedia":[{"embeddable":true,"href":"https:\/\/educaredigital.online\/loja\/wp-json\/wp\/v2\/media\/5838"}],"wp:attachment":[{"href":"https:\/\/educaredigital.online\/loja\/wp-json\/wp\/v2\/media?parent=5839"}],"wp:term":[{"taxonomy":"product_brand","embeddable":true,"href":"https:\/\/educaredigital.online\/loja\/wp-json\/wp\/v2\/product_brand?post=5839"},{"taxonomy":"product_cat","embeddable":true,"href":"https:\/\/educaredigital.online\/loja\/wp-json\/wp\/v2\/product_cat?post=5839"},{"taxonomy":"product_tag","embeddable":true,"href":"https:\/\/educaredigital.online\/loja\/wp-json\/wp\/v2\/product_tag?post=5839"}],"curies":[{"name":"wp","href":"https:\/\/api.w.org\/{rel}","templated":true}]}}