{"id":5729,"date":"2026-03-27T12:07:30","date_gmt":"2026-03-27T12:07:30","guid":{"rendered":"https:\/\/educaredigital.online\/loja\/produto\/grandes-ideias-por-que-os-tubaroes-nao-tem-ossos\/"},"modified":"2026-03-31T12:27:20","modified_gmt":"2026-03-31T12:27:20","slug":"grandes-ideias-por-que-os-tubaroes-nao-tem-ossos","status":"publish","type":"product","link":"https:\/\/educaredigital.online\/loja\/produto\/grandes-ideias-por-que-os-tubaroes-nao-tem-ossos\/","title":{"rendered":"Grandes Ideias &#8211; Por Que os Tubar\u00f5es N\u00e3o Tem Ossos?"},"content":{"rendered":"<div class=\"details-table-wrapper\">\n<p><strong>Grandes Ideias &#8211; Por Que os Tubar\u00f5es N\u00e3o T\u00eam Ossos?<\/strong> \u00e9 um livro que revela um dos segredos mais fascinantes desses incr\u00edveis predadores dos mares. Com linguagem acess\u00edvel e ilustra\u00e7\u00f5es envolventes, a obra explica que o esqueleto dos tubar\u00f5es \u00e9 feito de cartilagem \u2014 o mesmo material das orelhas e do nariz humanos \u2014 o que os torna mais leves, \u00e1geis e adaptados para dominar os oceanos h\u00e1 milh\u00f5es de anos.<\/p>\n<p>Ideal para pequenos curiosos apaixonados pela vida marinha, o livro transforma o aprendizado em uma aventura, mostrando que as adapta\u00e7\u00f5es da natureza s\u00e3o sempre surpreendentes e cheias de mist\u00e9rios.<\/p>\n<table class=\"product-details-table\">\n<tbody>\n<tr>\n<td>Autor<\/td>\n<td>Marc Powell<\/td>\n<\/tr>\n<tr>\n<td>ISBN<\/td>\n<td>9786558884392<\/td>\n<\/tr>\n<tr>\n<td>Editora<\/td>\n<td>P\u00e9 Da Letra<\/td>\n<\/tr>\n<tr>\n<td>N\u00ba de p\u00e1ginas<\/td>\n<td>128<\/td>\n<\/tr>\n<\/tbody>\n<\/table>\n<\/div>\n","protected":false},"excerpt":{"rendered":"<p>Grandes Ideias &#8211; Por Que os Tubar\u00f5es N\u00e3o T\u00eam Ossos? \u00e9 um livro que revela um dos segredos mais fascinantes desses incr\u00edveis predadores dos mares. Com linguagem acess\u00edvel e ilustra\u00e7\u00f5es envolventes, a obra explica que o esqueleto dos tubar\u00f5es \u00e9<\/p>\n","protected":false},"featured_media":5728,"comment_status":"open","ping_status":"closed","template":"","meta":[],"product_brand":[],"product_cat":[205],"product_tag":[],"class_list":{"0":"post-5729","1":"product","2":"type-product","3":"status-publish","6":"product_cat-fundamental-4-ao-5","8":"first","9":"instock","10":"shipping-taxable","11":"purchasable","12":"product-type-simple"},"_links":{"self":[{"href":"https:\/\/educaredigital.online\/loja\/wp-json\/wp\/v2\/product\/5729","targetHints":{"allow":["GET"]}}],"collection":[{"href":"https:\/\/educaredigital.online\/loja\/wp-json\/wp\/v2\/product"}],"about":[{"href":"https:\/\/educaredigital.online\/loja\/wp-json\/wp\/v2\/types\/product"}],"replies":[{"embeddable":true,"href":"https:\/\/educaredigital.online\/loja\/wp-json\/wp\/v2\/comments?post=5729"}],"wp:featuredmedia":[{"embeddable":true,"href":"https:\/\/educaredigital.online\/loja\/wp-json\/wp\/v2\/media\/5728"}],"wp:attachment":[{"href":"https:\/\/educaredigital.online\/loja\/wp-json\/wp\/v2\/media?parent=5729"}],"wp:term":[{"taxonomy":"product_brand","embeddable":true,"href":"https:\/\/educaredigital.online\/loja\/wp-json\/wp\/v2\/product_brand?post=5729"},{"taxonomy":"product_cat","embeddable":true,"href":"https:\/\/educaredigital.online\/loja\/wp-json\/wp\/v2\/product_cat?post=5729"},{"taxonomy":"product_tag","embeddable":true,"href":"https:\/\/educaredigital.online\/loja\/wp-json\/wp\/v2\/product_tag?post=5729"}],"curies":[{"name":"wp","href":"https:\/\/api.w.org\/{rel}","templated":true}]}}