{"id":5727,"date":"2026-03-27T12:07:29","date_gmt":"2026-03-27T12:07:29","guid":{"rendered":"https:\/\/educaredigital.online\/loja\/produto\/grandes-ideias-por-que-meu-gato-nao-ruge\/"},"modified":"2026-03-31T12:27:35","modified_gmt":"2026-03-31T12:27:35","slug":"grandes-ideias-por-que-meu-gato-nao-ruge","status":"publish","type":"product","link":"https:\/\/educaredigital.online\/loja\/produto\/grandes-ideias-por-que-meu-gato-nao-ruge\/","title":{"rendered":"Grandes Ideias &#8211; Por Que Meu Gato N\u00e3o Ruge?"},"content":{"rendered":"<div class=\"details-table-wrapper\">\n<p><strong>Grandes Ideias &#8211; Por Que Meu Gato N\u00e3o Ruge?<\/strong> \u00e9 um livro que desvenda uma das perguntas mais curiosas sobre os felinos. Com linguagem acess\u00edvel e ilustra\u00e7\u00f5es encantadoras, a obra explica as diferen\u00e7as entre os felinos que rugem \u2014 como le\u00f5es e tigres \u2014 e os que apenas ronronam, revelando os segredos da anatomia e do comportamento dos nossos queridos gatos dom\u00e9sticos.<\/p>\n<p>Ideal para pequenos amantes dos animais, o livro transforma a curiosidade em conhecimento de forma leve e divertida, mostrando que at\u00e9 os h\u00e1bitos mais simples dos felinos guardam explica\u00e7\u00f5es fascinantes.<\/p>\n<table class=\"product-details-table\">\n<tbody>\n<tr>\n<td>Autor<\/td>\n<td>Marc Powell<\/td>\n<\/tr>\n<tr>\n<td>ISBN<\/td>\n<td>9786558884514<\/td>\n<\/tr>\n<tr>\n<td>Editora<\/td>\n<td>P\u00e9 Da Letra<\/td>\n<\/tr>\n<tr>\n<td>N\u00ba de p\u00e1ginas<\/td>\n<td>128<\/td>\n<\/tr>\n<\/tbody>\n<\/table>\n<\/div>\n","protected":false},"excerpt":{"rendered":"<p>Grandes Ideias &#8211; Por Que Meu Gato N\u00e3o Ruge? \u00e9 um livro que desvenda uma das perguntas mais curiosas sobre os felinos. Com linguagem acess\u00edvel e ilustra\u00e7\u00f5es encantadoras, a obra explica as diferen\u00e7as entre os felinos que rugem \u2014 como<\/p>\n","protected":false},"featured_media":5726,"comment_status":"open","ping_status":"closed","template":"","meta":[],"product_brand":[],"product_cat":[205],"product_tag":[],"class_list":{"0":"post-5727","1":"product","2":"type-product","3":"status-publish","6":"product_cat-fundamental-4-ao-5","8":"first","9":"instock","10":"shipping-taxable","11":"purchasable","12":"product-type-simple"},"_links":{"self":[{"href":"https:\/\/educaredigital.online\/loja\/wp-json\/wp\/v2\/product\/5727","targetHints":{"allow":["GET"]}}],"collection":[{"href":"https:\/\/educaredigital.online\/loja\/wp-json\/wp\/v2\/product"}],"about":[{"href":"https:\/\/educaredigital.online\/loja\/wp-json\/wp\/v2\/types\/product"}],"replies":[{"embeddable":true,"href":"https:\/\/educaredigital.online\/loja\/wp-json\/wp\/v2\/comments?post=5727"}],"wp:featuredmedia":[{"embeddable":true,"href":"https:\/\/educaredigital.online\/loja\/wp-json\/wp\/v2\/media\/5726"}],"wp:attachment":[{"href":"https:\/\/educaredigital.online\/loja\/wp-json\/wp\/v2\/media?parent=5727"}],"wp:term":[{"taxonomy":"product_brand","embeddable":true,"href":"https:\/\/educaredigital.online\/loja\/wp-json\/wp\/v2\/product_brand?post=5727"},{"taxonomy":"product_cat","embeddable":true,"href":"https:\/\/educaredigital.online\/loja\/wp-json\/wp\/v2\/product_cat?post=5727"},{"taxonomy":"product_tag","embeddable":true,"href":"https:\/\/educaredigital.online\/loja\/wp-json\/wp\/v2\/product_tag?post=5727"}],"curies":[{"name":"wp","href":"https:\/\/api.w.org\/{rel}","templated":true}]}}