{"id":5725,"date":"2026-03-27T12:07:28","date_gmt":"2026-03-27T12:07:28","guid":{"rendered":"https:\/\/educaredigital.online\/loja\/produto\/grandes-ideias-por-que-a-caca-de-nariz-e-pegajosa\/"},"modified":"2026-03-31T12:27:57","modified_gmt":"2026-03-31T12:27:57","slug":"grandes-ideias-por-que-a-caca-de-nariz-e-pegajosa","status":"publish","type":"product","link":"https:\/\/educaredigital.online\/loja\/produto\/grandes-ideias-por-que-a-caca-de-nariz-e-pegajosa\/","title":{"rendered":"Grandes Ideias &#8211; Por Que a Caca de Nariz \u00e9 Pegajosa?"},"content":{"rendered":"<div class=\"details-table-wrapper\">\n<p><strong>Grandes Ideias &#8211; Por Que a Caca de Nariz \u00e9 Pegajosa?<\/strong> \u00e9 um livro divertido que responde a uma das perguntas mais curiosas \u2014 e constrangedoras \u2014 que toda crian\u00e7a j\u00e1 fez. Com linguagem acess\u00edvel e ilustra\u00e7\u00f5es encantadoras, a obra explica de forma simples e cient\u00edfica a fun\u00e7\u00e3o do muco nasal, revelando que essa &#8220;meleca&#8221; pegajosa \u00e9, na verdade, uma importante aliada do nosso corpo para nos proteger contra v\u00edrus e poeira.<\/p>\n<p>Ideal para pequenos curiosos que adoram descobrir os mist\u00e9rios do corpo humano, o livro transforma uma d\u00favida engra\u00e7ada em uma oportunidade de aprendizado, mostrando que at\u00e9 os assuntos mais inusitados t\u00eam uma explica\u00e7\u00e3o fascinante.<\/p>\n<table class=\"product-details-table\">\n<tbody>\n<tr>\n<td>Autor<\/td>\n<td>Marc Powell<\/td>\n<\/tr>\n<tr>\n<td>ISBN<\/td>\n<td>9786558884262<\/td>\n<\/tr>\n<tr>\n<td>Editora<\/td>\n<td>P\u00e9 Da Letra<\/td>\n<\/tr>\n<tr>\n<td>N\u00ba de p\u00e1ginas<\/td>\n<td>128<\/td>\n<\/tr>\n<\/tbody>\n<\/table>\n<\/div>\n","protected":false},"excerpt":{"rendered":"<p>Grandes Ideias &#8211; Por Que a Caca de Nariz \u00e9 Pegajosa? \u00e9 um livro divertido que responde a uma das perguntas mais curiosas \u2014 e constrangedoras \u2014 que toda crian\u00e7a j\u00e1 fez. Com linguagem acess\u00edvel e ilustra\u00e7\u00f5es encantadoras, a obra<\/p>\n","protected":false},"featured_media":5724,"comment_status":"open","ping_status":"closed","template":"","meta":[],"product_brand":[],"product_cat":[205],"product_tag":[],"class_list":{"0":"post-5725","1":"product","2":"type-product","3":"status-publish","6":"product_cat-fundamental-4-ao-5","8":"first","9":"instock","10":"shipping-taxable","11":"purchasable","12":"product-type-simple"},"_links":{"self":[{"href":"https:\/\/educaredigital.online\/loja\/wp-json\/wp\/v2\/product\/5725","targetHints":{"allow":["GET"]}}],"collection":[{"href":"https:\/\/educaredigital.online\/loja\/wp-json\/wp\/v2\/product"}],"about":[{"href":"https:\/\/educaredigital.online\/loja\/wp-json\/wp\/v2\/types\/product"}],"replies":[{"embeddable":true,"href":"https:\/\/educaredigital.online\/loja\/wp-json\/wp\/v2\/comments?post=5725"}],"wp:featuredmedia":[{"embeddable":true,"href":"https:\/\/educaredigital.online\/loja\/wp-json\/wp\/v2\/media\/5724"}],"wp:attachment":[{"href":"https:\/\/educaredigital.online\/loja\/wp-json\/wp\/v2\/media?parent=5725"}],"wp:term":[{"taxonomy":"product_brand","embeddable":true,"href":"https:\/\/educaredigital.online\/loja\/wp-json\/wp\/v2\/product_brand?post=5725"},{"taxonomy":"product_cat","embeddable":true,"href":"https:\/\/educaredigital.online\/loja\/wp-json\/wp\/v2\/product_cat?post=5725"},{"taxonomy":"product_tag","embeddable":true,"href":"https:\/\/educaredigital.online\/loja\/wp-json\/wp\/v2\/product_tag?post=5725"}],"curies":[{"name":"wp","href":"https:\/\/api.w.org\/{rel}","templated":true}]}}