{"id":5722,"date":"2026-03-27T12:07:22","date_gmt":"2026-03-27T12:07:22","guid":{"rendered":"https:\/\/educaredigital.online\/loja\/produto\/grandes-ideias-o-t-rex-tinha-penas\/"},"modified":"2026-03-31T12:28:21","modified_gmt":"2026-03-31T12:28:21","slug":"grandes-ideias-o-t-rex-tinha-penas","status":"publish","type":"product","link":"https:\/\/educaredigital.online\/loja\/produto\/grandes-ideias-o-t-rex-tinha-penas\/","title":{"rendered":"Grandes Ideias &#8211; O T.rex Tinha Penas?"},"content":{"rendered":"<div class=\"details-table-wrapper\">\n<p><strong>Grandes Ideias &#8211; O T.rex Tinha Penas?<\/strong> \u00e9 um livro que mergulha em uma das perguntas mais fascinantes da paleontologia moderna. Com linguagem acess\u00edvel e ilustra\u00e7\u00f5es envolventes, a obra apresenta as descobertas cient\u00edficas que revelaram que muitos dinossauros, incluindo parentes pr\u00f3ximos do temido tiranossauro, possu\u00edam penas \u2014 mudando para sempre a forma como enxergamos esses gigantes pr\u00e9-hist\u00f3ricos.<\/p>\n<p>Ideal para pequenos curiosos apaixonados por dinossauros, o livro estimula o pensamento cient\u00edfico e mostra como a ci\u00eancia est\u00e1 sempre evoluindo, provando que at\u00e9 os predadores mais imponentes podem ter tido uma apar\u00eancia muito diferente do que imagin\u00e1vamos.<\/p>\n<table class=\"product-details-table\">\n<tbody>\n<tr>\n<td>Autor<\/td>\n<td>Marc Powell<\/td>\n<\/tr>\n<tr>\n<td>ISBN<\/td>\n<td>9786558884408<\/td>\n<\/tr>\n<tr>\n<td>Editora<\/td>\n<td>P\u00e9 Da Letra<\/td>\n<\/tr>\n<tr>\n<td>N\u00ba de p\u00e1ginas<\/td>\n<td>128<\/td>\n<\/tr>\n<\/tbody>\n<\/table>\n<\/div>\n","protected":false},"excerpt":{"rendered":"<p>Grandes Ideias &#8211; O T.rex Tinha Penas? \u00e9 um livro que mergulha em uma das perguntas mais fascinantes da paleontologia moderna. Com linguagem acess\u00edvel e ilustra\u00e7\u00f5es envolventes, a obra apresenta as descobertas cient\u00edficas que revelaram que muitos dinossauros, incluindo parentes<\/p>\n","protected":false},"featured_media":5721,"comment_status":"open","ping_status":"closed","template":"","meta":[],"product_brand":[],"product_cat":[205],"product_tag":[],"class_list":{"0":"post-5722","1":"product","2":"type-product","3":"status-publish","6":"product_cat-fundamental-4-ao-5","8":"first","9":"instock","10":"shipping-taxable","11":"purchasable","12":"product-type-simple"},"_links":{"self":[{"href":"https:\/\/educaredigital.online\/loja\/wp-json\/wp\/v2\/product\/5722","targetHints":{"allow":["GET"]}}],"collection":[{"href":"https:\/\/educaredigital.online\/loja\/wp-json\/wp\/v2\/product"}],"about":[{"href":"https:\/\/educaredigital.online\/loja\/wp-json\/wp\/v2\/types\/product"}],"replies":[{"embeddable":true,"href":"https:\/\/educaredigital.online\/loja\/wp-json\/wp\/v2\/comments?post=5722"}],"wp:featuredmedia":[{"embeddable":true,"href":"https:\/\/educaredigital.online\/loja\/wp-json\/wp\/v2\/media\/5721"}],"wp:attachment":[{"href":"https:\/\/educaredigital.online\/loja\/wp-json\/wp\/v2\/media?parent=5722"}],"wp:term":[{"taxonomy":"product_brand","embeddable":true,"href":"https:\/\/educaredigital.online\/loja\/wp-json\/wp\/v2\/product_brand?post=5722"},{"taxonomy":"product_cat","embeddable":true,"href":"https:\/\/educaredigital.online\/loja\/wp-json\/wp\/v2\/product_cat?post=5722"},{"taxonomy":"product_tag","embeddable":true,"href":"https:\/\/educaredigital.online\/loja\/wp-json\/wp\/v2\/product_tag?post=5722"}],"curies":[{"name":"wp","href":"https:\/\/api.w.org\/{rel}","templated":true}]}}