{"id":5720,"date":"2026-03-27T12:07:21","date_gmt":"2026-03-27T12:07:21","guid":{"rendered":"https:\/\/educaredigital.online\/loja\/produto\/grandes-ideias-o-que-faz-voce-solucar\/"},"modified":"2026-03-31T12:28:30","modified_gmt":"2026-03-31T12:28:30","slug":"grandes-ideias-o-que-faz-voce-solucar","status":"publish","type":"product","link":"https:\/\/educaredigital.online\/loja\/produto\/grandes-ideias-o-que-faz-voce-solucar\/","title":{"rendered":"Grandes Ideias &#8211; O Que Faz Voc\u00ea Solu\u00e7ar?"},"content":{"rendered":"<div class=\"details-table-wrapper\">\n<p><strong>Grandes Ideias &#8211; O Que Faz Voc\u00ea Solu\u00e7ar?<\/strong> \u00e9 um livro que explica de forma simples e divertida um dos fen\u00f4menos mais curiosos do corpo humano. Com linguagem acess\u00edvel e ilustra\u00e7\u00f5es encantadoras, a obra revela por que o solu\u00e7o acontece, o que acontece dentro do nosso organismo e como ele costuma desaparecer sozinho.<\/p>\n<p>Ideal para pequenos curiosos, o livro transforma uma d\u00favida cotidiana em uma oportunidade de aprendizado, despertando o interesse pela ci\u00eancia e pelo funcionamento do corpo de maneira leve e envolvente.<\/p>\n<table class=\"product-details-table\">\n<tbody>\n<tr>\n<td>Autor<\/td>\n<td>Marc Powell<\/td>\n<\/tr>\n<tr>\n<td>ISBN<\/td>\n<td>9786558884477<\/td>\n<\/tr>\n<tr>\n<td>Editora<\/td>\n<td>P\u00e9 Da Letra<\/td>\n<\/tr>\n<tr>\n<td>N\u00ba de p\u00e1ginas<\/td>\n<td>128<\/td>\n<\/tr>\n<\/tbody>\n<\/table>\n<\/div>\n","protected":false},"excerpt":{"rendered":"<p>Grandes Ideias &#8211; O Que Faz Voc\u00ea Solu\u00e7ar? \u00e9 um livro que explica de forma simples e divertida um dos fen\u00f4menos mais curiosos do corpo humano. Com linguagem acess\u00edvel e ilustra\u00e7\u00f5es encantadoras, a obra revela por que o solu\u00e7o acontece,<\/p>\n","protected":false},"featured_media":5719,"comment_status":"open","ping_status":"closed","template":"","meta":[],"product_brand":[],"product_cat":[205],"product_tag":[],"class_list":{"0":"post-5720","1":"product","2":"type-product","3":"status-publish","6":"product_cat-fundamental-4-ao-5","8":"first","9":"instock","10":"shipping-taxable","11":"purchasable","12":"product-type-simple"},"_links":{"self":[{"href":"https:\/\/educaredigital.online\/loja\/wp-json\/wp\/v2\/product\/5720","targetHints":{"allow":["GET"]}}],"collection":[{"href":"https:\/\/educaredigital.online\/loja\/wp-json\/wp\/v2\/product"}],"about":[{"href":"https:\/\/educaredigital.online\/loja\/wp-json\/wp\/v2\/types\/product"}],"replies":[{"embeddable":true,"href":"https:\/\/educaredigital.online\/loja\/wp-json\/wp\/v2\/comments?post=5720"}],"wp:featuredmedia":[{"embeddable":true,"href":"https:\/\/educaredigital.online\/loja\/wp-json\/wp\/v2\/media\/5719"}],"wp:attachment":[{"href":"https:\/\/educaredigital.online\/loja\/wp-json\/wp\/v2\/media?parent=5720"}],"wp:term":[{"taxonomy":"product_brand","embeddable":true,"href":"https:\/\/educaredigital.online\/loja\/wp-json\/wp\/v2\/product_brand?post=5720"},{"taxonomy":"product_cat","embeddable":true,"href":"https:\/\/educaredigital.online\/loja\/wp-json\/wp\/v2\/product_cat?post=5720"},{"taxonomy":"product_tag","embeddable":true,"href":"https:\/\/educaredigital.online\/loja\/wp-json\/wp\/v2\/product_tag?post=5720"}],"curies":[{"name":"wp","href":"https:\/\/api.w.org\/{rel}","templated":true}]}}