{"id":5718,"date":"2026-03-27T12:07:19","date_gmt":"2026-03-27T12:07:19","guid":{"rendered":"https:\/\/educaredigital.online\/loja\/produto\/gire-e-aprenda-numeros\/"},"modified":"2026-03-31T12:02:05","modified_gmt":"2026-03-31T12:02:05","slug":"gire-e-aprenda-numeros","status":"publish","type":"product","link":"https:\/\/educaredigital.online\/loja\/produto\/gire-e-aprenda-numeros\/","title":{"rendered":"Gire e aprenda! N\u00fameros"},"content":{"rendered":"<div class=\"details-table-wrapper\">\n<p><strong>Gire e aprenda! N\u00fameros<\/strong> \u00e9 um livro interativo que torna o aprendizado dos n\u00fameros uma brincadeira divertida para os pequenos. Com um mecanismo de girar nas p\u00e1ginas, a obra convida as crian\u00e7as a contar, associar quantidades e explorar o universo dos n\u00fameros de forma l\u00fadica e envolvente.<\/p>\n<p>Perfeito para os primeiros anos, o livro estimula o racioc\u00ednio l\u00f3gico, a coordena\u00e7\u00e3o motora e a curiosidade, mostrando que aprender a contar pode ser uma aventura cheia de movimento e descobertas.<\/p>\n<table class=\"product-details-table\">\n<tbody>\n<tr>\n<td>Autor<\/td>\n<td>P\u00e9 da Letra<\/td>\n<\/tr>\n<tr>\n<td>ISBN<\/td>\n<td>9786558887355<\/td>\n<\/tr>\n<tr>\n<td>Editora<\/td>\n<td>P\u00e9 da Letra<\/td>\n<\/tr>\n<tr>\n<td>N\u00ba de p\u00e1ginas<\/td>\n<td>10<\/td>\n<\/tr>\n<\/tbody>\n<\/table>\n<\/div>\n","protected":false},"excerpt":{"rendered":"<p>Gire e aprenda! N\u00fameros \u00e9 um livro interativo que torna o aprendizado dos n\u00fameros uma brincadeira divertida para os pequenos. Com um mecanismo de girar nas p\u00e1ginas, a obra convida as crian\u00e7as a contar, associar quantidades e explorar o universo<\/p>\n","protected":false},"featured_media":5717,"comment_status":"open","ping_status":"closed","template":"","meta":[],"product_brand":[],"product_cat":[201],"product_tag":[],"class_list":{"0":"post-5718","1":"product","2":"type-product","3":"status-publish","6":"product_cat-livros-4-e-5-anos","8":"first","9":"instock","10":"shipping-taxable","11":"purchasable","12":"product-type-simple"},"_links":{"self":[{"href":"https:\/\/educaredigital.online\/loja\/wp-json\/wp\/v2\/product\/5718","targetHints":{"allow":["GET"]}}],"collection":[{"href":"https:\/\/educaredigital.online\/loja\/wp-json\/wp\/v2\/product"}],"about":[{"href":"https:\/\/educaredigital.online\/loja\/wp-json\/wp\/v2\/types\/product"}],"replies":[{"embeddable":true,"href":"https:\/\/educaredigital.online\/loja\/wp-json\/wp\/v2\/comments?post=5718"}],"wp:featuredmedia":[{"embeddable":true,"href":"https:\/\/educaredigital.online\/loja\/wp-json\/wp\/v2\/media\/5717"}],"wp:attachment":[{"href":"https:\/\/educaredigital.online\/loja\/wp-json\/wp\/v2\/media?parent=5718"}],"wp:term":[{"taxonomy":"product_brand","embeddable":true,"href":"https:\/\/educaredigital.online\/loja\/wp-json\/wp\/v2\/product_brand?post=5718"},{"taxonomy":"product_cat","embeddable":true,"href":"https:\/\/educaredigital.online\/loja\/wp-json\/wp\/v2\/product_cat?post=5718"},{"taxonomy":"product_tag","embeddable":true,"href":"https:\/\/educaredigital.online\/loja\/wp-json\/wp\/v2\/product_tag?post=5718"}],"curies":[{"name":"wp","href":"https:\/\/api.w.org\/{rel}","templated":true}]}}