{"id":5710,"date":"2026-03-27T12:07:12","date_gmt":"2026-03-27T12:07:12","guid":{"rendered":"https:\/\/educaredigital.online\/loja\/produto\/george-orwell-ensaios\/"},"modified":"2026-04-01T13:05:43","modified_gmt":"2026-04-01T13:05:43","slug":"george-orwell-ensaios","status":"publish","type":"product","link":"https:\/\/educaredigital.online\/loja\/produto\/george-orwell-ensaios\/","title":{"rendered":"George Orwell &#8211; Ensaios"},"content":{"rendered":"<p class=\"ds-markdown-paragraph\"><strong>Ensaios<\/strong> de <em>George<\/em> <em>Orwell<\/em> mostram seu talento al\u00e9m dos romances, abordando desde cr\u00edtica liter\u00e1ria at\u00e9 mem\u00f3rias de pobreza e imperialismo. Textos como &#8220;Por que eu escrevo&#8221; e &#8220;Pol\u00edtica e a L\u00edngua Inglesa&#8221; revelam sua prosa cristalina e compromisso com a verdade.<\/p>\n<p class=\"ds-markdown-paragraph\">Mais do que ap\u00eandices \u00e0 fic\u00e7\u00e3o, esses ensaios s\u00e3o um legado de honestidade intelectual que permanece atual e inspirador.<\/p>\n<div class=\"details-table-wrapper\">\n<table class=\"product-details-table\">\n<tbody>\n<tr>\n<td>Autor<\/td>\n<td>George Orwell<\/td>\n<\/tr>\n<tr>\n<td>ISBN<\/td>\n<td>9786558881926<\/td>\n<\/tr>\n<tr>\n<td>Editora<\/td>\n<td>P\u00e9 da Letra<\/td>\n<\/tr>\n<tr>\n<td>N\u00ba de p\u00e1ginas<\/td>\n<td>120<\/td>\n<\/tr>\n<\/tbody>\n<\/table>\n<\/div>\n","protected":false},"excerpt":{"rendered":"<p>Ensaios de George Orwell mostram seu talento al\u00e9m dos romances, abordando desde cr\u00edtica liter\u00e1ria at\u00e9 mem\u00f3rias de pobreza e imperialismo. Textos como &#8220;Por que eu escrevo&#8221; e &#8220;Pol\u00edtica e a L\u00edngua Inglesa&#8221; revelam sua prosa cristalina e compromisso com a<\/p>\n","protected":false},"featured_media":5709,"comment_status":"open","ping_status":"closed","template":"","meta":[],"product_brand":[],"product_cat":[206],"product_tag":[],"class_list":{"0":"post-5710","1":"product","2":"type-product","3":"status-publish","6":"product_cat-fundamental-2-6o-ao-9o","8":"first","9":"instock","10":"shipping-taxable","11":"purchasable","12":"product-type-simple"},"_links":{"self":[{"href":"https:\/\/educaredigital.online\/loja\/wp-json\/wp\/v2\/product\/5710","targetHints":{"allow":["GET"]}}],"collection":[{"href":"https:\/\/educaredigital.online\/loja\/wp-json\/wp\/v2\/product"}],"about":[{"href":"https:\/\/educaredigital.online\/loja\/wp-json\/wp\/v2\/types\/product"}],"replies":[{"embeddable":true,"href":"https:\/\/educaredigital.online\/loja\/wp-json\/wp\/v2\/comments?post=5710"}],"wp:featuredmedia":[{"embeddable":true,"href":"https:\/\/educaredigital.online\/loja\/wp-json\/wp\/v2\/media\/5709"}],"wp:attachment":[{"href":"https:\/\/educaredigital.online\/loja\/wp-json\/wp\/v2\/media?parent=5710"}],"wp:term":[{"taxonomy":"product_brand","embeddable":true,"href":"https:\/\/educaredigital.online\/loja\/wp-json\/wp\/v2\/product_brand?post=5710"},{"taxonomy":"product_cat","embeddable":true,"href":"https:\/\/educaredigital.online\/loja\/wp-json\/wp\/v2\/product_cat?post=5710"},{"taxonomy":"product_tag","embeddable":true,"href":"https:\/\/educaredigital.online\/loja\/wp-json\/wp\/v2\/product_tag?post=5710"}],"curies":[{"name":"wp","href":"https:\/\/api.w.org\/{rel}","templated":true}]}}