{"id":5708,"date":"2026-03-27T12:07:09","date_gmt":"2026-03-27T12:07:09","guid":{"rendered":"https:\/\/educaredigital.online\/loja\/produto\/george-orwell-a-revolucao-dos-bichos\/"},"modified":"2026-04-01T13:06:05","modified_gmt":"2026-04-01T13:06:05","slug":"george-orwell-a-revolucao-dos-bichos","status":"publish","type":"product","link":"https:\/\/educaredigital.online\/loja\/produto\/george-orwell-a-revolucao-dos-bichos\/","title":{"rendered":"George Orwell &#8211; A Revoluc\u00e3o dos Bichos"},"content":{"rendered":"<p><strong>A Revolu\u00e7\u00e3o dos Bichos,<\/strong> de <em>George<\/em> <em>Orwell<\/em>, \u00e9 uma brilhante s\u00e1tira que conta a hist\u00f3ria dos animais da Granja do Solar, que se rebelam contra seus opressores humanos em busca de liberdade e igualdade. Liderados pelos porcos, eles estabelecem os mandamentos do &#8220;Animalismo&#8221;, mas aos poucos testemunham a corrup\u00e7\u00e3o dos ideais que tanto lutaram para conquistar.<\/p>\n<p>Mais do que uma simples f\u00e1bula, o livro \u00e9 uma poderosa cr\u00edtica ao totalitarismo e \u00e0 forma como revolu\u00e7\u00f5es podem ser tra\u00eddas por aqueles que chegam ao poder. Com humor \u00e1cido e li\u00e7\u00f5es atemporais, Orwell nos alerta sobre os perigos da manipula\u00e7\u00e3o, da propaganda e da desigualdade disfar\u00e7ada de igualdade.<\/p>\n<div class=\"details-table-wrapper\">\n<table class=\"product-details-table\">\n<tbody>\n<tr>\n<td>Autor<\/td>\n<td>George Orwell<\/td>\n<\/tr>\n<tr>\n<td>ISBN<\/td>\n<td>9786558881919<\/td>\n<\/tr>\n<tr>\n<td>Editora<\/td>\n<td>P\u00e9 da Letra<\/td>\n<\/tr>\n<tr>\n<td>N\u00ba de p\u00e1ginas<\/td>\n<td>112<\/td>\n<\/tr>\n<\/tbody>\n<\/table>\n<\/div>\n","protected":false},"excerpt":{"rendered":"<p>A Revolu\u00e7\u00e3o dos Bichos, de George Orwell, \u00e9 uma brilhante s\u00e1tira que conta a hist\u00f3ria dos animais da Granja do Solar, que se rebelam contra seus opressores humanos em busca de liberdade e igualdade. Liderados pelos porcos, eles estabelecem os<\/p>\n","protected":false},"featured_media":5707,"comment_status":"open","ping_status":"closed","template":"","meta":[],"product_brand":[],"product_cat":[206],"product_tag":[],"class_list":{"0":"post-5708","1":"product","2":"type-product","3":"status-publish","6":"product_cat-fundamental-2-6o-ao-9o","8":"first","9":"instock","10":"shipping-taxable","11":"purchasable","12":"product-type-simple"},"_links":{"self":[{"href":"https:\/\/educaredigital.online\/loja\/wp-json\/wp\/v2\/product\/5708","targetHints":{"allow":["GET"]}}],"collection":[{"href":"https:\/\/educaredigital.online\/loja\/wp-json\/wp\/v2\/product"}],"about":[{"href":"https:\/\/educaredigital.online\/loja\/wp-json\/wp\/v2\/types\/product"}],"replies":[{"embeddable":true,"href":"https:\/\/educaredigital.online\/loja\/wp-json\/wp\/v2\/comments?post=5708"}],"wp:featuredmedia":[{"embeddable":true,"href":"https:\/\/educaredigital.online\/loja\/wp-json\/wp\/v2\/media\/5707"}],"wp:attachment":[{"href":"https:\/\/educaredigital.online\/loja\/wp-json\/wp\/v2\/media?parent=5708"}],"wp:term":[{"taxonomy":"product_brand","embeddable":true,"href":"https:\/\/educaredigital.online\/loja\/wp-json\/wp\/v2\/product_brand?post=5708"},{"taxonomy":"product_cat","embeddable":true,"href":"https:\/\/educaredigital.online\/loja\/wp-json\/wp\/v2\/product_cat?post=5708"},{"taxonomy":"product_tag","embeddable":true,"href":"https:\/\/educaredigital.online\/loja\/wp-json\/wp\/v2\/product_tag?post=5708"}],"curies":[{"name":"wp","href":"https:\/\/api.w.org\/{rel}","templated":true}]}}