{"id":5706,"date":"2026-03-27T12:07:06","date_gmt":"2026-03-27T12:07:06","guid":{"rendered":"https:\/\/educaredigital.online\/loja\/produto\/george-orwell-a-flor-da-inglaterra\/"},"modified":"2026-04-01T13:05:34","modified_gmt":"2026-04-01T13:05:34","slug":"george-orwell-a-flor-da-inglaterra","status":"publish","type":"product","link":"https:\/\/educaredigital.online\/loja\/produto\/george-orwell-a-flor-da-inglaterra\/","title":{"rendered":"George Orwell &#8211; A Flor da Inglaterra"},"content":{"rendered":"<p><strong>A Flor da Inglaterra,<\/strong> publicado em 1936, \u00e9 o terceiro romance de George Orwell, uma cr\u00edtica \u00e1cida \u00e0 sociedade de classes e \u00e0 tirania do dinheiro. O livro acompanha Gordon Comstock, um poeta frustrado que, aos trinta anos, declara guerra ao que chama de &#8220;deus-dinheiro&#8221;: abandona um bom emprego em publicidade para trabalhar em uma modesta livraria, mergulhando na pobreza em nome de seus princ\u00edpios.<\/p>\n<p>Ambientado na Londres dos anos 1930, o romance tem como s\u00edmbolo a aspidistra \u2014 a &#8220;flor da Inglaterra&#8221; do t\u00edtulo \u2014, uma planta dom\u00e9stica resistente que Gordon elege como representante da ordem injusta e med\u00edocre da classe m\u00e9dia que tanto despreza. Diferente das distopias que o consagrariam mais tarde, Orwell constr\u00f3i aqui uma s\u00e1tira passional e cheia de humor seco sobre a luta individual contra um sistema que sufoca a dignidade e a liberdade criativa.<\/p>\n<div class=\"details-table-wrapper\">\n<table class=\"product-details-table\">\n<tbody>\n<tr>\n<td>Autor<\/td>\n<td>George Orwell<\/td>\n<\/tr>\n<tr>\n<td>ISBN<\/td>\n<td>9786558881872<\/td>\n<\/tr>\n<tr>\n<td>Editora<\/td>\n<td>P\u00e9 da Letra<\/td>\n<\/tr>\n<tr>\n<td>N\u00ba de p\u00e1ginas<\/td>\n<td>322<\/td>\n<\/tr>\n<\/tbody>\n<\/table>\n<\/div>\n","protected":false},"excerpt":{"rendered":"<p>A Flor da Inglaterra, publicado em 1936, \u00e9 o terceiro romance de George Orwell, uma cr\u00edtica \u00e1cida \u00e0 sociedade de classes e \u00e0 tirania do dinheiro. O livro acompanha Gordon Comstock, um poeta frustrado que, aos trinta anos, declara guerra<\/p>\n","protected":false},"featured_media":5705,"comment_status":"open","ping_status":"closed","template":"","meta":[],"product_brand":[],"product_cat":[206],"product_tag":[],"class_list":{"0":"post-5706","1":"product","2":"type-product","3":"status-publish","6":"product_cat-fundamental-2-6o-ao-9o","8":"first","9":"instock","10":"shipping-taxable","11":"purchasable","12":"product-type-simple"},"_links":{"self":[{"href":"https:\/\/educaredigital.online\/loja\/wp-json\/wp\/v2\/product\/5706","targetHints":{"allow":["GET"]}}],"collection":[{"href":"https:\/\/educaredigital.online\/loja\/wp-json\/wp\/v2\/product"}],"about":[{"href":"https:\/\/educaredigital.online\/loja\/wp-json\/wp\/v2\/types\/product"}],"replies":[{"embeddable":true,"href":"https:\/\/educaredigital.online\/loja\/wp-json\/wp\/v2\/comments?post=5706"}],"wp:featuredmedia":[{"embeddable":true,"href":"https:\/\/educaredigital.online\/loja\/wp-json\/wp\/v2\/media\/5705"}],"wp:attachment":[{"href":"https:\/\/educaredigital.online\/loja\/wp-json\/wp\/v2\/media?parent=5706"}],"wp:term":[{"taxonomy":"product_brand","embeddable":true,"href":"https:\/\/educaredigital.online\/loja\/wp-json\/wp\/v2\/product_brand?post=5706"},{"taxonomy":"product_cat","embeddable":true,"href":"https:\/\/educaredigital.online\/loja\/wp-json\/wp\/v2\/product_cat?post=5706"},{"taxonomy":"product_tag","embeddable":true,"href":"https:\/\/educaredigital.online\/loja\/wp-json\/wp\/v2\/product_tag?post=5706"}],"curies":[{"name":"wp","href":"https:\/\/api.w.org\/{rel}","templated":true}]}}