{"id":5704,"date":"2026-03-27T12:07:02","date_gmt":"2026-03-27T12:07:02","guid":{"rendered":"https:\/\/educaredigital.online\/loja\/produto\/george-orwell-a-filha-do-reverendo\/"},"modified":"2026-04-01T13:05:25","modified_gmt":"2026-04-01T13:05:25","slug":"george-orwell-a-filha-do-reverendo","status":"publish","type":"product","link":"https:\/\/educaredigital.online\/loja\/produto\/george-orwell-a-filha-do-reverendo\/","title":{"rendered":"George Orwell &#8211; A Filha do Reverendo"},"content":{"rendered":"<p><strong>A Filha do Reverendo,<\/strong> de <em>George<\/em> <em>Orwell<\/em>, acompanha a vida de Dorothy Hare, uma jovem dedicada \u00e0 fam\u00edlia e \u00e0 par\u00f3quia, cuja rotina de sacrif\u00edcios e obriga\u00e7\u00f5es religiosas esconde um profundo vazio interior. Ap\u00f3s perder a mem\u00f3ria em um acidente, ela se v\u00ea lan\u00e7ada em um mundo completamente diferente, tendo que sobreviver nas ruas de Londres e enfrentar duras realidades que jamais imaginara.<\/p>\n<p>Diferente das distopias pelas quais Orwell \u00e9 mais conhecido, este romance revela seu lado mais humano e intimista, oferecendo uma cr\u00edtica contundente \u00e0s hipocrisias sociais e \u00e0 opress\u00e3o disfar\u00e7ada de virtude. Uma obra sens\u00edvel e provocadora sobre identidade, f\u00e9 e a luta pela dignidade.<\/p>\n<div class=\"details-table-wrapper\">\n<table class=\"product-details-table\">\n<tbody>\n<tr>\n<td>Autor<\/td>\n<td>George Orwell<\/td>\n<\/tr>\n<tr>\n<td>ISBN<\/td>\n<td>9786558881902<\/td>\n<\/tr>\n<tr>\n<td>Editora<\/td>\n<td>P\u00e9 da Letra<\/td>\n<\/tr>\n<tr>\n<td>N\u00ba de p\u00e1ginas<\/td>\n<td>240<\/td>\n<\/tr>\n<\/tbody>\n<\/table>\n<\/div>\n","protected":false},"excerpt":{"rendered":"<p>A Filha do Reverendo, de George Orwell, acompanha a vida de Dorothy Hare, uma jovem dedicada \u00e0 fam\u00edlia e \u00e0 par\u00f3quia, cuja rotina de sacrif\u00edcios e obriga\u00e7\u00f5es religiosas esconde um profundo vazio interior. Ap\u00f3s perder a mem\u00f3ria em um acidente,<\/p>\n","protected":false},"featured_media":5703,"comment_status":"open","ping_status":"closed","template":"","meta":[],"product_brand":[],"product_cat":[206],"product_tag":[],"class_list":{"0":"post-5704","1":"product","2":"type-product","3":"status-publish","6":"product_cat-fundamental-2-6o-ao-9o","8":"first","9":"instock","10":"shipping-taxable","11":"purchasable","12":"product-type-simple"},"_links":{"self":[{"href":"https:\/\/educaredigital.online\/loja\/wp-json\/wp\/v2\/product\/5704","targetHints":{"allow":["GET"]}}],"collection":[{"href":"https:\/\/educaredigital.online\/loja\/wp-json\/wp\/v2\/product"}],"about":[{"href":"https:\/\/educaredigital.online\/loja\/wp-json\/wp\/v2\/types\/product"}],"replies":[{"embeddable":true,"href":"https:\/\/educaredigital.online\/loja\/wp-json\/wp\/v2\/comments?post=5704"}],"wp:featuredmedia":[{"embeddable":true,"href":"https:\/\/educaredigital.online\/loja\/wp-json\/wp\/v2\/media\/5703"}],"wp:attachment":[{"href":"https:\/\/educaredigital.online\/loja\/wp-json\/wp\/v2\/media?parent=5704"}],"wp:term":[{"taxonomy":"product_brand","embeddable":true,"href":"https:\/\/educaredigital.online\/loja\/wp-json\/wp\/v2\/product_brand?post=5704"},{"taxonomy":"product_cat","embeddable":true,"href":"https:\/\/educaredigital.online\/loja\/wp-json\/wp\/v2\/product_cat?post=5704"},{"taxonomy":"product_tag","embeddable":true,"href":"https:\/\/educaredigital.online\/loja\/wp-json\/wp\/v2\/product_tag?post=5704"}],"curies":[{"name":"wp","href":"https:\/\/api.w.org\/{rel}","templated":true}]}}