{"id":5702,"date":"2026-03-27T12:07:00","date_gmt":"2026-03-27T12:07:00","guid":{"rendered":"https:\/\/educaredigital.online\/loja\/produto\/george-orwell-1984\/"},"modified":"2026-04-01T13:05:13","modified_gmt":"2026-04-01T13:05:13","slug":"george-orwell-1984","status":"publish","type":"product","link":"https:\/\/educaredigital.online\/loja\/produto\/george-orwell-1984\/","title":{"rendered":"George Orwell &#8211; 1984"},"content":{"rendered":"<p class=\"ds-markdown-paragraph\"><strong>1984<\/strong>, de <em>George<\/em> <em>Orwell<\/em>, \u00e9 um dos romances mais impactantes do s\u00e9culo XX, apresentando um futuro dist\u00f3pico onde o Estado tudo controla. Sob o olhar onipresente do &#8220;Grande Irm\u00e3o&#8221;, o protagonista Winston Smith luta contra um regime que manipula a verdade, reescreve a hist\u00f3ria e suprime qualquer pensamento independente.<\/p>\n<p class=\"ds-markdown-paragraph\">Mais do que uma obra de fic\u00e7\u00e3o, o livro \u00e9 um poderoso alerta sobre os perigos do totalitarismo, da vigil\u00e2ncia em massa e da perda da liberdade individual. Uma leitura essencial que se mant\u00e9m assustadoramente atual.<\/p>\n<div class=\"details-table-wrapper\">\n<table class=\"product-details-table\">\n<tbody>\n<tr>\n<td>Autor<\/td>\n<td>George Orwell<\/td>\n<\/tr>\n<tr>\n<td>ISBN<\/td>\n<td>9786558881896<\/td>\n<\/tr>\n<tr>\n<td>Editora<\/td>\n<td>P\u00e9 da Letra<\/td>\n<\/tr>\n<tr>\n<td>N\u00ba de p\u00e1ginas<\/td>\n<td>387<\/td>\n<\/tr>\n<\/tbody>\n<\/table>\n<\/div>\n","protected":false},"excerpt":{"rendered":"<p>1984, de George Orwell, \u00e9 um dos romances mais impactantes do s\u00e9culo XX, apresentando um futuro dist\u00f3pico onde o Estado tudo controla. Sob o olhar onipresente do &#8220;Grande Irm\u00e3o&#8221;, o protagonista Winston Smith luta contra um regime que manipula a<\/p>\n","protected":false},"featured_media":5701,"comment_status":"open","ping_status":"closed","template":"","meta":[],"product_brand":[],"product_cat":[206],"product_tag":[],"class_list":{"0":"post-5702","1":"product","2":"type-product","3":"status-publish","6":"product_cat-fundamental-2-6o-ao-9o","8":"first","9":"instock","10":"shipping-taxable","11":"purchasable","12":"product-type-simple"},"_links":{"self":[{"href":"https:\/\/educaredigital.online\/loja\/wp-json\/wp\/v2\/product\/5702","targetHints":{"allow":["GET"]}}],"collection":[{"href":"https:\/\/educaredigital.online\/loja\/wp-json\/wp\/v2\/product"}],"about":[{"href":"https:\/\/educaredigital.online\/loja\/wp-json\/wp\/v2\/types\/product"}],"replies":[{"embeddable":true,"href":"https:\/\/educaredigital.online\/loja\/wp-json\/wp\/v2\/comments?post=5702"}],"wp:featuredmedia":[{"embeddable":true,"href":"https:\/\/educaredigital.online\/loja\/wp-json\/wp\/v2\/media\/5701"}],"wp:attachment":[{"href":"https:\/\/educaredigital.online\/loja\/wp-json\/wp\/v2\/media?parent=5702"}],"wp:term":[{"taxonomy":"product_brand","embeddable":true,"href":"https:\/\/educaredigital.online\/loja\/wp-json\/wp\/v2\/product_brand?post=5702"},{"taxonomy":"product_cat","embeddable":true,"href":"https:\/\/educaredigital.online\/loja\/wp-json\/wp\/v2\/product_cat?post=5702"},{"taxonomy":"product_tag","embeddable":true,"href":"https:\/\/educaredigital.online\/loja\/wp-json\/wp\/v2\/product_tag?post=5702"}],"curies":[{"name":"wp","href":"https:\/\/api.w.org\/{rel}","templated":true}]}}