{"id":5696,"date":"2026-03-27T12:06:53","date_gmt":"2026-03-27T12:06:53","guid":{"rendered":"https:\/\/educaredigital.online\/loja\/produto\/eu-posso-ser-um-veterinario-incrivel\/"},"modified":"2026-04-09T14:17:19","modified_gmt":"2026-04-09T14:17:19","slug":"eu-posso-ser-um-veterinario-incrivel","status":"publish","type":"product","link":"https:\/\/educaredigital.online\/loja\/produto\/eu-posso-ser-um-veterinario-incrivel\/","title":{"rendered":"Eu posso ser um: Veterin\u00e1rio Incr\u00edvel"},"content":{"rendered":"<div class=\"details-table-wrapper\">\n<p><strong>Eu Posso Ser Um: Veterin\u00e1rio Incr\u00edvel<\/strong> convida as crian\u00e7as a descobrirem o fascinante mundo dos animais e dos cuidados com eles. Com uma abordagem l\u00fadica e acolhedora, o livro apresenta os primeiros passos da profiss\u00e3o, desde o atendimento em consult\u00f3rio at\u00e9 a import\u00e2ncia do carinho e da responsabilidade.<\/p>\n<p>Mais do que ensinar sobre a rotina de um veterin\u00e1rio, a obra inspira os pequenos leitores a seguirem seus sonhos com dedica\u00e7\u00e3o e empatia, mostrando que cuidar dos animais \u00e9 um ato de amor e que qualquer um pode se tornar um veterin\u00e1rio incr\u00edvel.<\/p>\n<table class=\"product-details-table\">\n<tbody>\n<tr>\n<td>Autor<\/td>\n<td>Anna Claybourne<\/td>\n<\/tr>\n<tr>\n<td>ISBN<\/td>\n<td>9786558886808<\/td>\n<\/tr>\n<tr>\n<td>Editora<\/td>\n<td>P\u00e9 da Letra<\/td>\n<\/tr>\n<tr>\n<td>N\u00ba de p\u00e1ginas<\/td>\n<td>64<\/td>\n<\/tr>\n<\/tbody>\n<\/table>\n<\/div>\n","protected":false},"excerpt":{"rendered":"<p>Eu Posso Ser Um: Veterin\u00e1rio Incr\u00edvel convida as crian\u00e7as a descobrirem o fascinante mundo dos animais e dos cuidados com eles. Com uma abordagem l\u00fadica e acolhedora, o livro apresenta os primeiros passos da profiss\u00e3o, desde o atendimento em consult\u00f3rio<\/p>\n","protected":false},"featured_media":5695,"comment_status":"open","ping_status":"closed","template":"","meta":[],"product_brand":[],"product_cat":[205],"product_tag":[],"class_list":{"0":"post-5696","1":"product","2":"type-product","3":"status-publish","6":"product_cat-fundamental-4-ao-5","8":"first","9":"instock","10":"shipping-taxable","11":"purchasable","12":"product-type-simple"},"_links":{"self":[{"href":"https:\/\/educaredigital.online\/loja\/wp-json\/wp\/v2\/product\/5696","targetHints":{"allow":["GET"]}}],"collection":[{"href":"https:\/\/educaredigital.online\/loja\/wp-json\/wp\/v2\/product"}],"about":[{"href":"https:\/\/educaredigital.online\/loja\/wp-json\/wp\/v2\/types\/product"}],"replies":[{"embeddable":true,"href":"https:\/\/educaredigital.online\/loja\/wp-json\/wp\/v2\/comments?post=5696"}],"wp:featuredmedia":[{"embeddable":true,"href":"https:\/\/educaredigital.online\/loja\/wp-json\/wp\/v2\/media\/5695"}],"wp:attachment":[{"href":"https:\/\/educaredigital.online\/loja\/wp-json\/wp\/v2\/media?parent=5696"}],"wp:term":[{"taxonomy":"product_brand","embeddable":true,"href":"https:\/\/educaredigital.online\/loja\/wp-json\/wp\/v2\/product_brand?post=5696"},{"taxonomy":"product_cat","embeddable":true,"href":"https:\/\/educaredigital.online\/loja\/wp-json\/wp\/v2\/product_cat?post=5696"},{"taxonomy":"product_tag","embeddable":true,"href":"https:\/\/educaredigital.online\/loja\/wp-json\/wp\/v2\/product_tag?post=5696"}],"curies":[{"name":"wp","href":"https:\/\/api.w.org\/{rel}","templated":true}]}}