{"id":5692,"date":"2026-03-27T12:06:47","date_gmt":"2026-03-27T12:06:47","guid":{"rendered":"https:\/\/educaredigital.online\/loja\/produto\/eu-posso-ser-um-mestre-em-ecologia\/"},"modified":"2026-04-09T14:17:19","modified_gmt":"2026-04-09T14:17:19","slug":"eu-posso-ser-um-mestre-em-ecologia","status":"publish","type":"product","link":"https:\/\/educaredigital.online\/loja\/produto\/eu-posso-ser-um-mestre-em-ecologia\/","title":{"rendered":"Eu posso ser um: Mestre em Ecologia"},"content":{"rendered":"<div class=\"details-table-wrapper\">\n<p data-start=\"0\" data-end=\"305\"><strong><span class=\"hover:entity-accent entity-underline inline cursor-pointer align-baseline\"><span class=\"whitespace-normal\">Eu Posso Ser um: Mestre em Ecologia<\/span><\/span><\/strong> convida as crian\u00e7as a explorarem o universo da natureza e da preserva\u00e7\u00e3o ambiental de forma divertida e educativa. Por meio de uma narrativa envolvente, a obra apresenta conceitos sobre ecologia, mostrando a import\u00e2ncia de cuidar do planeta e dos seres vivos.<\/p>\n<p data-start=\"307\" data-end=\"565\" data-is-last-node=\"\" data-is-only-node=\"\">Com linguagem simples e ilustra\u00e7\u00f5es coloridas, o livro estimula a consci\u00eancia ambiental, a curiosidade e o respeito pela natureza. Ideal para os pequenos, \u00e9 uma excelente forma de aprender brincando e desenvolver valores importantes para o futuro do planeta.<\/p>\n<table class=\"product-details-table\">\n<tbody>\n<tr>\n<td>Autor<\/td>\n<td>Anna Claybourne<\/td>\n<\/tr>\n<tr>\n<td>ISBN<\/td>\n<td>9786558886785<\/td>\n<\/tr>\n<tr>\n<td>Editora<\/td>\n<td>P\u00e9 da Letra\/td&gt;<\/td>\n<\/tr>\n<tr>\n<td>N\u00ba de p\u00e1ginas<\/td>\n<td>64<\/td>\n<\/tr>\n<\/tbody>\n<\/table>\n<\/div>\n","protected":false},"excerpt":{"rendered":"<p>Eu Posso Ser um: Mestre em Ecologia convida as crian\u00e7as a explorarem o universo da natureza e da preserva\u00e7\u00e3o ambiental de forma divertida e educativa. Por meio de uma narrativa envolvente, a obra apresenta conceitos sobre ecologia, mostrando a import\u00e2ncia<\/p>\n","protected":false},"featured_media":5691,"comment_status":"open","ping_status":"closed","template":"","meta":[],"product_brand":[],"product_cat":[205],"product_tag":[],"class_list":{"0":"post-5692","1":"product","2":"type-product","3":"status-publish","6":"product_cat-fundamental-4-ao-5","8":"first","9":"instock","10":"shipping-taxable","11":"purchasable","12":"product-type-simple"},"_links":{"self":[{"href":"https:\/\/educaredigital.online\/loja\/wp-json\/wp\/v2\/product\/5692","targetHints":{"allow":["GET"]}}],"collection":[{"href":"https:\/\/educaredigital.online\/loja\/wp-json\/wp\/v2\/product"}],"about":[{"href":"https:\/\/educaredigital.online\/loja\/wp-json\/wp\/v2\/types\/product"}],"replies":[{"embeddable":true,"href":"https:\/\/educaredigital.online\/loja\/wp-json\/wp\/v2\/comments?post=5692"}],"wp:featuredmedia":[{"embeddable":true,"href":"https:\/\/educaredigital.online\/loja\/wp-json\/wp\/v2\/media\/5691"}],"wp:attachment":[{"href":"https:\/\/educaredigital.online\/loja\/wp-json\/wp\/v2\/media?parent=5692"}],"wp:term":[{"taxonomy":"product_brand","embeddable":true,"href":"https:\/\/educaredigital.online\/loja\/wp-json\/wp\/v2\/product_brand?post=5692"},{"taxonomy":"product_cat","embeddable":true,"href":"https:\/\/educaredigital.online\/loja\/wp-json\/wp\/v2\/product_cat?post=5692"},{"taxonomy":"product_tag","embeddable":true,"href":"https:\/\/educaredigital.online\/loja\/wp-json\/wp\/v2\/product_tag?post=5692"}],"curies":[{"name":"wp","href":"https:\/\/api.w.org\/{rel}","templated":true}]}}