{"id":5690,"date":"2026-03-27T12:06:45","date_gmt":"2026-03-27T12:06:45","guid":{"rendered":"https:\/\/educaredigital.online\/loja\/produto\/eu-posso-ser-um-medico-fantastico\/"},"modified":"2026-04-09T14:17:19","modified_gmt":"2026-04-09T14:17:19","slug":"eu-posso-ser-um-medico-fantastico","status":"publish","type":"product","link":"https:\/\/educaredigital.online\/loja\/produto\/eu-posso-ser-um-medico-fantastico\/","title":{"rendered":"Eu posso ser um: M\u00e9dico Fant\u00e1stico"},"content":{"rendered":"<div class=\"details-table-wrapper\">\n<p data-start=\"0\" data-end=\"278\"><strong><span class=\"hover:entity-accent entity-underline inline cursor-pointer align-baseline\"><span class=\"whitespace-normal\">Eu Posso Ser um: M\u00e9dico Fant\u00e1stico<\/span><\/span><\/strong> convida as crian\u00e7as a conhecerem o universo da medicina de forma leve e divertida. Por meio de uma narrativa envolvente, a obra apresenta o papel do m\u00e9dico, despertando o interesse pelo cuidado com a sa\u00fade e o bem-estar das pessoas.<\/p>\n<p data-start=\"280\" data-end=\"518\" data-is-last-node=\"\" data-is-only-node=\"\">Com linguagem simples e ilustra\u00e7\u00f5es coloridas, o livro estimula a empatia, a curiosidade e o interesse por diferentes profiss\u00f5es. Ideal para os pequenos, \u00e9 uma excelente forma de aprender brincando e imaginar possibilidades para o futuro.<\/p>\n<table class=\"product-details-table\">\n<tbody>\n<tr>\n<td>Autor<\/td>\n<td>Anna Claybourne<\/td>\n<\/tr>\n<tr>\n<td>ISBN<\/td>\n<td>9786558886853<\/td>\n<\/tr>\n<tr>\n<td>Editora<\/td>\n<td>P\u00e9 da Letra<\/td>\n<\/tr>\n<tr>\n<td>N\u00ba de p\u00e1ginas<\/td>\n<td>64<\/td>\n<\/tr>\n<\/tbody>\n<\/table>\n<\/div>\n","protected":false},"excerpt":{"rendered":"<p>Eu Posso Ser um: M\u00e9dico Fant\u00e1stico convida as crian\u00e7as a conhecerem o universo da medicina de forma leve e divertida. Por meio de uma narrativa envolvente, a obra apresenta o papel do m\u00e9dico, despertando o interesse pelo cuidado com a<\/p>\n","protected":false},"featured_media":5689,"comment_status":"open","ping_status":"closed","template":"","meta":[],"product_brand":[],"product_cat":[205],"product_tag":[],"class_list":{"0":"post-5690","1":"product","2":"type-product","3":"status-publish","6":"product_cat-fundamental-4-ao-5","8":"first","9":"instock","10":"shipping-taxable","11":"purchasable","12":"product-type-simple"},"_links":{"self":[{"href":"https:\/\/educaredigital.online\/loja\/wp-json\/wp\/v2\/product\/5690","targetHints":{"allow":["GET"]}}],"collection":[{"href":"https:\/\/educaredigital.online\/loja\/wp-json\/wp\/v2\/product"}],"about":[{"href":"https:\/\/educaredigital.online\/loja\/wp-json\/wp\/v2\/types\/product"}],"replies":[{"embeddable":true,"href":"https:\/\/educaredigital.online\/loja\/wp-json\/wp\/v2\/comments?post=5690"}],"wp:featuredmedia":[{"embeddable":true,"href":"https:\/\/educaredigital.online\/loja\/wp-json\/wp\/v2\/media\/5689"}],"wp:attachment":[{"href":"https:\/\/educaredigital.online\/loja\/wp-json\/wp\/v2\/media?parent=5690"}],"wp:term":[{"taxonomy":"product_brand","embeddable":true,"href":"https:\/\/educaredigital.online\/loja\/wp-json\/wp\/v2\/product_brand?post=5690"},{"taxonomy":"product_cat","embeddable":true,"href":"https:\/\/educaredigital.online\/loja\/wp-json\/wp\/v2\/product_cat?post=5690"},{"taxonomy":"product_tag","embeddable":true,"href":"https:\/\/educaredigital.online\/loja\/wp-json\/wp\/v2\/product_tag?post=5690"}],"curies":[{"name":"wp","href":"https:\/\/api.w.org\/{rel}","templated":true}]}}