{"id":5688,"date":"2026-03-27T12:06:41","date_gmt":"2026-03-27T12:06:41","guid":{"rendered":"https:\/\/educaredigital.online\/loja\/produto\/eu-posso-ser-um-magico-da-matematica\/"},"modified":"2026-04-09T14:17:19","modified_gmt":"2026-04-09T14:17:19","slug":"eu-posso-ser-um-magico-da-matematica","status":"publish","type":"product","link":"https:\/\/educaredigital.online\/loja\/produto\/eu-posso-ser-um-magico-da-matematica\/","title":{"rendered":"Eu posso ser um: M\u00e1gico da Matem\u00e1tica"},"content":{"rendered":"<div class=\"details-table-wrapper\">\n<p data-start=\"0\" data-end=\"289\"><strong><span class=\"hover:entity-accent entity-underline inline cursor-pointer align-baseline\"><span class=\"whitespace-normal\">Eu Posso Ser um: M\u00e1gico da Matem\u00e1tica<\/span><\/span> <\/strong>convida as crian\u00e7as a descobrirem o universo dos n\u00fameros de forma divertida e surpreendente. Com uma abordagem l\u00fadica, a obra apresenta conceitos matem\u00e1ticos por meio de desafios e situa\u00e7\u00f5es criativas que despertam o interesse e a curiosidade.<\/p>\n<p data-start=\"291\" data-end=\"569\" data-is-last-node=\"\" data-is-only-node=\"\">Com linguagem simples e ilustra\u00e7\u00f5es envolventes, o livro estimula o racioc\u00ednio l\u00f3gico, a concentra\u00e7\u00e3o e a confian\u00e7a no aprendizado da matem\u00e1tica. Ideal para os pequenos, \u00e9 uma excelente forma de aprender brincando e perceber que a matem\u00e1tica pode ser divertida e cheia de magia.<\/p>\n<table class=\"product-details-table\">\n<tbody>\n<tr>\n<td>Autor<\/td>\n<td>Anna Claybourne<\/td>\n<\/tr>\n<tr>\n<td>ISBN<\/td>\n<td>9786558886822<\/td>\n<\/tr>\n<tr>\n<td>Editora<\/td>\n<td>P\u00e9 da Letra<\/td>\n<\/tr>\n<tr>\n<td>N\u00ba de p\u00e1ginas<\/td>\n<td>64<\/td>\n<\/tr>\n<\/tbody>\n<\/table>\n<\/div>\n","protected":false},"excerpt":{"rendered":"<p>Eu Posso Ser um: M\u00e1gico da Matem\u00e1tica convida as crian\u00e7as a descobrirem o universo dos n\u00fameros de forma divertida e surpreendente. Com uma abordagem l\u00fadica, a obra apresenta conceitos matem\u00e1ticos por meio de desafios e situa\u00e7\u00f5es criativas que despertam o<\/p>\n","protected":false},"featured_media":5687,"comment_status":"open","ping_status":"closed","template":"","meta":[],"product_brand":[],"product_cat":[205],"product_tag":[],"class_list":{"0":"post-5688","1":"product","2":"type-product","3":"status-publish","6":"product_cat-fundamental-4-ao-5","8":"first","9":"instock","10":"shipping-taxable","11":"purchasable","12":"product-type-simple"},"_links":{"self":[{"href":"https:\/\/educaredigital.online\/loja\/wp-json\/wp\/v2\/product\/5688","targetHints":{"allow":["GET"]}}],"collection":[{"href":"https:\/\/educaredigital.online\/loja\/wp-json\/wp\/v2\/product"}],"about":[{"href":"https:\/\/educaredigital.online\/loja\/wp-json\/wp\/v2\/types\/product"}],"replies":[{"embeddable":true,"href":"https:\/\/educaredigital.online\/loja\/wp-json\/wp\/v2\/comments?post=5688"}],"wp:featuredmedia":[{"embeddable":true,"href":"https:\/\/educaredigital.online\/loja\/wp-json\/wp\/v2\/media\/5687"}],"wp:attachment":[{"href":"https:\/\/educaredigital.online\/loja\/wp-json\/wp\/v2\/media?parent=5688"}],"wp:term":[{"taxonomy":"product_brand","embeddable":true,"href":"https:\/\/educaredigital.online\/loja\/wp-json\/wp\/v2\/product_brand?post=5688"},{"taxonomy":"product_cat","embeddable":true,"href":"https:\/\/educaredigital.online\/loja\/wp-json\/wp\/v2\/product_cat?post=5688"},{"taxonomy":"product_tag","embeddable":true,"href":"https:\/\/educaredigital.online\/loja\/wp-json\/wp\/v2\/product_tag?post=5688"}],"curies":[{"name":"wp","href":"https:\/\/api.w.org\/{rel}","templated":true}]}}