{"id":5686,"date":"2026-03-27T12:06:37","date_gmt":"2026-03-27T12:06:37","guid":{"rendered":"https:\/\/educaredigital.online\/loja\/produto\/eu-posso-ser-um-detetive-de-dinossauros\/"},"modified":"2026-04-09T14:17:19","modified_gmt":"2026-04-09T14:17:19","slug":"eu-posso-ser-um-detetive-de-dinossauros","status":"publish","type":"product","link":"https:\/\/educaredigital.online\/loja\/produto\/eu-posso-ser-um-detetive-de-dinossauros\/","title":{"rendered":"Eu posso ser um: Detetive de Dinossauros"},"content":{"rendered":"<div class=\"details-table-wrapper\">\n<p data-start=\"0\" data-end=\"285\"><strong><span class=\"hover:entity-accent entity-underline inline cursor-pointer align-baseline\"><span class=\"whitespace-normal\">Eu Posso Ser um: Detetive de Dinossauros<\/span><\/span> <\/strong>convida as crian\u00e7as a embarcarem em uma aventura cheia de descobertas pelo mundo dos dinossauros. De forma l\u00fadica, a obra apresenta o trabalho de investiga\u00e7\u00e3o e explora\u00e7\u00e3o, despertando a curiosidade sobre f\u00f3sseis e o passado pr\u00e9-hist\u00f3rico.<\/p>\n<p data-start=\"287\" data-end=\"535\" data-is-last-node=\"\" data-is-only-node=\"\">Com linguagem simples e ilustra\u00e7\u00f5es divertidas, o livro estimula a imagina\u00e7\u00e3o, o racioc\u00ednio e o interesse pela ci\u00eancia. Ideal para pequenos exploradores, \u00e9 uma excelente forma de aprender brincando e descobrir o fascinante universo dos dinossauros.<\/p>\n<table class=\"product-details-table\">\n<tbody>\n<tr>\n<td>Autor<\/td>\n<td>Anna Claybourne<\/td>\n<\/tr>\n<tr>\n<td>ISBN<\/td>\n<td>9786558886877<\/td>\n<\/tr>\n<tr>\n<td>Editora<\/td>\n<td>P\u00e9 da Letra<\/td>\n<\/tr>\n<tr>\n<td>N\u00ba de p\u00e1ginas<\/td>\n<td>64<\/td>\n<\/tr>\n<\/tbody>\n<\/table>\n<\/div>\n","protected":false},"excerpt":{"rendered":"<p>Eu Posso Ser um: Detetive de Dinossauros convida as crian\u00e7as a embarcarem em uma aventura cheia de descobertas pelo mundo dos dinossauros. De forma l\u00fadica, a obra apresenta o trabalho de investiga\u00e7\u00e3o e explora\u00e7\u00e3o, despertando a curiosidade sobre f\u00f3sseis e<\/p>\n","protected":false},"featured_media":5685,"comment_status":"open","ping_status":"closed","template":"","meta":[],"product_brand":[],"product_cat":[205],"product_tag":[],"class_list":{"0":"post-5686","1":"product","2":"type-product","3":"status-publish","6":"product_cat-fundamental-4-ao-5","8":"first","9":"instock","10":"shipping-taxable","11":"purchasable","12":"product-type-simple"},"_links":{"self":[{"href":"https:\/\/educaredigital.online\/loja\/wp-json\/wp\/v2\/product\/5686","targetHints":{"allow":["GET"]}}],"collection":[{"href":"https:\/\/educaredigital.online\/loja\/wp-json\/wp\/v2\/product"}],"about":[{"href":"https:\/\/educaredigital.online\/loja\/wp-json\/wp\/v2\/types\/product"}],"replies":[{"embeddable":true,"href":"https:\/\/educaredigital.online\/loja\/wp-json\/wp\/v2\/comments?post=5686"}],"wp:featuredmedia":[{"embeddable":true,"href":"https:\/\/educaredigital.online\/loja\/wp-json\/wp\/v2\/media\/5685"}],"wp:attachment":[{"href":"https:\/\/educaredigital.online\/loja\/wp-json\/wp\/v2\/media?parent=5686"}],"wp:term":[{"taxonomy":"product_brand","embeddable":true,"href":"https:\/\/educaredigital.online\/loja\/wp-json\/wp\/v2\/product_brand?post=5686"},{"taxonomy":"product_cat","embeddable":true,"href":"https:\/\/educaredigital.online\/loja\/wp-json\/wp\/v2\/product_cat?post=5686"},{"taxonomy":"product_tag","embeddable":true,"href":"https:\/\/educaredigital.online\/loja\/wp-json\/wp\/v2\/product_tag?post=5686"}],"curies":[{"name":"wp","href":"https:\/\/api.w.org\/{rel}","templated":true}]}}